{"id":6462,"date":"2020-10-17T21:31:23","date_gmt":"2020-10-17T19:54:41","guid":{"rendered":"https:\/\/www.sunroom.it\/prodotto\/skuro-sikuro\/"},"modified":"2023-05-09T19:14:15","modified_gmt":"2023-05-09T17:14:15","slug":"skuro-sikuro","status":"publish","type":"product","link":"https:\/\/www.sunroom.it\/de\/produkte\/skuro-sikuro\/","title":{"rendered":"Skuro Sikuro"},"content":{"rendered":"<p>Eine praktische L\u00f6sung f\u00fcr maximalen Komfort in gro\u00dfen und kleinen R\u00e4umen! Skuro Sikuro ist ein <strong>Verdunklungssystem<\/strong>, das sich durch seine Sicherheit, seine Flexibilit\u00e4t und das ansprechende Design auszeichnet und mit dem kleine und gro\u00dfe \u00d6ffnungen vor Sonneneinstrahlung und Witterungseinfl\u00fcssen gesch\u00fctzt werden k\u00f6nnen.<\/p>\n<p>F\u00fcr ein elegantes und harmonisches Design und eine perfekte Abstimmung von Skuro Sikuro auf das Geb\u00e4ude kann eine Lackierung in jeder <strong>beliebigen Farbe<\/strong> gew\u00e4hlt werden, einschlie\u00dflich Lackierungen in <strong>Holz- und Stahloptik<\/strong>.<\/p>\n<p>Die Elemente aus <strong>extrudiertem Aluminium<\/strong> sind in<strong> drei verschiedenen Abmessungen<\/strong> erh\u00e4ltlich und haben einen Kern aus isolierendem Material, das zur Schalld\u00e4mmung des Produkts beitr\u00e4gt. Mit Skuro Sikuro ist jeder Raum<strong> gesch\u00fctzt und sicher<\/strong>.<\/p>\n","protected":false},"excerpt":{"rendered":"<p>Eine praktische L\u00f6sung f\u00fcr maximalen Komfort in gro\u00dfen und kleinen R\u00e4umen! Skuro Sikuro ist ein Verdunklungssystem, das sich durch seine Sicherheit, seine Flexibilit\u00e4t und das ansprechende Design auszeichnet und mit dem kleine und gro\u00dfe \u00d6ffnungen vor Sonneneinstrahlung und Witterungseinfl\u00fcssen gesch\u00fctzt werden k\u00f6nnen. F\u00fcr ein elegantes und harmonisches Design und eine perfekte Abstimmung von Skuro SikuroLeggi di pi\u00f9<\/p>\n","protected":false},"featured_media":3045,"comment_status":"closed","ping_status":"closed","template":"","meta":{"_acf_changed":false},"product_brand":[],"product_cat":[141,242],"product_tag":[],"class_list":{"0":"post-6462","1":"product","2":"type-product","3":"status-publish","4":"has-post-thumbnail","6":"product_cat-produkte","7":"product_cat-verdunklungssysteme","8":"cat-product-privati-balconi-e-facciate-de","9":"cat-product-privati-privati-de","11":"first","12":"instock","13":"product-type-simple"},"acf":[],"yoast_head":"<!-- This site is optimized with the Yoast SEO plugin v27.1 - https:\/\/yoast.com\/product\/yoast-seo-wordpress\/ -->\n<title>Skuro Sikuro - Sunroom<\/title>\n<meta name=\"robots\" content=\"index, follow, max-snippet:-1, max-image-preview:large, max-video-preview:-1\" \/>\n<link rel=\"canonical\" href=\"https:\/\/www.sunroom.it\/it\/produkte\/skuro-sikuro\/\" \/>\n<meta property=\"og:locale\" content=\"de_DE\" \/>\n<meta property=\"og:type\" content=\"article\" \/>\n<meta property=\"og:title\" content=\"Skuro Sikuro - Sunroom\" \/>\n<meta property=\"og:description\" content=\"Eine praktische L\u00f6sung f\u00fcr maximalen Komfort in gro\u00dfen und kleinen R\u00e4umen! Skuro Sikuro ist ein Verdunklungssystem, das sich durch seine Sicherheit, seine Flexibilit\u00e4t und das ansprechende Design auszeichnet und mit dem kleine und gro\u00dfe \u00d6ffnungen vor Sonneneinstrahlung und Witterungseinfl\u00fcssen gesch\u00fctzt werden k\u00f6nnen. F\u00fcr ein elegantes und harmonisches Design und eine perfekte Abstimmung von Skuro SikuroLeggi di pi\u00f9\" \/>\n<meta property=\"og:url\" content=\"https:\/\/www.sunroom.it\/it\/produkte\/skuro-sikuro\/\" \/>\n<meta property=\"og:site_name\" content=\"Sunroom\" \/>\n<meta property=\"article:modified_time\" content=\"2023-05-09T17:14:15+00:00\" \/>\n<meta property=\"og:image\" content=\"https:\/\/www.sunroom.it\/wp-content\/uploads\/2020\/06\/SKURO-SIKURO_1500X1300_LIMBO.jpg\" \/>\n\t<meta property=\"og:image:width\" content=\"1500\" \/>\n\t<meta property=\"og:image:height\" content=\"1300\" \/>\n\t<meta property=\"og:image:type\" content=\"image\/jpeg\" \/>\n<meta name=\"twitter:card\" content=\"summary_large_image\" \/>\n<meta name=\"twitter:label1\" content=\"Gesch\u00e4tzte Lesezeit\" \/>\n\t<meta name=\"twitter:data1\" content=\"1\u00a0Minute\" \/>\n<script type=\"application\/ld+json\" class=\"yoast-schema-graph\">{\"@context\":\"https:\/\/schema.org\",\"@graph\":[{\"@type\":\"WebPage\",\"@id\":\"https:\/\/www.sunroom.it\/it\/produkte\/skuro-sikuro\/\",\"url\":\"https:\/\/www.sunroom.it\/it\/produkte\/skuro-sikuro\/\",\"name\":\"Skuro Sikuro - Sunroom\",\"isPartOf\":{\"@id\":\"https:\/\/www.sunroom.it\/it\/#website\"},\"primaryImageOfPage\":{\"@id\":\"https:\/\/www.sunroom.it\/it\/produkte\/skuro-sikuro\/#primaryimage\"},\"image\":{\"@id\":\"https:\/\/www.sunroom.it\/it\/produkte\/skuro-sikuro\/#primaryimage\"},\"thumbnailUrl\":\"https:\/\/www.sunroom.it\/wp-content\/uploads\/2020\/06\/SKURO-SIKURO_1500X1300_LIMBO.jpg\",\"datePublished\":\"2020-10-17T19:54:41+00:00\",\"dateModified\":\"2023-05-09T17:14:15+00:00\",\"breadcrumb\":{\"@id\":\"https:\/\/www.sunroom.it\/it\/produkte\/skuro-sikuro\/#breadcrumb\"},\"inLanguage\":\"de\",\"potentialAction\":[{\"@type\":\"ReadAction\",\"target\":[\"https:\/\/www.sunroom.it\/it\/produkte\/skuro-sikuro\/\"]}]},{\"@type\":\"ImageObject\",\"inLanguage\":\"de\",\"@id\":\"https:\/\/www.sunroom.it\/it\/produkte\/skuro-sikuro\/#primaryimage\",\"url\":\"https:\/\/www.sunroom.it\/wp-content\/uploads\/2020\/06\/SKURO-SIKURO_1500X1300_LIMBO.jpg\",\"contentUrl\":\"https:\/\/www.sunroom.it\/wp-content\/uploads\/2020\/06\/SKURO-SIKURO_1500X1300_LIMBO.jpg\",\"width\":1500,\"height\":1300},{\"@type\":\"BreadcrumbList\",\"@id\":\"https:\/\/www.sunroom.it\/it\/produkte\/skuro-sikuro\/#breadcrumb\",\"itemListElement\":[{\"@type\":\"ListItem\",\"position\":1,\"name\":\"Home\",\"item\":\"https:\/\/www.sunroom.it\/de\/\"},{\"@type\":\"ListItem\",\"position\":2,\"name\":\"Shop\",\"item\":\"https:\/\/www.sunroom.it\/de\/shop\/\"},{\"@type\":\"ListItem\",\"position\":3,\"name\":\"Skuro Sikuro\"}]},{\"@type\":\"WebSite\",\"@id\":\"https:\/\/www.sunroom.it\/it\/#website\",\"url\":\"https:\/\/www.sunroom.it\/it\/\",\"name\":\"Sunroom\",\"description\":\"Sunroom\",\"publisher\":{\"@id\":\"https:\/\/www.sunroom.it\/it\/#organization\"},\"potentialAction\":[{\"@type\":\"SearchAction\",\"target\":{\"@type\":\"EntryPoint\",\"urlTemplate\":\"https:\/\/www.sunroom.it\/it\/?s={search_term_string}\"},\"query-input\":{\"@type\":\"PropertyValueSpecification\",\"valueRequired\":true,\"valueName\":\"search_term_string\"}}],\"inLanguage\":\"de\"},{\"@type\":\"Organization\",\"@id\":\"https:\/\/www.sunroom.it\/it\/#organization\",\"name\":\"Sunroom\",\"url\":\"https:\/\/www.sunroom.it\/it\/\",\"logo\":{\"@type\":\"ImageObject\",\"inLanguage\":\"de\",\"@id\":\"https:\/\/www.sunroom.it\/it\/#\/schema\/logo\/image\/\",\"url\":\"https:\/\/www.sunroom.it\/wp-content\/uploads\/2021\/07\/sunroom_260x70px.png\",\"contentUrl\":\"https:\/\/www.sunroom.it\/wp-content\/uploads\/2021\/07\/sunroom_260x70px.png\",\"width\":260,\"height\":70,\"caption\":\"Sunroom\"},\"image\":{\"@id\":\"https:\/\/www.sunroom.it\/it\/#\/schema\/logo\/image\/\"}}]}<\/script>\n<!-- \/ Yoast SEO plugin. -->","yoast_head_json":{"title":"Skuro Sikuro - Sunroom","robots":{"index":"index","follow":"follow","max-snippet":"max-snippet:-1","max-image-preview":"max-image-preview:large","max-video-preview":"max-video-preview:-1"},"canonical":"https:\/\/www.sunroom.it\/it\/produkte\/skuro-sikuro\/","og_locale":"de_DE","og_type":"article","og_title":"Skuro Sikuro - Sunroom","og_description":"Eine praktische L\u00f6sung f\u00fcr maximalen Komfort in gro\u00dfen und kleinen R\u00e4umen! Skuro Sikuro ist ein Verdunklungssystem, das sich durch seine Sicherheit, seine Flexibilit\u00e4t und das ansprechende Design auszeichnet und mit dem kleine und gro\u00dfe \u00d6ffnungen vor Sonneneinstrahlung und Witterungseinfl\u00fcssen gesch\u00fctzt werden k\u00f6nnen. F\u00fcr ein elegantes und harmonisches Design und eine perfekte Abstimmung von Skuro SikuroLeggi di pi\u00f9","og_url":"https:\/\/www.sunroom.it\/it\/produkte\/skuro-sikuro\/","og_site_name":"Sunroom","article_modified_time":"2023-05-09T17:14:15+00:00","og_image":[{"width":1500,"height":1300,"url":"https:\/\/www.sunroom.it\/wp-content\/uploads\/2020\/06\/SKURO-SIKURO_1500X1300_LIMBO.jpg","type":"image\/jpeg"}],"twitter_card":"summary_large_image","twitter_misc":{"Gesch\u00e4tzte Lesezeit":"1\u00a0Minute"},"schema":{"@context":"https:\/\/schema.org","@graph":[{"@type":"WebPage","@id":"https:\/\/www.sunroom.it\/it\/produkte\/skuro-sikuro\/","url":"https:\/\/www.sunroom.it\/it\/produkte\/skuro-sikuro\/","name":"Skuro Sikuro - Sunroom","isPartOf":{"@id":"https:\/\/www.sunroom.it\/it\/#website"},"primaryImageOfPage":{"@id":"https:\/\/www.sunroom.it\/it\/produkte\/skuro-sikuro\/#primaryimage"},"image":{"@id":"https:\/\/www.sunroom.it\/it\/produkte\/skuro-sikuro\/#primaryimage"},"thumbnailUrl":"https:\/\/www.sunroom.it\/wp-content\/uploads\/2020\/06\/SKURO-SIKURO_1500X1300_LIMBO.jpg","datePublished":"2020-10-17T19:54:41+00:00","dateModified":"2023-05-09T17:14:15+00:00","breadcrumb":{"@id":"https:\/\/www.sunroom.it\/it\/produkte\/skuro-sikuro\/#breadcrumb"},"inLanguage":"de","potentialAction":[{"@type":"ReadAction","target":["https:\/\/www.sunroom.it\/it\/produkte\/skuro-sikuro\/"]}]},{"@type":"ImageObject","inLanguage":"de","@id":"https:\/\/www.sunroom.it\/it\/produkte\/skuro-sikuro\/#primaryimage","url":"https:\/\/www.sunroom.it\/wp-content\/uploads\/2020\/06\/SKURO-SIKURO_1500X1300_LIMBO.jpg","contentUrl":"https:\/\/www.sunroom.it\/wp-content\/uploads\/2020\/06\/SKURO-SIKURO_1500X1300_LIMBO.jpg","width":1500,"height":1300},{"@type":"BreadcrumbList","@id":"https:\/\/www.sunroom.it\/it\/produkte\/skuro-sikuro\/#breadcrumb","itemListElement":[{"@type":"ListItem","position":1,"name":"Home","item":"https:\/\/www.sunroom.it\/de\/"},{"@type":"ListItem","position":2,"name":"Shop","item":"https:\/\/www.sunroom.it\/de\/shop\/"},{"@type":"ListItem","position":3,"name":"Skuro Sikuro"}]},{"@type":"WebSite","@id":"https:\/\/www.sunroom.it\/it\/#website","url":"https:\/\/www.sunroom.it\/it\/","name":"Sunroom","description":"Sunroom","publisher":{"@id":"https:\/\/www.sunroom.it\/it\/#organization"},"potentialAction":[{"@type":"SearchAction","target":{"@type":"EntryPoint","urlTemplate":"https:\/\/www.sunroom.it\/it\/?s={search_term_string}"},"query-input":{"@type":"PropertyValueSpecification","valueRequired":true,"valueName":"search_term_string"}}],"inLanguage":"de"},{"@type":"Organization","@id":"https:\/\/www.sunroom.it\/it\/#organization","name":"Sunroom","url":"https:\/\/www.sunroom.it\/it\/","logo":{"@type":"ImageObject","inLanguage":"de","@id":"https:\/\/www.sunroom.it\/it\/#\/schema\/logo\/image\/","url":"https:\/\/www.sunroom.it\/wp-content\/uploads\/2021\/07\/sunroom_260x70px.png","contentUrl":"https:\/\/www.sunroom.it\/wp-content\/uploads\/2021\/07\/sunroom_260x70px.png","width":260,"height":70,"caption":"Sunroom"},"image":{"@id":"https:\/\/www.sunroom.it\/it\/#\/schema\/logo\/image\/"}}]}},"_links":{"self":[{"href":"https:\/\/www.sunroom.it\/de\/wp-json\/wp\/v2\/product\/6462","targetHints":{"allow":["GET"]}}],"collection":[{"href":"https:\/\/www.sunroom.it\/de\/wp-json\/wp\/v2\/product"}],"about":[{"href":"https:\/\/www.sunroom.it\/de\/wp-json\/wp\/v2\/types\/product"}],"replies":[{"embeddable":true,"href":"https:\/\/www.sunroom.it\/de\/wp-json\/wp\/v2\/comments?post=6462"}],"wp:featuredmedia":[{"embeddable":true,"href":"https:\/\/www.sunroom.it\/de\/wp-json\/wp\/v2\/media\/3045"}],"wp:attachment":[{"href":"https:\/\/www.sunroom.it\/de\/wp-json\/wp\/v2\/media?parent=6462"}],"wp:term":[{"taxonomy":"product_brand","embeddable":true,"href":"https:\/\/www.sunroom.it\/de\/wp-json\/wp\/v2\/product_brand?post=6462"},{"taxonomy":"product_cat","embeddable":true,"href":"https:\/\/www.sunroom.it\/de\/wp-json\/wp\/v2\/product_cat?post=6462"},{"taxonomy":"product_tag","embeddable":true,"href":"https:\/\/www.sunroom.it\/de\/wp-json\/wp\/v2\/product_tag?post=6462"}],"curies":[{"name":"wp","href":"https:\/\/api.w.org\/{rel}","templated":true}]}}