{"id":6456,"date":"2020-10-17T21:31:23","date_gmt":"2020-10-17T19:54:41","guid":{"rendered":"https:\/\/www.sunroom.it\/prodotto\/oskura-waterproof\/"},"modified":"2023-05-09T19:25:11","modified_gmt":"2023-05-09T17:25:11","slug":"oskura-waterproof","status":"publish","type":"product","link":"https:\/\/www.sunroom.it\/de\/produkte\/oskura-waterproof\/","title":{"rendered":"Oskura 2.0-XL"},"content":{"rendered":"<p>Oskura Waterproof ist ein exklusives <strong>bioklimatisches Lamellendach, das komplett ge\u00f6ffnet werden kann<\/strong> und mit seinen <strong>schiebbaren Lamellen<\/strong> f\u00fcr maximalen Komfort und Vielseitigkeit garantiert, damit Sie sich den Luxus g\u00f6nnen k\u00f6nnen, mitten in der Natur zu wohnen. Das System ist <strong>in Europa patentiert<\/strong> und eine Garantie f\u00fcr Zuverl\u00e4ssigkeit und Sicherheit auf lange Sicht.<\/p>\n<p>Dank des <strong>Sonnenschutzsystems<\/strong> lassen sich mit Oskura <strong>der Sonnenlichteinfall und die W\u00e4rme<\/strong> je nach Jahreszeit und den pers\u00f6nlichen Bed\u00fcrfnissen regulieren, um das <strong>ideale<\/strong> <strong>Bioklima im Raum<\/strong> zu schaffen. \u00a0Wenn Sie auf der Suche nach einer Konstruktion sind, die sich harmonisch in die nat\u00fcrliche Umgebung einf\u00fcgt, dann ist Oskura die perfekte Wahl. Das Lamellendach schafft mit seiner intelligenten Architektur eine Wohlf\u00fchloase in der Natur und gestaltet die R\u00e4ume, sodass Sie <strong>das ganze Jahr \u00fcber ein einzigartiges Wohlf\u00fchlgef\u00fchl und unvergleichlichen Komfort<\/strong> genie\u00dfen k\u00f6nnen.<\/p>\n<p>Sie k\u00f6nnen ihr bioklimatisches Lamellendach mit einer <strong>LED-Beleuchtung<\/strong>, einer <strong>umlaufenden Verglasung<\/strong> oder <strong>Klimasensoren<\/strong> <strong>personalisieren<\/strong>. Oskura ist ideal f\u00fcr Ihren Garten, Ihre Terrasse oder die Gestaltung beliebiger anderer R\u00e4ume und in zwei Versionen erh\u00e4ltlich, je nach Abmessungen des Dachs.<\/p>\n","protected":false},"excerpt":{"rendered":"<p>Oskura Waterproof ist ein exklusives bioklimatisches Lamellendach, das komplett ge\u00f6ffnet werden kann und mit seinen schiebbaren Lamellen f\u00fcr maximalen Komfort und Vielseitigkeit garantiert, damit Sie sich den Luxus g\u00f6nnen k\u00f6nnen, mitten in der Natur zu wohnen. Das System ist in Europa patentiert und eine Garantie f\u00fcr Zuverl\u00e4ssigkeit und Sicherheit auf lange Sicht. Dank des SonnenschutzsystemsLeggi di pi\u00f9<\/p>\n","protected":false},"featured_media":1239,"comment_status":"closed","ping_status":"closed","template":"","meta":{"_acf_changed":false},"product_brand":[],"product_cat":[142,141],"product_tag":[],"class_list":{"0":"post-6456","1":"product","2":"type-product","3":"status-publish","4":"has-post-thumbnail","6":"product_cat-bioklimatische-lamellendaecher","7":"product_cat-produkte","8":"cat-product-privati-balconi-e-facciate-de","9":"cat-product-privati-giardino-e-piscina-de","10":"cat-product-privati-privati-de","11":"cat-product-contract-bar-de","12":"cat-product-contract-contract-de","13":"cat-product-contract-gelaterie-de","14":"cat-product-contract-hotel-de","15":"cat-product-contract-restaurants","16":"cat-product-contract-stabilimenti-balneari-de","18":"first","19":"instock","20":"product-type-simple"},"acf":[],"yoast_head":"<!-- This site is optimized with the Yoast SEO plugin v27.1 - https:\/\/yoast.com\/product\/yoast-seo-wordpress\/ -->\n<title>Oskura 2.0-XL - Sunroom<\/title>\n<meta name=\"robots\" content=\"index, follow, max-snippet:-1, max-image-preview:large, max-video-preview:-1\" \/>\n<link rel=\"canonical\" href=\"https:\/\/www.sunroom.it\/it\/produkte\/oskura-waterproof\/\" \/>\n<meta property=\"og:locale\" content=\"de_DE\" \/>\n<meta property=\"og:type\" content=\"article\" \/>\n<meta property=\"og:title\" content=\"Oskura 2.0-XL - Sunroom\" \/>\n<meta property=\"og:description\" content=\"Oskura Waterproof ist ein exklusives bioklimatisches Lamellendach, das komplett ge\u00f6ffnet werden kann und mit seinen schiebbaren Lamellen f\u00fcr maximalen Komfort und Vielseitigkeit garantiert, damit Sie sich den Luxus g\u00f6nnen k\u00f6nnen, mitten in der Natur zu wohnen. Das System ist in Europa patentiert und eine Garantie f\u00fcr Zuverl\u00e4ssigkeit und Sicherheit auf lange Sicht. Dank des SonnenschutzsystemsLeggi di pi\u00f9\" \/>\n<meta property=\"og:url\" content=\"https:\/\/www.sunroom.it\/it\/produkte\/oskura-waterproof\/\" \/>\n<meta property=\"og:site_name\" content=\"Sunroom\" \/>\n<meta property=\"article:modified_time\" content=\"2023-05-09T17:25:11+00:00\" \/>\n<meta property=\"og:image\" content=\"https:\/\/www.sunroom.it\/wp-content\/uploads\/2020\/07\/OSKURA-WP_1500x1300_LIMBO.jpg\" \/>\n\t<meta property=\"og:image:width\" content=\"1500\" \/>\n\t<meta property=\"og:image:height\" content=\"1300\" \/>\n\t<meta property=\"og:image:type\" content=\"image\/jpeg\" \/>\n<meta name=\"twitter:card\" content=\"summary_large_image\" \/>\n<meta name=\"twitter:label1\" content=\"Gesch\u00e4tzte Lesezeit\" \/>\n\t<meta name=\"twitter:data1\" content=\"1\u00a0Minute\" \/>\n<script type=\"application\/ld+json\" class=\"yoast-schema-graph\">{\"@context\":\"https:\/\/schema.org\",\"@graph\":[{\"@type\":\"WebPage\",\"@id\":\"https:\/\/www.sunroom.it\/it\/produkte\/oskura-waterproof\/\",\"url\":\"https:\/\/www.sunroom.it\/it\/produkte\/oskura-waterproof\/\",\"name\":\"Oskura 2.0-XL - Sunroom\",\"isPartOf\":{\"@id\":\"https:\/\/www.sunroom.it\/it\/#website\"},\"primaryImageOfPage\":{\"@id\":\"https:\/\/www.sunroom.it\/it\/produkte\/oskura-waterproof\/#primaryimage\"},\"image\":{\"@id\":\"https:\/\/www.sunroom.it\/it\/produkte\/oskura-waterproof\/#primaryimage\"},\"thumbnailUrl\":\"https:\/\/www.sunroom.it\/wp-content\/uploads\/2020\/07\/OSKURA-WP_1500x1300_LIMBO.jpg\",\"datePublished\":\"2020-10-17T19:54:41+00:00\",\"dateModified\":\"2023-05-09T17:25:11+00:00\",\"breadcrumb\":{\"@id\":\"https:\/\/www.sunroom.it\/it\/produkte\/oskura-waterproof\/#breadcrumb\"},\"inLanguage\":\"de\",\"potentialAction\":[{\"@type\":\"ReadAction\",\"target\":[\"https:\/\/www.sunroom.it\/it\/produkte\/oskura-waterproof\/\"]}]},{\"@type\":\"ImageObject\",\"inLanguage\":\"de\",\"@id\":\"https:\/\/www.sunroom.it\/it\/produkte\/oskura-waterproof\/#primaryimage\",\"url\":\"https:\/\/www.sunroom.it\/wp-content\/uploads\/2020\/07\/OSKURA-WP_1500x1300_LIMBO.jpg\",\"contentUrl\":\"https:\/\/www.sunroom.it\/wp-content\/uploads\/2020\/07\/OSKURA-WP_1500x1300_LIMBO.jpg\",\"width\":1500,\"height\":1300},{\"@type\":\"BreadcrumbList\",\"@id\":\"https:\/\/www.sunroom.it\/it\/produkte\/oskura-waterproof\/#breadcrumb\",\"itemListElement\":[{\"@type\":\"ListItem\",\"position\":1,\"name\":\"Home\",\"item\":\"https:\/\/www.sunroom.it\/de\/\"},{\"@type\":\"ListItem\",\"position\":2,\"name\":\"Shop\",\"item\":\"https:\/\/www.sunroom.it\/de\/shop\/\"},{\"@type\":\"ListItem\",\"position\":3,\"name\":\"Oskura 2.0-XL\"}]},{\"@type\":\"WebSite\",\"@id\":\"https:\/\/www.sunroom.it\/it\/#website\",\"url\":\"https:\/\/www.sunroom.it\/it\/\",\"name\":\"Sunroom\",\"description\":\"Sunroom\",\"publisher\":{\"@id\":\"https:\/\/www.sunroom.it\/it\/#organization\"},\"potentialAction\":[{\"@type\":\"SearchAction\",\"target\":{\"@type\":\"EntryPoint\",\"urlTemplate\":\"https:\/\/www.sunroom.it\/it\/?s={search_term_string}\"},\"query-input\":{\"@type\":\"PropertyValueSpecification\",\"valueRequired\":true,\"valueName\":\"search_term_string\"}}],\"inLanguage\":\"de\"},{\"@type\":\"Organization\",\"@id\":\"https:\/\/www.sunroom.it\/it\/#organization\",\"name\":\"Sunroom\",\"url\":\"https:\/\/www.sunroom.it\/it\/\",\"logo\":{\"@type\":\"ImageObject\",\"inLanguage\":\"de\",\"@id\":\"https:\/\/www.sunroom.it\/it\/#\/schema\/logo\/image\/\",\"url\":\"https:\/\/www.sunroom.it\/wp-content\/uploads\/2021\/07\/sunroom_260x70px.png\",\"contentUrl\":\"https:\/\/www.sunroom.it\/wp-content\/uploads\/2021\/07\/sunroom_260x70px.png\",\"width\":260,\"height\":70,\"caption\":\"Sunroom\"},\"image\":{\"@id\":\"https:\/\/www.sunroom.it\/it\/#\/schema\/logo\/image\/\"}}]}<\/script>\n<!-- \/ Yoast SEO plugin. -->","yoast_head_json":{"title":"Oskura 2.0-XL - Sunroom","robots":{"index":"index","follow":"follow","max-snippet":"max-snippet:-1","max-image-preview":"max-image-preview:large","max-video-preview":"max-video-preview:-1"},"canonical":"https:\/\/www.sunroom.it\/it\/produkte\/oskura-waterproof\/","og_locale":"de_DE","og_type":"article","og_title":"Oskura 2.0-XL - Sunroom","og_description":"Oskura Waterproof ist ein exklusives bioklimatisches Lamellendach, das komplett ge\u00f6ffnet werden kann und mit seinen schiebbaren Lamellen f\u00fcr maximalen Komfort und Vielseitigkeit garantiert, damit Sie sich den Luxus g\u00f6nnen k\u00f6nnen, mitten in der Natur zu wohnen. Das System ist in Europa patentiert und eine Garantie f\u00fcr Zuverl\u00e4ssigkeit und Sicherheit auf lange Sicht. Dank des SonnenschutzsystemsLeggi di pi\u00f9","og_url":"https:\/\/www.sunroom.it\/it\/produkte\/oskura-waterproof\/","og_site_name":"Sunroom","article_modified_time":"2023-05-09T17:25:11+00:00","og_image":[{"width":1500,"height":1300,"url":"https:\/\/www.sunroom.it\/wp-content\/uploads\/2020\/07\/OSKURA-WP_1500x1300_LIMBO.jpg","type":"image\/jpeg"}],"twitter_card":"summary_large_image","twitter_misc":{"Gesch\u00e4tzte Lesezeit":"1\u00a0Minute"},"schema":{"@context":"https:\/\/schema.org","@graph":[{"@type":"WebPage","@id":"https:\/\/www.sunroom.it\/it\/produkte\/oskura-waterproof\/","url":"https:\/\/www.sunroom.it\/it\/produkte\/oskura-waterproof\/","name":"Oskura 2.0-XL - Sunroom","isPartOf":{"@id":"https:\/\/www.sunroom.it\/it\/#website"},"primaryImageOfPage":{"@id":"https:\/\/www.sunroom.it\/it\/produkte\/oskura-waterproof\/#primaryimage"},"image":{"@id":"https:\/\/www.sunroom.it\/it\/produkte\/oskura-waterproof\/#primaryimage"},"thumbnailUrl":"https:\/\/www.sunroom.it\/wp-content\/uploads\/2020\/07\/OSKURA-WP_1500x1300_LIMBO.jpg","datePublished":"2020-10-17T19:54:41+00:00","dateModified":"2023-05-09T17:25:11+00:00","breadcrumb":{"@id":"https:\/\/www.sunroom.it\/it\/produkte\/oskura-waterproof\/#breadcrumb"},"inLanguage":"de","potentialAction":[{"@type":"ReadAction","target":["https:\/\/www.sunroom.it\/it\/produkte\/oskura-waterproof\/"]}]},{"@type":"ImageObject","inLanguage":"de","@id":"https:\/\/www.sunroom.it\/it\/produkte\/oskura-waterproof\/#primaryimage","url":"https:\/\/www.sunroom.it\/wp-content\/uploads\/2020\/07\/OSKURA-WP_1500x1300_LIMBO.jpg","contentUrl":"https:\/\/www.sunroom.it\/wp-content\/uploads\/2020\/07\/OSKURA-WP_1500x1300_LIMBO.jpg","width":1500,"height":1300},{"@type":"BreadcrumbList","@id":"https:\/\/www.sunroom.it\/it\/produkte\/oskura-waterproof\/#breadcrumb","itemListElement":[{"@type":"ListItem","position":1,"name":"Home","item":"https:\/\/www.sunroom.it\/de\/"},{"@type":"ListItem","position":2,"name":"Shop","item":"https:\/\/www.sunroom.it\/de\/shop\/"},{"@type":"ListItem","position":3,"name":"Oskura 2.0-XL"}]},{"@type":"WebSite","@id":"https:\/\/www.sunroom.it\/it\/#website","url":"https:\/\/www.sunroom.it\/it\/","name":"Sunroom","description":"Sunroom","publisher":{"@id":"https:\/\/www.sunroom.it\/it\/#organization"},"potentialAction":[{"@type":"SearchAction","target":{"@type":"EntryPoint","urlTemplate":"https:\/\/www.sunroom.it\/it\/?s={search_term_string}"},"query-input":{"@type":"PropertyValueSpecification","valueRequired":true,"valueName":"search_term_string"}}],"inLanguage":"de"},{"@type":"Organization","@id":"https:\/\/www.sunroom.it\/it\/#organization","name":"Sunroom","url":"https:\/\/www.sunroom.it\/it\/","logo":{"@type":"ImageObject","inLanguage":"de","@id":"https:\/\/www.sunroom.it\/it\/#\/schema\/logo\/image\/","url":"https:\/\/www.sunroom.it\/wp-content\/uploads\/2021\/07\/sunroom_260x70px.png","contentUrl":"https:\/\/www.sunroom.it\/wp-content\/uploads\/2021\/07\/sunroom_260x70px.png","width":260,"height":70,"caption":"Sunroom"},"image":{"@id":"https:\/\/www.sunroom.it\/it\/#\/schema\/logo\/image\/"}}]}},"_links":{"self":[{"href":"https:\/\/www.sunroom.it\/de\/wp-json\/wp\/v2\/product\/6456","targetHints":{"allow":["GET"]}}],"collection":[{"href":"https:\/\/www.sunroom.it\/de\/wp-json\/wp\/v2\/product"}],"about":[{"href":"https:\/\/www.sunroom.it\/de\/wp-json\/wp\/v2\/types\/product"}],"replies":[{"embeddable":true,"href":"https:\/\/www.sunroom.it\/de\/wp-json\/wp\/v2\/comments?post=6456"}],"wp:featuredmedia":[{"embeddable":true,"href":"https:\/\/www.sunroom.it\/de\/wp-json\/wp\/v2\/media\/1239"}],"wp:attachment":[{"href":"https:\/\/www.sunroom.it\/de\/wp-json\/wp\/v2\/media?parent=6456"}],"wp:term":[{"taxonomy":"product_brand","embeddable":true,"href":"https:\/\/www.sunroom.it\/de\/wp-json\/wp\/v2\/product_brand?post=6456"},{"taxonomy":"product_cat","embeddable":true,"href":"https:\/\/www.sunroom.it\/de\/wp-json\/wp\/v2\/product_cat?post=6456"},{"taxonomy":"product_tag","embeddable":true,"href":"https:\/\/www.sunroom.it\/de\/wp-json\/wp\/v2\/product_tag?post=6456"}],"curies":[{"name":"wp","href":"https:\/\/api.w.org\/{rel}","templated":true}]}}