{"id":6450,"date":"2020-10-17T21:31:23","date_gmt":"2020-10-17T19:54:41","guid":{"rendered":"https:\/\/www.sunroom.it\/prodotto\/oskura-verticale\/"},"modified":"2023-05-09T19:14:35","modified_gmt":"2023-05-09T17:14:35","slug":"oskura-verticale","status":"publish","type":"product","link":"https:\/\/www.sunroom.it\/de\/produkte\/oskura-verticale\/","title":{"rendered":"Oskura Verticale"},"content":{"rendered":"<p><strong>Innovatives <\/strong>und<strong> patentiertes motorisiertes System <\/strong>, das sowohl als <strong>Sonnenschutz<\/strong> dient als auch als <strong>Verdunklungssystem<\/strong> und nicht nur Schutz vor direktem Lichteinfall bietet, sondern auch durch sein ansprechendes und modernes Design besticht. Es ist deshalb ideal, um Ihren Raum vor Wind und Wetter zu sch\u00fctzen und gleichzeitig f\u00fcr viel Tageslicht im Raum zu garantieren.<\/p>\n<p>In der <strong>vertikalen Version<\/strong> sieht Oskura das <strong>Zusammenschieben des Lamellenpakets im oberen Bereich des Rahmens<\/strong> vor, um f\u00fcr minimalen Platzbedarf und maximale <strong>Sicht<\/strong> nach drau\u00dfen zu garantieren.<br \/>\nIn der geschlossenen Position gew\u00e4hrleisten die Lamellen eine <strong>gute Verdunklung<\/strong> und mit dem Verbindungssystem zwischen den Lamellen und den entsprechenden Schienen au\u00dferdem einen guten Einbruchschutz.<\/p>\n<p>Das <strong>System ist immer motorisiert<\/strong> und die Lamellen aus <strong>extrudiertem Aluminium<\/strong> haben einen Kern aus isolierendem Material, das zur Schalld\u00e4mmung des Raums beitr\u00e4gt.<\/p>\n<p>&nbsp;<\/p>\n","protected":false},"excerpt":{"rendered":"<p>Innovatives und patentiertes motorisiertes System , das sowohl als Sonnenschutz dient als auch als Verdunklungssystem und nicht nur Schutz vor direktem Lichteinfall bietet, sondern auch durch sein ansprechendes und modernes Design besticht. Es ist deshalb ideal, um Ihren Raum vor Wind und Wetter zu sch\u00fctzen und gleichzeitig f\u00fcr viel Tageslicht im Raum zu garantieren. InLeggi di pi\u00f9<\/p>\n","protected":false},"featured_media":1491,"comment_status":"closed","ping_status":"closed","template":"","meta":{"_acf_changed":false},"product_brand":[],"product_cat":[141,242],"product_tag":[],"class_list":{"0":"post-6450","1":"product","2":"type-product","3":"status-publish","4":"has-post-thumbnail","6":"product_cat-produkte","7":"product_cat-verdunklungssysteme","8":"cat-product-privati-balconi-e-facciate-de","9":"cat-product-privati-privati-de","10":"cat-product-contract-contract-de","11":"cat-product-contract-hotel-de","13":"first","14":"instock","15":"product-type-simple"},"acf":[],"yoast_head":"<!-- This site is optimized with the Yoast SEO plugin v27.1 - https:\/\/yoast.com\/product\/yoast-seo-wordpress\/ -->\n<title>Oskura Verticale - Sunroom<\/title>\n<meta name=\"robots\" content=\"index, follow, max-snippet:-1, max-image-preview:large, max-video-preview:-1\" \/>\n<link rel=\"canonical\" href=\"https:\/\/www.sunroom.it\/it\/produkte\/oskura-verticale\/\" \/>\n<meta property=\"og:locale\" content=\"de_DE\" \/>\n<meta property=\"og:type\" content=\"article\" \/>\n<meta property=\"og:title\" content=\"Oskura Verticale - Sunroom\" \/>\n<meta property=\"og:description\" content=\"Innovatives und patentiertes motorisiertes System , das sowohl als Sonnenschutz dient als auch als Verdunklungssystem und nicht nur Schutz vor direktem Lichteinfall bietet, sondern auch durch sein ansprechendes und modernes Design besticht. Es ist deshalb ideal, um Ihren Raum vor Wind und Wetter zu sch\u00fctzen und gleichzeitig f\u00fcr viel Tageslicht im Raum zu garantieren. InLeggi di pi\u00f9\" \/>\n<meta property=\"og:url\" content=\"https:\/\/www.sunroom.it\/it\/produkte\/oskura-verticale\/\" \/>\n<meta property=\"og:site_name\" content=\"Sunroom\" \/>\n<meta property=\"article:modified_time\" content=\"2023-05-09T17:14:35+00:00\" \/>\n<meta property=\"og:image\" content=\"https:\/\/www.sunroom.it\/wp-content\/uploads\/2020\/07\/OSKURA-VERTICALE_1500X1300_LIMBO.jpg\" \/>\n\t<meta property=\"og:image:width\" content=\"1500\" \/>\n\t<meta property=\"og:image:height\" content=\"1300\" \/>\n\t<meta property=\"og:image:type\" content=\"image\/jpeg\" \/>\n<meta name=\"twitter:card\" content=\"summary_large_image\" \/>\n<meta name=\"twitter:label1\" content=\"Gesch\u00e4tzte Lesezeit\" \/>\n\t<meta name=\"twitter:data1\" content=\"1\u00a0Minute\" \/>\n<script type=\"application\/ld+json\" class=\"yoast-schema-graph\">{\"@context\":\"https:\/\/schema.org\",\"@graph\":[{\"@type\":\"WebPage\",\"@id\":\"https:\/\/www.sunroom.it\/it\/produkte\/oskura-verticale\/\",\"url\":\"https:\/\/www.sunroom.it\/it\/produkte\/oskura-verticale\/\",\"name\":\"Oskura Verticale - Sunroom\",\"isPartOf\":{\"@id\":\"https:\/\/www.sunroom.it\/it\/#website\"},\"primaryImageOfPage\":{\"@id\":\"https:\/\/www.sunroom.it\/it\/produkte\/oskura-verticale\/#primaryimage\"},\"image\":{\"@id\":\"https:\/\/www.sunroom.it\/it\/produkte\/oskura-verticale\/#primaryimage\"},\"thumbnailUrl\":\"https:\/\/www.sunroom.it\/wp-content\/uploads\/2020\/07\/OSKURA-VERTICALE_1500X1300_LIMBO.jpg\",\"datePublished\":\"2020-10-17T19:54:41+00:00\",\"dateModified\":\"2023-05-09T17:14:35+00:00\",\"breadcrumb\":{\"@id\":\"https:\/\/www.sunroom.it\/it\/produkte\/oskura-verticale\/#breadcrumb\"},\"inLanguage\":\"de\",\"potentialAction\":[{\"@type\":\"ReadAction\",\"target\":[\"https:\/\/www.sunroom.it\/it\/produkte\/oskura-verticale\/\"]}]},{\"@type\":\"ImageObject\",\"inLanguage\":\"de\",\"@id\":\"https:\/\/www.sunroom.it\/it\/produkte\/oskura-verticale\/#primaryimage\",\"url\":\"https:\/\/www.sunroom.it\/wp-content\/uploads\/2020\/07\/OSKURA-VERTICALE_1500X1300_LIMBO.jpg\",\"contentUrl\":\"https:\/\/www.sunroom.it\/wp-content\/uploads\/2020\/07\/OSKURA-VERTICALE_1500X1300_LIMBO.jpg\",\"width\":1500,\"height\":1300},{\"@type\":\"BreadcrumbList\",\"@id\":\"https:\/\/www.sunroom.it\/it\/produkte\/oskura-verticale\/#breadcrumb\",\"itemListElement\":[{\"@type\":\"ListItem\",\"position\":1,\"name\":\"Home\",\"item\":\"https:\/\/www.sunroom.it\/de\/\"},{\"@type\":\"ListItem\",\"position\":2,\"name\":\"Shop\",\"item\":\"https:\/\/www.sunroom.it\/de\/shop\/\"},{\"@type\":\"ListItem\",\"position\":3,\"name\":\"Oskura Verticale\"}]},{\"@type\":\"WebSite\",\"@id\":\"https:\/\/www.sunroom.it\/it\/#website\",\"url\":\"https:\/\/www.sunroom.it\/it\/\",\"name\":\"Sunroom\",\"description\":\"Sunroom\",\"publisher\":{\"@id\":\"https:\/\/www.sunroom.it\/it\/#organization\"},\"potentialAction\":[{\"@type\":\"SearchAction\",\"target\":{\"@type\":\"EntryPoint\",\"urlTemplate\":\"https:\/\/www.sunroom.it\/it\/?s={search_term_string}\"},\"query-input\":{\"@type\":\"PropertyValueSpecification\",\"valueRequired\":true,\"valueName\":\"search_term_string\"}}],\"inLanguage\":\"de\"},{\"@type\":\"Organization\",\"@id\":\"https:\/\/www.sunroom.it\/it\/#organization\",\"name\":\"Sunroom\",\"url\":\"https:\/\/www.sunroom.it\/it\/\",\"logo\":{\"@type\":\"ImageObject\",\"inLanguage\":\"de\",\"@id\":\"https:\/\/www.sunroom.it\/it\/#\/schema\/logo\/image\/\",\"url\":\"https:\/\/www.sunroom.it\/wp-content\/uploads\/2021\/07\/sunroom_260x70px.png\",\"contentUrl\":\"https:\/\/www.sunroom.it\/wp-content\/uploads\/2021\/07\/sunroom_260x70px.png\",\"width\":260,\"height\":70,\"caption\":\"Sunroom\"},\"image\":{\"@id\":\"https:\/\/www.sunroom.it\/it\/#\/schema\/logo\/image\/\"}}]}<\/script>\n<!-- \/ Yoast SEO plugin. -->","yoast_head_json":{"title":"Oskura Verticale - Sunroom","robots":{"index":"index","follow":"follow","max-snippet":"max-snippet:-1","max-image-preview":"max-image-preview:large","max-video-preview":"max-video-preview:-1"},"canonical":"https:\/\/www.sunroom.it\/it\/produkte\/oskura-verticale\/","og_locale":"de_DE","og_type":"article","og_title":"Oskura Verticale - Sunroom","og_description":"Innovatives und patentiertes motorisiertes System , das sowohl als Sonnenschutz dient als auch als Verdunklungssystem und nicht nur Schutz vor direktem Lichteinfall bietet, sondern auch durch sein ansprechendes und modernes Design besticht. Es ist deshalb ideal, um Ihren Raum vor Wind und Wetter zu sch\u00fctzen und gleichzeitig f\u00fcr viel Tageslicht im Raum zu garantieren. InLeggi di pi\u00f9","og_url":"https:\/\/www.sunroom.it\/it\/produkte\/oskura-verticale\/","og_site_name":"Sunroom","article_modified_time":"2023-05-09T17:14:35+00:00","og_image":[{"width":1500,"height":1300,"url":"https:\/\/www.sunroom.it\/wp-content\/uploads\/2020\/07\/OSKURA-VERTICALE_1500X1300_LIMBO.jpg","type":"image\/jpeg"}],"twitter_card":"summary_large_image","twitter_misc":{"Gesch\u00e4tzte Lesezeit":"1\u00a0Minute"},"schema":{"@context":"https:\/\/schema.org","@graph":[{"@type":"WebPage","@id":"https:\/\/www.sunroom.it\/it\/produkte\/oskura-verticale\/","url":"https:\/\/www.sunroom.it\/it\/produkte\/oskura-verticale\/","name":"Oskura Verticale - Sunroom","isPartOf":{"@id":"https:\/\/www.sunroom.it\/it\/#website"},"primaryImageOfPage":{"@id":"https:\/\/www.sunroom.it\/it\/produkte\/oskura-verticale\/#primaryimage"},"image":{"@id":"https:\/\/www.sunroom.it\/it\/produkte\/oskura-verticale\/#primaryimage"},"thumbnailUrl":"https:\/\/www.sunroom.it\/wp-content\/uploads\/2020\/07\/OSKURA-VERTICALE_1500X1300_LIMBO.jpg","datePublished":"2020-10-17T19:54:41+00:00","dateModified":"2023-05-09T17:14:35+00:00","breadcrumb":{"@id":"https:\/\/www.sunroom.it\/it\/produkte\/oskura-verticale\/#breadcrumb"},"inLanguage":"de","potentialAction":[{"@type":"ReadAction","target":["https:\/\/www.sunroom.it\/it\/produkte\/oskura-verticale\/"]}]},{"@type":"ImageObject","inLanguage":"de","@id":"https:\/\/www.sunroom.it\/it\/produkte\/oskura-verticale\/#primaryimage","url":"https:\/\/www.sunroom.it\/wp-content\/uploads\/2020\/07\/OSKURA-VERTICALE_1500X1300_LIMBO.jpg","contentUrl":"https:\/\/www.sunroom.it\/wp-content\/uploads\/2020\/07\/OSKURA-VERTICALE_1500X1300_LIMBO.jpg","width":1500,"height":1300},{"@type":"BreadcrumbList","@id":"https:\/\/www.sunroom.it\/it\/produkte\/oskura-verticale\/#breadcrumb","itemListElement":[{"@type":"ListItem","position":1,"name":"Home","item":"https:\/\/www.sunroom.it\/de\/"},{"@type":"ListItem","position":2,"name":"Shop","item":"https:\/\/www.sunroom.it\/de\/shop\/"},{"@type":"ListItem","position":3,"name":"Oskura Verticale"}]},{"@type":"WebSite","@id":"https:\/\/www.sunroom.it\/it\/#website","url":"https:\/\/www.sunroom.it\/it\/","name":"Sunroom","description":"Sunroom","publisher":{"@id":"https:\/\/www.sunroom.it\/it\/#organization"},"potentialAction":[{"@type":"SearchAction","target":{"@type":"EntryPoint","urlTemplate":"https:\/\/www.sunroom.it\/it\/?s={search_term_string}"},"query-input":{"@type":"PropertyValueSpecification","valueRequired":true,"valueName":"search_term_string"}}],"inLanguage":"de"},{"@type":"Organization","@id":"https:\/\/www.sunroom.it\/it\/#organization","name":"Sunroom","url":"https:\/\/www.sunroom.it\/it\/","logo":{"@type":"ImageObject","inLanguage":"de","@id":"https:\/\/www.sunroom.it\/it\/#\/schema\/logo\/image\/","url":"https:\/\/www.sunroom.it\/wp-content\/uploads\/2021\/07\/sunroom_260x70px.png","contentUrl":"https:\/\/www.sunroom.it\/wp-content\/uploads\/2021\/07\/sunroom_260x70px.png","width":260,"height":70,"caption":"Sunroom"},"image":{"@id":"https:\/\/www.sunroom.it\/it\/#\/schema\/logo\/image\/"}}]}},"_links":{"self":[{"href":"https:\/\/www.sunroom.it\/de\/wp-json\/wp\/v2\/product\/6450","targetHints":{"allow":["GET"]}}],"collection":[{"href":"https:\/\/www.sunroom.it\/de\/wp-json\/wp\/v2\/product"}],"about":[{"href":"https:\/\/www.sunroom.it\/de\/wp-json\/wp\/v2\/types\/product"}],"replies":[{"embeddable":true,"href":"https:\/\/www.sunroom.it\/de\/wp-json\/wp\/v2\/comments?post=6450"}],"wp:featuredmedia":[{"embeddable":true,"href":"https:\/\/www.sunroom.it\/de\/wp-json\/wp\/v2\/media\/1491"}],"wp:attachment":[{"href":"https:\/\/www.sunroom.it\/de\/wp-json\/wp\/v2\/media?parent=6450"}],"wp:term":[{"taxonomy":"product_brand","embeddable":true,"href":"https:\/\/www.sunroom.it\/de\/wp-json\/wp\/v2\/product_brand?post=6450"},{"taxonomy":"product_cat","embeddable":true,"href":"https:\/\/www.sunroom.it\/de\/wp-json\/wp\/v2\/product_cat?post=6450"},{"taxonomy":"product_tag","embeddable":true,"href":"https:\/\/www.sunroom.it\/de\/wp-json\/wp\/v2\/product_tag?post=6450"}],"curies":[{"name":"wp","href":"https:\/\/api.w.org\/{rel}","templated":true}]}}