{"id":6444,"date":"2020-10-17T21:31:23","date_gmt":"2020-10-17T19:54:41","guid":{"rendered":"https:\/\/www.sunroom.it\/prodotto\/motus-tt\/"},"modified":"2023-05-09T19:23:27","modified_gmt":"2023-05-09T17:23:27","slug":"motus-tt","status":"publish","type":"product","link":"https:\/\/www.sunroom.it\/de\/produkte\/motus-tt\/","title":{"rendered":"Motus TT"},"content":{"rendered":"<p>Motus TT ist ein <strong>System mit w\u00e4rmeged\u00e4mmten Profilen f\u00fcr Winterg\u00e4rten<\/strong>, das motorisiert ist und sich zu zwei Drittel der Fl\u00e4che \u00f6ffnen l\u00e4sst. Die Glasfelder sind unabh\u00e4ngig voneinander und k\u00f6nnen deshalb <strong>beliebig ge\u00f6ffnet und geschlossen<\/strong> werden. Mit dieser besonderen L\u00f6sung k\u00f6nnen Sie im eigenen Zuhause unter freiem Himmel leben und so die Grenzen zwischen \u201eDrinnen\u201c und \u201eDrau\u00dfen\u201c \u00fcberwinden.<\/p>\n<p>Der Wintergarten Motus TT besteht aus <strong>hochwertigen und gepr\u00fcften Materialien<\/strong>: Die Konstruktion ist aus Aluminiumprofilen mit gro\u00dfem Querschnitt, wie die an der Wand verankerten Tr\u00e4ger, die Regenrinne und die St\u00fctzpfosten, und garantiert damit f\u00fcr maximale Sicherheit und Zuverl\u00e4ssigkeit auf lange Sicht. In der Breite gibt es keine Einschr\u00e4nkungen, da das System aufgrund seiner <strong>Modularit\u00e4t <\/strong>die Kombination einer unbegrenzten Anzahl an Modulen erlaubt.<\/p>\n<p>Motus TT verbindet <strong>Design<\/strong> und <strong>Zuverl\u00e4ssigkeit<\/strong> und garantiert so f\u00fcr eine optimale Funktionalit\u00e4t und eine lange Lebensdauer. Die Wahl der <strong>w\u00e4rmeged\u00e4mmten Profile<\/strong> ist perfekt, wenn Sie Ihr Zuhause mit einem <strong>einzigartigen Raum<\/strong> erweitern wollen, der vor Wind und Wetter, vor L\u00e4rm und vor Temperaturschwankungen gesch\u00fctzt ist, und gleichzeitig das ganze Jahr \u00fcber die Natur und Ihren Outdoor-Bereich genie\u00dfen m\u00f6chten.<\/p>\n","protected":false},"excerpt":{"rendered":"<p>Motus TT ist ein System mit w\u00e4rmeged\u00e4mmten Profilen f\u00fcr Winterg\u00e4rten, das motorisiert ist und sich zu zwei Drittel der Fl\u00e4che \u00f6ffnen l\u00e4sst. Die Glasfelder sind unabh\u00e4ngig voneinander und k\u00f6nnen deshalb beliebig ge\u00f6ffnet und geschlossen werden. Mit dieser besonderen L\u00f6sung k\u00f6nnen Sie im eigenen Zuhause unter freiem Himmel leben und so die Grenzen zwischen \u201eDrinnen\u201c undLeggi di pi\u00f9<\/p>\n","protected":false},"featured_media":1464,"comment_status":"closed","ping_status":"closed","template":"","meta":{"_acf_changed":false},"product_brand":[],"product_cat":[141,138],"product_tag":[],"class_list":{"0":"post-6444","1":"product","2":"type-product","3":"status-publish","4":"has-post-thumbnail","6":"product_cat-produkte","7":"product_cat-wintergaerten","8":"cat-product-privati-giardino-e-piscina-de","9":"cat-product-privati-privati-de","10":"cat-product-privati-verande-de","11":"cat-product-contract-contract-de","12":"cat-product-contract-hotel-de","13":"cat-product-contract-edifici-pubblici-de","14":"cat-product-contract-restaurants","16":"first","17":"instock","18":"product-type-simple"},"acf":[],"yoast_head":"<!-- This site is optimized with the Yoast SEO plugin v27.1 - https:\/\/yoast.com\/product\/yoast-seo-wordpress\/ -->\n<title>Motus TT - Sunroom<\/title>\n<meta name=\"robots\" content=\"index, follow, max-snippet:-1, max-image-preview:large, max-video-preview:-1\" \/>\n<link rel=\"canonical\" href=\"https:\/\/www.sunroom.it\/it\/produkte\/motus-tt\/\" \/>\n<meta property=\"og:locale\" content=\"de_DE\" \/>\n<meta property=\"og:type\" content=\"article\" \/>\n<meta property=\"og:title\" content=\"Motus TT - Sunroom\" \/>\n<meta property=\"og:description\" content=\"Motus TT ist ein System mit w\u00e4rmeged\u00e4mmten Profilen f\u00fcr Winterg\u00e4rten, das motorisiert ist und sich zu zwei Drittel der Fl\u00e4che \u00f6ffnen l\u00e4sst. Die Glasfelder sind unabh\u00e4ngig voneinander und k\u00f6nnen deshalb beliebig ge\u00f6ffnet und geschlossen werden. Mit dieser besonderen L\u00f6sung k\u00f6nnen Sie im eigenen Zuhause unter freiem Himmel leben und so die Grenzen zwischen \u201eDrinnen\u201c undLeggi di pi\u00f9\" \/>\n<meta property=\"og:url\" content=\"https:\/\/www.sunroom.it\/it\/produkte\/motus-tt\/\" \/>\n<meta property=\"og:site_name\" content=\"Sunroom\" \/>\n<meta property=\"article:modified_time\" content=\"2023-05-09T17:23:27+00:00\" \/>\n<meta property=\"og:image\" content=\"https:\/\/www.sunroom.it\/wp-content\/uploads\/2020\/07\/MOTUSTT_1500X1300_LIMBO.jpg\" \/>\n\t<meta property=\"og:image:width\" content=\"1500\" \/>\n\t<meta property=\"og:image:height\" content=\"1300\" \/>\n\t<meta property=\"og:image:type\" content=\"image\/jpeg\" \/>\n<meta name=\"twitter:card\" content=\"summary_large_image\" \/>\n<meta name=\"twitter:label1\" content=\"Gesch\u00e4tzte Lesezeit\" \/>\n\t<meta name=\"twitter:data1\" content=\"1\u00a0Minute\" \/>\n<script type=\"application\/ld+json\" class=\"yoast-schema-graph\">{\"@context\":\"https:\/\/schema.org\",\"@graph\":[{\"@type\":\"WebPage\",\"@id\":\"https:\/\/www.sunroom.it\/it\/produkte\/motus-tt\/\",\"url\":\"https:\/\/www.sunroom.it\/it\/produkte\/motus-tt\/\",\"name\":\"Motus TT - Sunroom\",\"isPartOf\":{\"@id\":\"https:\/\/www.sunroom.it\/it\/#website\"},\"primaryImageOfPage\":{\"@id\":\"https:\/\/www.sunroom.it\/it\/produkte\/motus-tt\/#primaryimage\"},\"image\":{\"@id\":\"https:\/\/www.sunroom.it\/it\/produkte\/motus-tt\/#primaryimage\"},\"thumbnailUrl\":\"https:\/\/www.sunroom.it\/wp-content\/uploads\/2020\/07\/MOTUSTT_1500X1300_LIMBO.jpg\",\"datePublished\":\"2020-10-17T19:54:41+00:00\",\"dateModified\":\"2023-05-09T17:23:27+00:00\",\"breadcrumb\":{\"@id\":\"https:\/\/www.sunroom.it\/it\/produkte\/motus-tt\/#breadcrumb\"},\"inLanguage\":\"de\",\"potentialAction\":[{\"@type\":\"ReadAction\",\"target\":[\"https:\/\/www.sunroom.it\/it\/produkte\/motus-tt\/\"]}]},{\"@type\":\"ImageObject\",\"inLanguage\":\"de\",\"@id\":\"https:\/\/www.sunroom.it\/it\/produkte\/motus-tt\/#primaryimage\",\"url\":\"https:\/\/www.sunroom.it\/wp-content\/uploads\/2020\/07\/MOTUSTT_1500X1300_LIMBO.jpg\",\"contentUrl\":\"https:\/\/www.sunroom.it\/wp-content\/uploads\/2020\/07\/MOTUSTT_1500X1300_LIMBO.jpg\",\"width\":1500,\"height\":1300},{\"@type\":\"BreadcrumbList\",\"@id\":\"https:\/\/www.sunroom.it\/it\/produkte\/motus-tt\/#breadcrumb\",\"itemListElement\":[{\"@type\":\"ListItem\",\"position\":1,\"name\":\"Home\",\"item\":\"https:\/\/www.sunroom.it\/de\/\"},{\"@type\":\"ListItem\",\"position\":2,\"name\":\"Shop\",\"item\":\"https:\/\/www.sunroom.it\/de\/shop\/\"},{\"@type\":\"ListItem\",\"position\":3,\"name\":\"Motus TT\"}]},{\"@type\":\"WebSite\",\"@id\":\"https:\/\/www.sunroom.it\/it\/#website\",\"url\":\"https:\/\/www.sunroom.it\/it\/\",\"name\":\"Sunroom\",\"description\":\"Sunroom\",\"publisher\":{\"@id\":\"https:\/\/www.sunroom.it\/it\/#organization\"},\"potentialAction\":[{\"@type\":\"SearchAction\",\"target\":{\"@type\":\"EntryPoint\",\"urlTemplate\":\"https:\/\/www.sunroom.it\/it\/?s={search_term_string}\"},\"query-input\":{\"@type\":\"PropertyValueSpecification\",\"valueRequired\":true,\"valueName\":\"search_term_string\"}}],\"inLanguage\":\"de\"},{\"@type\":\"Organization\",\"@id\":\"https:\/\/www.sunroom.it\/it\/#organization\",\"name\":\"Sunroom\",\"url\":\"https:\/\/www.sunroom.it\/it\/\",\"logo\":{\"@type\":\"ImageObject\",\"inLanguage\":\"de\",\"@id\":\"https:\/\/www.sunroom.it\/it\/#\/schema\/logo\/image\/\",\"url\":\"https:\/\/www.sunroom.it\/wp-content\/uploads\/2021\/07\/sunroom_260x70px.png\",\"contentUrl\":\"https:\/\/www.sunroom.it\/wp-content\/uploads\/2021\/07\/sunroom_260x70px.png\",\"width\":260,\"height\":70,\"caption\":\"Sunroom\"},\"image\":{\"@id\":\"https:\/\/www.sunroom.it\/it\/#\/schema\/logo\/image\/\"}}]}<\/script>\n<!-- \/ Yoast SEO plugin. -->","yoast_head_json":{"title":"Motus TT - Sunroom","robots":{"index":"index","follow":"follow","max-snippet":"max-snippet:-1","max-image-preview":"max-image-preview:large","max-video-preview":"max-video-preview:-1"},"canonical":"https:\/\/www.sunroom.it\/it\/produkte\/motus-tt\/","og_locale":"de_DE","og_type":"article","og_title":"Motus TT - Sunroom","og_description":"Motus TT ist ein System mit w\u00e4rmeged\u00e4mmten Profilen f\u00fcr Winterg\u00e4rten, das motorisiert ist und sich zu zwei Drittel der Fl\u00e4che \u00f6ffnen l\u00e4sst. Die Glasfelder sind unabh\u00e4ngig voneinander und k\u00f6nnen deshalb beliebig ge\u00f6ffnet und geschlossen werden. Mit dieser besonderen L\u00f6sung k\u00f6nnen Sie im eigenen Zuhause unter freiem Himmel leben und so die Grenzen zwischen \u201eDrinnen\u201c undLeggi di pi\u00f9","og_url":"https:\/\/www.sunroom.it\/it\/produkte\/motus-tt\/","og_site_name":"Sunroom","article_modified_time":"2023-05-09T17:23:27+00:00","og_image":[{"width":1500,"height":1300,"url":"https:\/\/www.sunroom.it\/wp-content\/uploads\/2020\/07\/MOTUSTT_1500X1300_LIMBO.jpg","type":"image\/jpeg"}],"twitter_card":"summary_large_image","twitter_misc":{"Gesch\u00e4tzte Lesezeit":"1\u00a0Minute"},"schema":{"@context":"https:\/\/schema.org","@graph":[{"@type":"WebPage","@id":"https:\/\/www.sunroom.it\/it\/produkte\/motus-tt\/","url":"https:\/\/www.sunroom.it\/it\/produkte\/motus-tt\/","name":"Motus TT - Sunroom","isPartOf":{"@id":"https:\/\/www.sunroom.it\/it\/#website"},"primaryImageOfPage":{"@id":"https:\/\/www.sunroom.it\/it\/produkte\/motus-tt\/#primaryimage"},"image":{"@id":"https:\/\/www.sunroom.it\/it\/produkte\/motus-tt\/#primaryimage"},"thumbnailUrl":"https:\/\/www.sunroom.it\/wp-content\/uploads\/2020\/07\/MOTUSTT_1500X1300_LIMBO.jpg","datePublished":"2020-10-17T19:54:41+00:00","dateModified":"2023-05-09T17:23:27+00:00","breadcrumb":{"@id":"https:\/\/www.sunroom.it\/it\/produkte\/motus-tt\/#breadcrumb"},"inLanguage":"de","potentialAction":[{"@type":"ReadAction","target":["https:\/\/www.sunroom.it\/it\/produkte\/motus-tt\/"]}]},{"@type":"ImageObject","inLanguage":"de","@id":"https:\/\/www.sunroom.it\/it\/produkte\/motus-tt\/#primaryimage","url":"https:\/\/www.sunroom.it\/wp-content\/uploads\/2020\/07\/MOTUSTT_1500X1300_LIMBO.jpg","contentUrl":"https:\/\/www.sunroom.it\/wp-content\/uploads\/2020\/07\/MOTUSTT_1500X1300_LIMBO.jpg","width":1500,"height":1300},{"@type":"BreadcrumbList","@id":"https:\/\/www.sunroom.it\/it\/produkte\/motus-tt\/#breadcrumb","itemListElement":[{"@type":"ListItem","position":1,"name":"Home","item":"https:\/\/www.sunroom.it\/de\/"},{"@type":"ListItem","position":2,"name":"Shop","item":"https:\/\/www.sunroom.it\/de\/shop\/"},{"@type":"ListItem","position":3,"name":"Motus TT"}]},{"@type":"WebSite","@id":"https:\/\/www.sunroom.it\/it\/#website","url":"https:\/\/www.sunroom.it\/it\/","name":"Sunroom","description":"Sunroom","publisher":{"@id":"https:\/\/www.sunroom.it\/it\/#organization"},"potentialAction":[{"@type":"SearchAction","target":{"@type":"EntryPoint","urlTemplate":"https:\/\/www.sunroom.it\/it\/?s={search_term_string}"},"query-input":{"@type":"PropertyValueSpecification","valueRequired":true,"valueName":"search_term_string"}}],"inLanguage":"de"},{"@type":"Organization","@id":"https:\/\/www.sunroom.it\/it\/#organization","name":"Sunroom","url":"https:\/\/www.sunroom.it\/it\/","logo":{"@type":"ImageObject","inLanguage":"de","@id":"https:\/\/www.sunroom.it\/it\/#\/schema\/logo\/image\/","url":"https:\/\/www.sunroom.it\/wp-content\/uploads\/2021\/07\/sunroom_260x70px.png","contentUrl":"https:\/\/www.sunroom.it\/wp-content\/uploads\/2021\/07\/sunroom_260x70px.png","width":260,"height":70,"caption":"Sunroom"},"image":{"@id":"https:\/\/www.sunroom.it\/it\/#\/schema\/logo\/image\/"}}]}},"_links":{"self":[{"href":"https:\/\/www.sunroom.it\/de\/wp-json\/wp\/v2\/product\/6444","targetHints":{"allow":["GET"]}}],"collection":[{"href":"https:\/\/www.sunroom.it\/de\/wp-json\/wp\/v2\/product"}],"about":[{"href":"https:\/\/www.sunroom.it\/de\/wp-json\/wp\/v2\/types\/product"}],"replies":[{"embeddable":true,"href":"https:\/\/www.sunroom.it\/de\/wp-json\/wp\/v2\/comments?post=6444"}],"wp:featuredmedia":[{"embeddable":true,"href":"https:\/\/www.sunroom.it\/de\/wp-json\/wp\/v2\/media\/1464"}],"wp:attachment":[{"href":"https:\/\/www.sunroom.it\/de\/wp-json\/wp\/v2\/media?parent=6444"}],"wp:term":[{"taxonomy":"product_brand","embeddable":true,"href":"https:\/\/www.sunroom.it\/de\/wp-json\/wp\/v2\/product_brand?post=6444"},{"taxonomy":"product_cat","embeddable":true,"href":"https:\/\/www.sunroom.it\/de\/wp-json\/wp\/v2\/product_cat?post=6444"},{"taxonomy":"product_tag","embeddable":true,"href":"https:\/\/www.sunroom.it\/de\/wp-json\/wp\/v2\/product_tag?post=6444"}],"curies":[{"name":"wp","href":"https:\/\/api.w.org\/{rel}","templated":true}]}}