{"id":6432,"date":"2020-10-17T21:31:23","date_gmt":"2020-10-17T19:54:41","guid":{"rendered":"https:\/\/www.sunroom.it\/prodotto\/puro\/"},"modified":"2023-05-09T19:22:30","modified_gmt":"2023-05-09T17:22:30","slug":"puro","status":"publish","type":"product","link":"https:\/\/www.sunroom.it\/de\/produkte\/puro\/","title":{"rendered":"Puro"},"content":{"rendered":"<p>Puro ist die <strong>bioklimatische Pergola<\/strong> mit einem nachhaltigen Konzept. Die Pergola besteht haupts\u00e4chlich aus Glas und Aluminium, die in der Lage sind, tags\u00fcber Sonnenenergie zu speichern und den W\u00e4rmeverlust in den k\u00fchleren Stunden zu reduzieren. Das Bioklima im Raum wird durch die Luft unterst\u00fctzt, die von au\u00dfen durch die umlaufenden Verglasungen in den Raum str\u00f6mt. Je nach Bedarf k\u00f6nnen die Verglasungen mit Schiebew\u00e4nden, Glasfaltw\u00e4nden oder dem \u201eTuttovetro\u201c Ganzglas-System ausgef\u00fchrt werden. Wenn in der Pergola aus Glas Puro ein Dachfenster (Dachluke) installiert wird, steigt die angestaute W\u00e4rme au\u00dferdem nach oben, sodass ein zu starker Temperaturanstieg im Raum vermieden wird. Die Pergola Puro bietet nicht nur den Vorteil der Energieersparnis, sondern \u00fcberzeugt auch mit ihrem innovativen Design: Die Konstruktion mit Flachdach ist einzigartig und eignet sich insbesondere f\u00fcr moderne Geb\u00e4ude mit einer starken Pers\u00f6nlichkeit.<\/p>\n<p>Wie alle bioklimatischen Pergolen Sunroom besteht auch Puro aus Aluminium, das nicht nur komplett recycelbar ist, sondern auch in einer Vielzahl verschiedener Farben erh\u00e4ltlich ist, sodass sich die Konstruktion perfekt in die Umgebung einf\u00fcgt.<\/p>\n","protected":false},"excerpt":{"rendered":"<p>Puro ist die bioklimatische Pergola mit einem nachhaltigen Konzept. Die Pergola besteht haupts\u00e4chlich aus Glas und Aluminium, die in der Lage sind, tags\u00fcber Sonnenenergie zu speichern und den W\u00e4rmeverlust in den k\u00fchleren Stunden zu reduzieren. Das Bioklima im Raum wird durch die Luft unterst\u00fctzt, die von au\u00dfen durch die umlaufenden Verglasungen in den Raum str\u00f6mt.Leggi di pi\u00f9<\/p>\n","protected":false},"featured_media":1624,"comment_status":"closed","ping_status":"closed","template":"","meta":{"_acf_changed":false},"product_brand":[],"product_cat":[149,141],"product_tag":[],"class_list":{"0":"post-6432","1":"product","2":"type-product","3":"status-publish","4":"has-post-thumbnail","6":"product_cat-bioklimatische-pergolen","7":"product_cat-produkte","8":"cat-product-privati-giardino-e-piscina-de","9":"cat-product-privati-privati-de","10":"cat-product-privati-verande-de","11":"cat-product-privati-serre-de","12":"cat-product-contract-contract-de","13":"cat-product-contract-edifici-pubblici-de","15":"first","16":"instock","17":"product-type-simple"},"acf":[],"yoast_head":"<!-- This site is optimized with the Yoast SEO plugin v27.1 - https:\/\/yoast.com\/product\/yoast-seo-wordpress\/ -->\n<title>Puro - Sunroom<\/title>\n<meta name=\"robots\" content=\"index, follow, max-snippet:-1, max-image-preview:large, max-video-preview:-1\" \/>\n<link rel=\"canonical\" href=\"https:\/\/www.sunroom.it\/it\/produkte\/puro\/\" \/>\n<meta property=\"og:locale\" content=\"de_DE\" \/>\n<meta property=\"og:type\" content=\"article\" \/>\n<meta property=\"og:title\" content=\"Puro - Sunroom\" \/>\n<meta property=\"og:description\" content=\"Puro ist die bioklimatische Pergola mit einem nachhaltigen Konzept. Die Pergola besteht haupts\u00e4chlich aus Glas und Aluminium, die in der Lage sind, tags\u00fcber Sonnenenergie zu speichern und den W\u00e4rmeverlust in den k\u00fchleren Stunden zu reduzieren. Das Bioklima im Raum wird durch die Luft unterst\u00fctzt, die von au\u00dfen durch die umlaufenden Verglasungen in den Raum str\u00f6mt.Leggi di pi\u00f9\" \/>\n<meta property=\"og:url\" content=\"https:\/\/www.sunroom.it\/it\/produkte\/puro\/\" \/>\n<meta property=\"og:site_name\" content=\"Sunroom\" \/>\n<meta property=\"article:modified_time\" content=\"2023-05-09T17:22:30+00:00\" \/>\n<meta property=\"og:image\" content=\"https:\/\/www.sunroom.it\/wp-content\/uploads\/2020\/04\/PURO_1500X1300_LIMBO.jpg\" \/>\n\t<meta property=\"og:image:width\" content=\"1500\" \/>\n\t<meta property=\"og:image:height\" content=\"1300\" \/>\n\t<meta property=\"og:image:type\" content=\"image\/jpeg\" \/>\n<meta name=\"twitter:card\" content=\"summary_large_image\" \/>\n<meta name=\"twitter:label1\" content=\"Gesch\u00e4tzte Lesezeit\" \/>\n\t<meta name=\"twitter:data1\" content=\"1\u00a0Minute\" \/>\n<script type=\"application\/ld+json\" class=\"yoast-schema-graph\">{\"@context\":\"https:\/\/schema.org\",\"@graph\":[{\"@type\":\"WebPage\",\"@id\":\"https:\/\/www.sunroom.it\/it\/produkte\/puro\/\",\"url\":\"https:\/\/www.sunroom.it\/it\/produkte\/puro\/\",\"name\":\"Puro - Sunroom\",\"isPartOf\":{\"@id\":\"https:\/\/www.sunroom.it\/it\/#website\"},\"primaryImageOfPage\":{\"@id\":\"https:\/\/www.sunroom.it\/it\/produkte\/puro\/#primaryimage\"},\"image\":{\"@id\":\"https:\/\/www.sunroom.it\/it\/produkte\/puro\/#primaryimage\"},\"thumbnailUrl\":\"https:\/\/www.sunroom.it\/wp-content\/uploads\/2020\/04\/PURO_1500X1300_LIMBO.jpg\",\"datePublished\":\"2020-10-17T19:54:41+00:00\",\"dateModified\":\"2023-05-09T17:22:30+00:00\",\"breadcrumb\":{\"@id\":\"https:\/\/www.sunroom.it\/it\/produkte\/puro\/#breadcrumb\"},\"inLanguage\":\"de\",\"potentialAction\":[{\"@type\":\"ReadAction\",\"target\":[\"https:\/\/www.sunroom.it\/it\/produkte\/puro\/\"]}]},{\"@type\":\"ImageObject\",\"inLanguage\":\"de\",\"@id\":\"https:\/\/www.sunroom.it\/it\/produkte\/puro\/#primaryimage\",\"url\":\"https:\/\/www.sunroom.it\/wp-content\/uploads\/2020\/04\/PURO_1500X1300_LIMBO.jpg\",\"contentUrl\":\"https:\/\/www.sunroom.it\/wp-content\/uploads\/2020\/04\/PURO_1500X1300_LIMBO.jpg\",\"width\":1500,\"height\":1300},{\"@type\":\"BreadcrumbList\",\"@id\":\"https:\/\/www.sunroom.it\/it\/produkte\/puro\/#breadcrumb\",\"itemListElement\":[{\"@type\":\"ListItem\",\"position\":1,\"name\":\"Home\",\"item\":\"https:\/\/www.sunroom.it\/de\/\"},{\"@type\":\"ListItem\",\"position\":2,\"name\":\"Shop\",\"item\":\"https:\/\/www.sunroom.it\/de\/shop\/\"},{\"@type\":\"ListItem\",\"position\":3,\"name\":\"Puro\"}]},{\"@type\":\"WebSite\",\"@id\":\"https:\/\/www.sunroom.it\/it\/#website\",\"url\":\"https:\/\/www.sunroom.it\/it\/\",\"name\":\"Sunroom\",\"description\":\"Sunroom\",\"publisher\":{\"@id\":\"https:\/\/www.sunroom.it\/it\/#organization\"},\"potentialAction\":[{\"@type\":\"SearchAction\",\"target\":{\"@type\":\"EntryPoint\",\"urlTemplate\":\"https:\/\/www.sunroom.it\/it\/?s={search_term_string}\"},\"query-input\":{\"@type\":\"PropertyValueSpecification\",\"valueRequired\":true,\"valueName\":\"search_term_string\"}}],\"inLanguage\":\"de\"},{\"@type\":\"Organization\",\"@id\":\"https:\/\/www.sunroom.it\/it\/#organization\",\"name\":\"Sunroom\",\"url\":\"https:\/\/www.sunroom.it\/it\/\",\"logo\":{\"@type\":\"ImageObject\",\"inLanguage\":\"de\",\"@id\":\"https:\/\/www.sunroom.it\/it\/#\/schema\/logo\/image\/\",\"url\":\"https:\/\/www.sunroom.it\/wp-content\/uploads\/2021\/07\/sunroom_260x70px.png\",\"contentUrl\":\"https:\/\/www.sunroom.it\/wp-content\/uploads\/2021\/07\/sunroom_260x70px.png\",\"width\":260,\"height\":70,\"caption\":\"Sunroom\"},\"image\":{\"@id\":\"https:\/\/www.sunroom.it\/it\/#\/schema\/logo\/image\/\"}}]}<\/script>\n<!-- \/ Yoast SEO plugin. -->","yoast_head_json":{"title":"Puro - Sunroom","robots":{"index":"index","follow":"follow","max-snippet":"max-snippet:-1","max-image-preview":"max-image-preview:large","max-video-preview":"max-video-preview:-1"},"canonical":"https:\/\/www.sunroom.it\/it\/produkte\/puro\/","og_locale":"de_DE","og_type":"article","og_title":"Puro - Sunroom","og_description":"Puro ist die bioklimatische Pergola mit einem nachhaltigen Konzept. Die Pergola besteht haupts\u00e4chlich aus Glas und Aluminium, die in der Lage sind, tags\u00fcber Sonnenenergie zu speichern und den W\u00e4rmeverlust in den k\u00fchleren Stunden zu reduzieren. Das Bioklima im Raum wird durch die Luft unterst\u00fctzt, die von au\u00dfen durch die umlaufenden Verglasungen in den Raum str\u00f6mt.Leggi di pi\u00f9","og_url":"https:\/\/www.sunroom.it\/it\/produkte\/puro\/","og_site_name":"Sunroom","article_modified_time":"2023-05-09T17:22:30+00:00","og_image":[{"width":1500,"height":1300,"url":"https:\/\/www.sunroom.it\/wp-content\/uploads\/2020\/04\/PURO_1500X1300_LIMBO.jpg","type":"image\/jpeg"}],"twitter_card":"summary_large_image","twitter_misc":{"Gesch\u00e4tzte Lesezeit":"1\u00a0Minute"},"schema":{"@context":"https:\/\/schema.org","@graph":[{"@type":"WebPage","@id":"https:\/\/www.sunroom.it\/it\/produkte\/puro\/","url":"https:\/\/www.sunroom.it\/it\/produkte\/puro\/","name":"Puro - Sunroom","isPartOf":{"@id":"https:\/\/www.sunroom.it\/it\/#website"},"primaryImageOfPage":{"@id":"https:\/\/www.sunroom.it\/it\/produkte\/puro\/#primaryimage"},"image":{"@id":"https:\/\/www.sunroom.it\/it\/produkte\/puro\/#primaryimage"},"thumbnailUrl":"https:\/\/www.sunroom.it\/wp-content\/uploads\/2020\/04\/PURO_1500X1300_LIMBO.jpg","datePublished":"2020-10-17T19:54:41+00:00","dateModified":"2023-05-09T17:22:30+00:00","breadcrumb":{"@id":"https:\/\/www.sunroom.it\/it\/produkte\/puro\/#breadcrumb"},"inLanguage":"de","potentialAction":[{"@type":"ReadAction","target":["https:\/\/www.sunroom.it\/it\/produkte\/puro\/"]}]},{"@type":"ImageObject","inLanguage":"de","@id":"https:\/\/www.sunroom.it\/it\/produkte\/puro\/#primaryimage","url":"https:\/\/www.sunroom.it\/wp-content\/uploads\/2020\/04\/PURO_1500X1300_LIMBO.jpg","contentUrl":"https:\/\/www.sunroom.it\/wp-content\/uploads\/2020\/04\/PURO_1500X1300_LIMBO.jpg","width":1500,"height":1300},{"@type":"BreadcrumbList","@id":"https:\/\/www.sunroom.it\/it\/produkte\/puro\/#breadcrumb","itemListElement":[{"@type":"ListItem","position":1,"name":"Home","item":"https:\/\/www.sunroom.it\/de\/"},{"@type":"ListItem","position":2,"name":"Shop","item":"https:\/\/www.sunroom.it\/de\/shop\/"},{"@type":"ListItem","position":3,"name":"Puro"}]},{"@type":"WebSite","@id":"https:\/\/www.sunroom.it\/it\/#website","url":"https:\/\/www.sunroom.it\/it\/","name":"Sunroom","description":"Sunroom","publisher":{"@id":"https:\/\/www.sunroom.it\/it\/#organization"},"potentialAction":[{"@type":"SearchAction","target":{"@type":"EntryPoint","urlTemplate":"https:\/\/www.sunroom.it\/it\/?s={search_term_string}"},"query-input":{"@type":"PropertyValueSpecification","valueRequired":true,"valueName":"search_term_string"}}],"inLanguage":"de"},{"@type":"Organization","@id":"https:\/\/www.sunroom.it\/it\/#organization","name":"Sunroom","url":"https:\/\/www.sunroom.it\/it\/","logo":{"@type":"ImageObject","inLanguage":"de","@id":"https:\/\/www.sunroom.it\/it\/#\/schema\/logo\/image\/","url":"https:\/\/www.sunroom.it\/wp-content\/uploads\/2021\/07\/sunroom_260x70px.png","contentUrl":"https:\/\/www.sunroom.it\/wp-content\/uploads\/2021\/07\/sunroom_260x70px.png","width":260,"height":70,"caption":"Sunroom"},"image":{"@id":"https:\/\/www.sunroom.it\/it\/#\/schema\/logo\/image\/"}}]}},"_links":{"self":[{"href":"https:\/\/www.sunroom.it\/de\/wp-json\/wp\/v2\/product\/6432","targetHints":{"allow":["GET"]}}],"collection":[{"href":"https:\/\/www.sunroom.it\/de\/wp-json\/wp\/v2\/product"}],"about":[{"href":"https:\/\/www.sunroom.it\/de\/wp-json\/wp\/v2\/types\/product"}],"replies":[{"embeddable":true,"href":"https:\/\/www.sunroom.it\/de\/wp-json\/wp\/v2\/comments?post=6432"}],"wp:featuredmedia":[{"embeddable":true,"href":"https:\/\/www.sunroom.it\/de\/wp-json\/wp\/v2\/media\/1624"}],"wp:attachment":[{"href":"https:\/\/www.sunroom.it\/de\/wp-json\/wp\/v2\/media?parent=6432"}],"wp:term":[{"taxonomy":"product_brand","embeddable":true,"href":"https:\/\/www.sunroom.it\/de\/wp-json\/wp\/v2\/product_brand?post=6432"},{"taxonomy":"product_cat","embeddable":true,"href":"https:\/\/www.sunroom.it\/de\/wp-json\/wp\/v2\/product_cat?post=6432"},{"taxonomy":"product_tag","embeddable":true,"href":"https:\/\/www.sunroom.it\/de\/wp-json\/wp\/v2\/product_tag?post=6432"}],"curies":[{"name":"wp","href":"https:\/\/api.w.org\/{rel}","templated":true}]}}