{"id":6426,"date":"2020-10-17T21:31:23","date_gmt":"2020-10-17T19:54:41","guid":{"rendered":"https:\/\/www.sunroom.it\/prodotto\/ganzglas-schiebesystem-tuttovetro-slide\/"},"modified":"2023-05-09T19:20:34","modified_gmt":"2023-05-09T17:20:34","slug":"ganzglas-schiebesystem-tuttovetro-slide","status":"publish","type":"product","link":"https:\/\/www.sunroom.it\/de\/produkte\/ganzglas-schiebesystem-tuttovetro-slide\/","title":{"rendered":"Ganzglas Schiebesystem \u201eTuttovetro Slide\u201c"},"content":{"rendered":"<p>Eine verglaste \u00d6ffnung charakterisiert den Raum, sie gibt den <strong>Blick nach drau\u00dfen<\/strong> frei und wertet die R\u00e4ume auf.<\/p>\n<p>Das Ganzglas Schiebesystem \u201eTuttovetro Slide\u201c ist im Hinblick auf seine \u00e4sthetische Wirkung eine <strong>minimalistische L\u00f6sung<\/strong> und zeichnet sich durch seine lange <strong>Lebensdauer<\/strong> und Best\u00e4ndigkeit aus. Das macht diese Verglasung zur perfekten L\u00f6sung f\u00fcr alle, die auf der Suche nach garantierter Stabilit\u00e4t und einem unverwechselbaren Stil sind. Die Schiebefl\u00fcgel <strong>ohne Vertikalprofile<\/strong> sind immer <strong>ma\u00dfgefertigt<\/strong> und werden aus <strong>Sicherheitsglas ESG<\/strong> hergestellt, um f\u00fcr maximale Sicherheit zu garantieren. Das Glas tr\u00e4gt au\u00dferdem dazu bei, eventuellen L\u00e4rm zu reduzieren, der von drau\u00dfen kommt, und den Wohnkomfort zu erh\u00f6hen.<\/p>\n<p>Mit dem <strong>Ganzglas Schiebesystem<\/strong> <strong>\u201eTuttovetro Slide\u201c<\/strong> <strong>mit parallel laufenden Schiebelementen<\/strong> k\u00f6nnen Sie Ihr bioklimatisches Lamellendach, Ihren Balkon, Ihren Innenhof oder jeden beliebigen Outdoor-Bereich auf elegante und innovative Weise personalisieren. Die <strong>Zubeh\u00f6rteile aus Edelstahl<\/strong>, die Qualit\u00e4t der verwendeten Materialien, die sorgf\u00e4ltige Ausf\u00fchrung der Details und nat\u00fcrlich die langj\u00e4hrige Erfahrung im Bereich der Verglasungen machen den Unterschied bei der Wahl dieser architektonischen Elemente f\u00fcr Ihr Zuhause oder Ihren gewerblichen Betrieb.<\/p>\n","protected":false},"excerpt":{"rendered":"<p>Eine verglaste \u00d6ffnung charakterisiert den Raum, sie gibt den Blick nach drau\u00dfen frei und wertet die R\u00e4ume auf. Das Ganzglas Schiebesystem \u201eTuttovetro Slide\u201c ist im Hinblick auf seine \u00e4sthetische Wirkung eine minimalistische L\u00f6sung und zeichnet sich durch seine lange Lebensdauer und Best\u00e4ndigkeit aus. Das macht diese Verglasung zur perfekten L\u00f6sung f\u00fcr alle, die auf derLeggi di pi\u00f9<\/p>\n","protected":false},"featured_media":1750,"comment_status":"closed","ping_status":"closed","template":"","meta":{"_acf_changed":false},"product_brand":[],"product_cat":[153,141],"product_tag":[],"class_list":{"0":"post-6426","1":"product","2":"type-product","3":"status-publish","4":"has-post-thumbnail","6":"product_cat-tuttovetro-ganzglas-systeme","7":"product_cat-produkte","8":"cat-product-privati-balconi-e-facciate-de","9":"cat-product-privati-innenhof","10":"cat-product-privati-privati-de","11":"cat-product-privati-verande-de","12":"cat-product-privati-verglasungen","13":"cat-product-privati-serre-de","14":"cat-product-contract-bar-de","15":"cat-product-contract-contract-de","16":"cat-product-contract-gelaterie-de","17":"cat-product-contract-hotel-de","18":"cat-product-contract-edifici-pubblici-de","19":"cat-product-contract-restaurants","20":"cat-product-contract-stabilimenti-balneari-de","22":"first","23":"instock","24":"product-type-simple"},"acf":[],"yoast_head":"<!-- This site is optimized with the Yoast SEO plugin v27.1 - https:\/\/yoast.com\/product\/yoast-seo-wordpress\/ -->\n<title>Ganzglas Schiebesystem \u201eTuttovetro Slide\u201c - Sunroom<\/title>\n<meta name=\"robots\" content=\"index, follow, max-snippet:-1, max-image-preview:large, max-video-preview:-1\" \/>\n<link rel=\"canonical\" href=\"https:\/\/www.sunroom.it\/it\/produkte\/tuttovetro-slide\/\" \/>\n<meta property=\"og:locale\" content=\"de_DE\" \/>\n<meta property=\"og:type\" content=\"article\" \/>\n<meta property=\"og:title\" content=\"Ganzglas Schiebesystem \u201eTuttovetro Slide\u201c - Sunroom\" \/>\n<meta property=\"og:description\" content=\"Eine verglaste \u00d6ffnung charakterisiert den Raum, sie gibt den Blick nach drau\u00dfen frei und wertet die R\u00e4ume auf. Das Ganzglas Schiebesystem \u201eTuttovetro Slide\u201c ist im Hinblick auf seine \u00e4sthetische Wirkung eine minimalistische L\u00f6sung und zeichnet sich durch seine lange Lebensdauer und Best\u00e4ndigkeit aus. Das macht diese Verglasung zur perfekten L\u00f6sung f\u00fcr alle, die auf derLeggi di pi\u00f9\" \/>\n<meta property=\"og:url\" content=\"https:\/\/www.sunroom.it\/it\/produkte\/tuttovetro-slide\/\" \/>\n<meta property=\"og:site_name\" content=\"Sunroom\" \/>\n<meta property=\"article:modified_time\" content=\"2023-05-09T17:20:34+00:00\" \/>\n<meta property=\"og:image\" content=\"https:\/\/www.sunroom.it\/wp-content\/uploads\/2020\/04\/TUTTOVETRO-SLIDE_1500x1300_LIMBO.jpg\" \/>\n\t<meta property=\"og:image:width\" content=\"1500\" \/>\n\t<meta property=\"og:image:height\" content=\"1300\" \/>\n\t<meta property=\"og:image:type\" content=\"image\/jpeg\" \/>\n<meta name=\"twitter:card\" content=\"summary_large_image\" \/>\n<meta name=\"twitter:label1\" content=\"Gesch\u00e4tzte Lesezeit\" \/>\n\t<meta name=\"twitter:data1\" content=\"1\u00a0Minute\" \/>\n<script type=\"application\/ld+json\" class=\"yoast-schema-graph\">{\"@context\":\"https:\/\/schema.org\",\"@graph\":[{\"@type\":\"WebPage\",\"@id\":\"https:\/\/www.sunroom.it\/it\/produkte\/tuttovetro-slide\/\",\"url\":\"https:\/\/www.sunroom.it\/it\/produkte\/tuttovetro-slide\/\",\"name\":\"Ganzglas Schiebesystem \u201eTuttovetro Slide\u201c - Sunroom\",\"isPartOf\":{\"@id\":\"https:\/\/www.sunroom.it\/it\/#website\"},\"primaryImageOfPage\":{\"@id\":\"https:\/\/www.sunroom.it\/it\/produkte\/tuttovetro-slide\/#primaryimage\"},\"image\":{\"@id\":\"https:\/\/www.sunroom.it\/it\/produkte\/tuttovetro-slide\/#primaryimage\"},\"thumbnailUrl\":\"https:\/\/www.sunroom.it\/wp-content\/uploads\/2020\/04\/TUTTOVETRO-SLIDE_1500x1300_LIMBO.jpg\",\"datePublished\":\"2020-10-17T19:54:41+00:00\",\"dateModified\":\"2023-05-09T17:20:34+00:00\",\"breadcrumb\":{\"@id\":\"https:\/\/www.sunroom.it\/it\/produkte\/tuttovetro-slide\/#breadcrumb\"},\"inLanguage\":\"de\",\"potentialAction\":[{\"@type\":\"ReadAction\",\"target\":[\"https:\/\/www.sunroom.it\/it\/produkte\/tuttovetro-slide\/\"]}]},{\"@type\":\"ImageObject\",\"inLanguage\":\"de\",\"@id\":\"https:\/\/www.sunroom.it\/it\/produkte\/tuttovetro-slide\/#primaryimage\",\"url\":\"https:\/\/www.sunroom.it\/wp-content\/uploads\/2020\/04\/TUTTOVETRO-SLIDE_1500x1300_LIMBO.jpg\",\"contentUrl\":\"https:\/\/www.sunroom.it\/wp-content\/uploads\/2020\/04\/TUTTOVETRO-SLIDE_1500x1300_LIMBO.jpg\",\"width\":1500,\"height\":1300},{\"@type\":\"BreadcrumbList\",\"@id\":\"https:\/\/www.sunroom.it\/it\/produkte\/tuttovetro-slide\/#breadcrumb\",\"itemListElement\":[{\"@type\":\"ListItem\",\"position\":1,\"name\":\"Home\",\"item\":\"https:\/\/www.sunroom.it\/de\/\"},{\"@type\":\"ListItem\",\"position\":2,\"name\":\"Shop\",\"item\":\"https:\/\/www.sunroom.it\/de\/shop\/\"},{\"@type\":\"ListItem\",\"position\":3,\"name\":\"Ganzglas Schiebesystem \u201eTuttovetro Slide\u201c\"}]},{\"@type\":\"WebSite\",\"@id\":\"https:\/\/www.sunroom.it\/it\/#website\",\"url\":\"https:\/\/www.sunroom.it\/it\/\",\"name\":\"Sunroom\",\"description\":\"Sunroom\",\"publisher\":{\"@id\":\"https:\/\/www.sunroom.it\/it\/#organization\"},\"potentialAction\":[{\"@type\":\"SearchAction\",\"target\":{\"@type\":\"EntryPoint\",\"urlTemplate\":\"https:\/\/www.sunroom.it\/it\/?s={search_term_string}\"},\"query-input\":{\"@type\":\"PropertyValueSpecification\",\"valueRequired\":true,\"valueName\":\"search_term_string\"}}],\"inLanguage\":\"de\"},{\"@type\":\"Organization\",\"@id\":\"https:\/\/www.sunroom.it\/it\/#organization\",\"name\":\"Sunroom\",\"url\":\"https:\/\/www.sunroom.it\/it\/\",\"logo\":{\"@type\":\"ImageObject\",\"inLanguage\":\"de\",\"@id\":\"https:\/\/www.sunroom.it\/it\/#\/schema\/logo\/image\/\",\"url\":\"https:\/\/www.sunroom.it\/wp-content\/uploads\/2021\/07\/sunroom_260x70px.png\",\"contentUrl\":\"https:\/\/www.sunroom.it\/wp-content\/uploads\/2021\/07\/sunroom_260x70px.png\",\"width\":260,\"height\":70,\"caption\":\"Sunroom\"},\"image\":{\"@id\":\"https:\/\/www.sunroom.it\/it\/#\/schema\/logo\/image\/\"}}]}<\/script>\n<!-- \/ Yoast SEO plugin. -->","yoast_head_json":{"title":"Ganzglas Schiebesystem \u201eTuttovetro Slide\u201c - Sunroom","robots":{"index":"index","follow":"follow","max-snippet":"max-snippet:-1","max-image-preview":"max-image-preview:large","max-video-preview":"max-video-preview:-1"},"canonical":"https:\/\/www.sunroom.it\/it\/produkte\/tuttovetro-slide\/","og_locale":"de_DE","og_type":"article","og_title":"Ganzglas Schiebesystem \u201eTuttovetro Slide\u201c - Sunroom","og_description":"Eine verglaste \u00d6ffnung charakterisiert den Raum, sie gibt den Blick nach drau\u00dfen frei und wertet die R\u00e4ume auf. Das Ganzglas Schiebesystem \u201eTuttovetro Slide\u201c ist im Hinblick auf seine \u00e4sthetische Wirkung eine minimalistische L\u00f6sung und zeichnet sich durch seine lange Lebensdauer und Best\u00e4ndigkeit aus. Das macht diese Verglasung zur perfekten L\u00f6sung f\u00fcr alle, die auf derLeggi di pi\u00f9","og_url":"https:\/\/www.sunroom.it\/it\/produkte\/tuttovetro-slide\/","og_site_name":"Sunroom","article_modified_time":"2023-05-09T17:20:34+00:00","og_image":[{"width":1500,"height":1300,"url":"https:\/\/www.sunroom.it\/wp-content\/uploads\/2020\/04\/TUTTOVETRO-SLIDE_1500x1300_LIMBO.jpg","type":"image\/jpeg"}],"twitter_card":"summary_large_image","twitter_misc":{"Gesch\u00e4tzte Lesezeit":"1\u00a0Minute"},"schema":{"@context":"https:\/\/schema.org","@graph":[{"@type":"WebPage","@id":"https:\/\/www.sunroom.it\/it\/produkte\/tuttovetro-slide\/","url":"https:\/\/www.sunroom.it\/it\/produkte\/tuttovetro-slide\/","name":"Ganzglas Schiebesystem \u201eTuttovetro Slide\u201c - Sunroom","isPartOf":{"@id":"https:\/\/www.sunroom.it\/it\/#website"},"primaryImageOfPage":{"@id":"https:\/\/www.sunroom.it\/it\/produkte\/tuttovetro-slide\/#primaryimage"},"image":{"@id":"https:\/\/www.sunroom.it\/it\/produkte\/tuttovetro-slide\/#primaryimage"},"thumbnailUrl":"https:\/\/www.sunroom.it\/wp-content\/uploads\/2020\/04\/TUTTOVETRO-SLIDE_1500x1300_LIMBO.jpg","datePublished":"2020-10-17T19:54:41+00:00","dateModified":"2023-05-09T17:20:34+00:00","breadcrumb":{"@id":"https:\/\/www.sunroom.it\/it\/produkte\/tuttovetro-slide\/#breadcrumb"},"inLanguage":"de","potentialAction":[{"@type":"ReadAction","target":["https:\/\/www.sunroom.it\/it\/produkte\/tuttovetro-slide\/"]}]},{"@type":"ImageObject","inLanguage":"de","@id":"https:\/\/www.sunroom.it\/it\/produkte\/tuttovetro-slide\/#primaryimage","url":"https:\/\/www.sunroom.it\/wp-content\/uploads\/2020\/04\/TUTTOVETRO-SLIDE_1500x1300_LIMBO.jpg","contentUrl":"https:\/\/www.sunroom.it\/wp-content\/uploads\/2020\/04\/TUTTOVETRO-SLIDE_1500x1300_LIMBO.jpg","width":1500,"height":1300},{"@type":"BreadcrumbList","@id":"https:\/\/www.sunroom.it\/it\/produkte\/tuttovetro-slide\/#breadcrumb","itemListElement":[{"@type":"ListItem","position":1,"name":"Home","item":"https:\/\/www.sunroom.it\/de\/"},{"@type":"ListItem","position":2,"name":"Shop","item":"https:\/\/www.sunroom.it\/de\/shop\/"},{"@type":"ListItem","position":3,"name":"Ganzglas Schiebesystem \u201eTuttovetro Slide\u201c"}]},{"@type":"WebSite","@id":"https:\/\/www.sunroom.it\/it\/#website","url":"https:\/\/www.sunroom.it\/it\/","name":"Sunroom","description":"Sunroom","publisher":{"@id":"https:\/\/www.sunroom.it\/it\/#organization"},"potentialAction":[{"@type":"SearchAction","target":{"@type":"EntryPoint","urlTemplate":"https:\/\/www.sunroom.it\/it\/?s={search_term_string}"},"query-input":{"@type":"PropertyValueSpecification","valueRequired":true,"valueName":"search_term_string"}}],"inLanguage":"de"},{"@type":"Organization","@id":"https:\/\/www.sunroom.it\/it\/#organization","name":"Sunroom","url":"https:\/\/www.sunroom.it\/it\/","logo":{"@type":"ImageObject","inLanguage":"de","@id":"https:\/\/www.sunroom.it\/it\/#\/schema\/logo\/image\/","url":"https:\/\/www.sunroom.it\/wp-content\/uploads\/2021\/07\/sunroom_260x70px.png","contentUrl":"https:\/\/www.sunroom.it\/wp-content\/uploads\/2021\/07\/sunroom_260x70px.png","width":260,"height":70,"caption":"Sunroom"},"image":{"@id":"https:\/\/www.sunroom.it\/it\/#\/schema\/logo\/image\/"}}]}},"_links":{"self":[{"href":"https:\/\/www.sunroom.it\/de\/wp-json\/wp\/v2\/product\/6426","targetHints":{"allow":["GET"]}}],"collection":[{"href":"https:\/\/www.sunroom.it\/de\/wp-json\/wp\/v2\/product"}],"about":[{"href":"https:\/\/www.sunroom.it\/de\/wp-json\/wp\/v2\/types\/product"}],"replies":[{"embeddable":true,"href":"https:\/\/www.sunroom.it\/de\/wp-json\/wp\/v2\/comments?post=6426"}],"wp:featuredmedia":[{"embeddable":true,"href":"https:\/\/www.sunroom.it\/de\/wp-json\/wp\/v2\/media\/1750"}],"wp:attachment":[{"href":"https:\/\/www.sunroom.it\/de\/wp-json\/wp\/v2\/media?parent=6426"}],"wp:term":[{"taxonomy":"product_brand","embeddable":true,"href":"https:\/\/www.sunroom.it\/de\/wp-json\/wp\/v2\/product_brand?post=6426"},{"taxonomy":"product_cat","embeddable":true,"href":"https:\/\/www.sunroom.it\/de\/wp-json\/wp\/v2\/product_cat?post=6426"},{"taxonomy":"product_tag","embeddable":true,"href":"https:\/\/www.sunroom.it\/de\/wp-json\/wp\/v2\/product_tag?post=6426"}],"curies":[{"name":"wp","href":"https:\/\/api.w.org\/{rel}","templated":true}]}}