{"id":6420,"date":"2020-10-17T21:31:23","date_gmt":"2020-10-17T19:54:41","guid":{"rendered":"https:\/\/www.sunroom.it\/prodotto\/tuttovetro-ganzglas-system\/"},"modified":"2023-05-09T19:20:45","modified_gmt":"2023-05-09T17:20:45","slug":"tuttovetro-ganzglas-system","status":"publish","type":"product","link":"https:\/\/www.sunroom.it\/de\/produkte\/tuttovetro-ganzglas-system\/","title":{"rendered":"\u201eTuttovetro\u201c Ganzglas-System"},"content":{"rendered":"<p>Der Name des \u201eTuttovetro\u201c Ganzglas-System ist selbstredend: Es handelt sich um eine <strong>Verglasung, die nur aus Glasscheiben ohne Vertikalprofile besteht<\/strong>.<\/p>\n<p>Die wichtigsten Eigenschaften von <strong>Glas<\/strong> sind seine <strong>Transparenz<\/strong> und seine <strong>Reinheit<\/strong>. Durch eine Verbindung dieser beiden Eigenschaften k\u00f6nnen Sie Ihr Zuhause oder Ihr Lokal in einem einzigartigen Stil gestalten. Die Vorteile, die das \u201eTuttovetro\u201c Ganzglas-System bietet, sind neben der <strong>\u00c4sthetik <\/strong>des Systems, die sich praktisch &#8218;unsichtbar&#8216; in die Architektur des Geb\u00e4udes einf\u00fcgt, auch die M\u00f6glichkeit, die Schiebeelemente zu einem <strong>Paket zusammenzuschieben<\/strong>, das einen <strong>minimalen Platzbedarf<\/strong> hat, und das Schaffen eines neuen Raums, den Sie im Alltag optimal nutzen k\u00f6nnen.<\/p>\n<p>Jeder Fl\u00fcgel kann <strong>einzeln auf der rechten oder linken Seite zusammengeschoben werden<\/strong>, bei sehr gro\u00dffl\u00e4chigen Verglasungen auch geteilt auf beiden Seiten.<\/p>\n<p>Die Schiebefl\u00fcgel laufen auf zwei Schienen und werden mit speziellen Laufwagen in die obere Schiene eingeh\u00e4ngt. Unten an den Schiebeelementen befinden sich Kunststoffrollen, die in einer <strong>Aluminiumschiene<\/strong> am Boden laufen, die auch versenkt installiert werden kann.<\/p>\n<p>Das \u201eTuttovetro\u201c Ganzglas-System zeichnet sich durch sein klares <strong>Design<\/strong> und seine <strong>Zweckm\u00e4\u00dfigkeit<\/strong> aus und ist ideal f\u00fcr die Verglasung von bioklimatischen Lamellend\u00e4chern, Pergolen aus Glas, Balkonen oder Terrassen. Geselligkeit, Zweckm\u00e4\u00dfigkeit und die \u00dcberwindung der Grenzen zwischen Drinnen und Drau\u00dfen sind die Hauptmerkmale unseres \u201eTuttovetro\u201c Ganzglas-System in der faltbaren Version.<\/p>\n","protected":false},"excerpt":{"rendered":"<p>Der Name des \u201eTuttovetro\u201c Ganzglas-System ist selbstredend: Es handelt sich um eine Verglasung, die nur aus Glasscheiben ohne Vertikalprofile besteht. Die wichtigsten Eigenschaften von Glas sind seine Transparenz und seine Reinheit. Durch eine Verbindung dieser beiden Eigenschaften k\u00f6nnen Sie Ihr Zuhause oder Ihr Lokal in einem einzigartigen Stil gestalten. Die Vorteile, die das \u201eTuttovetro\u201c Ganzglas-SystemLeggi di pi\u00f9<\/p>\n","protected":false},"featured_media":1727,"comment_status":"closed","ping_status":"closed","template":"","meta":{"_acf_changed":false},"product_brand":[],"product_cat":[153,141],"product_tag":[],"class_list":{"0":"post-6420","1":"product","2":"type-product","3":"status-publish","4":"has-post-thumbnail","6":"product_cat-tuttovetro-ganzglas-systeme","7":"product_cat-produkte","8":"cat-product-privati-balconi-e-facciate-de","9":"cat-product-privati-innenhof","10":"cat-product-privati-privati-de","11":"cat-product-privati-verande-de","12":"cat-product-privati-verglasungen","13":"cat-product-privati-serre-de","14":"cat-product-contract-bar-de","15":"cat-product-contract-contract-de","16":"cat-product-contract-gelaterie-de","17":"cat-product-contract-hotel-de","18":"cat-product-contract-edifici-pubblici-de","19":"cat-product-contract-restaurants","20":"cat-product-contract-stabilimenti-balneari-de","22":"first","23":"instock","24":"product-type-simple"},"acf":[],"yoast_head":"<!-- This site is optimized with the Yoast SEO plugin v27.1 - https:\/\/yoast.com\/product\/yoast-seo-wordpress\/ -->\n<title>\u201eTuttovetro\u201c Ganzglas-System - Sunroom<\/title>\n<meta name=\"robots\" content=\"index, follow, max-snippet:-1, max-image-preview:large, max-video-preview:-1\" \/>\n<link rel=\"canonical\" href=\"https:\/\/www.sunroom.it\/it\/produkte\/tuttovetro\/\" \/>\n<meta property=\"og:locale\" content=\"de_DE\" \/>\n<meta property=\"og:type\" content=\"article\" \/>\n<meta property=\"og:title\" content=\"\u201eTuttovetro\u201c Ganzglas-System - Sunroom\" \/>\n<meta property=\"og:description\" content=\"Der Name des \u201eTuttovetro\u201c Ganzglas-System ist selbstredend: Es handelt sich um eine Verglasung, die nur aus Glasscheiben ohne Vertikalprofile besteht. Die wichtigsten Eigenschaften von Glas sind seine Transparenz und seine Reinheit. Durch eine Verbindung dieser beiden Eigenschaften k\u00f6nnen Sie Ihr Zuhause oder Ihr Lokal in einem einzigartigen Stil gestalten. Die Vorteile, die das \u201eTuttovetro\u201c Ganzglas-SystemLeggi di pi\u00f9\" \/>\n<meta property=\"og:url\" content=\"https:\/\/www.sunroom.it\/it\/produkte\/tuttovetro\/\" \/>\n<meta property=\"og:site_name\" content=\"Sunroom\" \/>\n<meta property=\"article:modified_time\" content=\"2023-05-09T17:20:45+00:00\" \/>\n<meta property=\"og:image\" content=\"https:\/\/www.sunroom.it\/wp-content\/uploads\/2020\/07\/TUTTOVETRO_1500x1300_LIMBO.jpg\" \/>\n\t<meta property=\"og:image:width\" content=\"1500\" \/>\n\t<meta property=\"og:image:height\" content=\"1300\" \/>\n\t<meta property=\"og:image:type\" content=\"image\/jpeg\" \/>\n<meta name=\"twitter:card\" content=\"summary_large_image\" \/>\n<meta name=\"twitter:label1\" content=\"Gesch\u00e4tzte Lesezeit\" \/>\n\t<meta name=\"twitter:data1\" content=\"2\u00a0Minuten\" \/>\n<script type=\"application\/ld+json\" class=\"yoast-schema-graph\">{\"@context\":\"https:\/\/schema.org\",\"@graph\":[{\"@type\":\"WebPage\",\"@id\":\"https:\/\/www.sunroom.it\/it\/produkte\/tuttovetro\/\",\"url\":\"https:\/\/www.sunroom.it\/it\/produkte\/tuttovetro\/\",\"name\":\"\u201eTuttovetro\u201c Ganzglas-System - Sunroom\",\"isPartOf\":{\"@id\":\"https:\/\/www.sunroom.it\/it\/#website\"},\"primaryImageOfPage\":{\"@id\":\"https:\/\/www.sunroom.it\/it\/produkte\/tuttovetro\/#primaryimage\"},\"image\":{\"@id\":\"https:\/\/www.sunroom.it\/it\/produkte\/tuttovetro\/#primaryimage\"},\"thumbnailUrl\":\"https:\/\/www.sunroom.it\/wp-content\/uploads\/2020\/07\/TUTTOVETRO_1500x1300_LIMBO.jpg\",\"datePublished\":\"2020-10-17T19:54:41+00:00\",\"dateModified\":\"2023-05-09T17:20:45+00:00\",\"breadcrumb\":{\"@id\":\"https:\/\/www.sunroom.it\/it\/produkte\/tuttovetro\/#breadcrumb\"},\"inLanguage\":\"de\",\"potentialAction\":[{\"@type\":\"ReadAction\",\"target\":[\"https:\/\/www.sunroom.it\/it\/produkte\/tuttovetro\/\"]}]},{\"@type\":\"ImageObject\",\"inLanguage\":\"de\",\"@id\":\"https:\/\/www.sunroom.it\/it\/produkte\/tuttovetro\/#primaryimage\",\"url\":\"https:\/\/www.sunroom.it\/wp-content\/uploads\/2020\/07\/TUTTOVETRO_1500x1300_LIMBO.jpg\",\"contentUrl\":\"https:\/\/www.sunroom.it\/wp-content\/uploads\/2020\/07\/TUTTOVETRO_1500x1300_LIMBO.jpg\",\"width\":1500,\"height\":1300},{\"@type\":\"BreadcrumbList\",\"@id\":\"https:\/\/www.sunroom.it\/it\/produkte\/tuttovetro\/#breadcrumb\",\"itemListElement\":[{\"@type\":\"ListItem\",\"position\":1,\"name\":\"Home\",\"item\":\"https:\/\/www.sunroom.it\/de\/\"},{\"@type\":\"ListItem\",\"position\":2,\"name\":\"Shop\",\"item\":\"https:\/\/www.sunroom.it\/de\/shop\/\"},{\"@type\":\"ListItem\",\"position\":3,\"name\":\"\u201eTuttovetro\u201c Ganzglas-System\"}]},{\"@type\":\"WebSite\",\"@id\":\"https:\/\/www.sunroom.it\/it\/#website\",\"url\":\"https:\/\/www.sunroom.it\/it\/\",\"name\":\"Sunroom\",\"description\":\"Sunroom\",\"publisher\":{\"@id\":\"https:\/\/www.sunroom.it\/it\/#organization\"},\"potentialAction\":[{\"@type\":\"SearchAction\",\"target\":{\"@type\":\"EntryPoint\",\"urlTemplate\":\"https:\/\/www.sunroom.it\/it\/?s={search_term_string}\"},\"query-input\":{\"@type\":\"PropertyValueSpecification\",\"valueRequired\":true,\"valueName\":\"search_term_string\"}}],\"inLanguage\":\"de\"},{\"@type\":\"Organization\",\"@id\":\"https:\/\/www.sunroom.it\/it\/#organization\",\"name\":\"Sunroom\",\"url\":\"https:\/\/www.sunroom.it\/it\/\",\"logo\":{\"@type\":\"ImageObject\",\"inLanguage\":\"de\",\"@id\":\"https:\/\/www.sunroom.it\/it\/#\/schema\/logo\/image\/\",\"url\":\"https:\/\/www.sunroom.it\/wp-content\/uploads\/2021\/07\/sunroom_260x70px.png\",\"contentUrl\":\"https:\/\/www.sunroom.it\/wp-content\/uploads\/2021\/07\/sunroom_260x70px.png\",\"width\":260,\"height\":70,\"caption\":\"Sunroom\"},\"image\":{\"@id\":\"https:\/\/www.sunroom.it\/it\/#\/schema\/logo\/image\/\"}}]}<\/script>\n<!-- \/ Yoast SEO plugin. -->","yoast_head_json":{"title":"\u201eTuttovetro\u201c Ganzglas-System - Sunroom","robots":{"index":"index","follow":"follow","max-snippet":"max-snippet:-1","max-image-preview":"max-image-preview:large","max-video-preview":"max-video-preview:-1"},"canonical":"https:\/\/www.sunroom.it\/it\/produkte\/tuttovetro\/","og_locale":"de_DE","og_type":"article","og_title":"\u201eTuttovetro\u201c Ganzglas-System - Sunroom","og_description":"Der Name des \u201eTuttovetro\u201c Ganzglas-System ist selbstredend: Es handelt sich um eine Verglasung, die nur aus Glasscheiben ohne Vertikalprofile besteht. Die wichtigsten Eigenschaften von Glas sind seine Transparenz und seine Reinheit. Durch eine Verbindung dieser beiden Eigenschaften k\u00f6nnen Sie Ihr Zuhause oder Ihr Lokal in einem einzigartigen Stil gestalten. Die Vorteile, die das \u201eTuttovetro\u201c Ganzglas-SystemLeggi di pi\u00f9","og_url":"https:\/\/www.sunroom.it\/it\/produkte\/tuttovetro\/","og_site_name":"Sunroom","article_modified_time":"2023-05-09T17:20:45+00:00","og_image":[{"width":1500,"height":1300,"url":"https:\/\/www.sunroom.it\/wp-content\/uploads\/2020\/07\/TUTTOVETRO_1500x1300_LIMBO.jpg","type":"image\/jpeg"}],"twitter_card":"summary_large_image","twitter_misc":{"Gesch\u00e4tzte Lesezeit":"2\u00a0Minuten"},"schema":{"@context":"https:\/\/schema.org","@graph":[{"@type":"WebPage","@id":"https:\/\/www.sunroom.it\/it\/produkte\/tuttovetro\/","url":"https:\/\/www.sunroom.it\/it\/produkte\/tuttovetro\/","name":"\u201eTuttovetro\u201c Ganzglas-System - Sunroom","isPartOf":{"@id":"https:\/\/www.sunroom.it\/it\/#website"},"primaryImageOfPage":{"@id":"https:\/\/www.sunroom.it\/it\/produkte\/tuttovetro\/#primaryimage"},"image":{"@id":"https:\/\/www.sunroom.it\/it\/produkte\/tuttovetro\/#primaryimage"},"thumbnailUrl":"https:\/\/www.sunroom.it\/wp-content\/uploads\/2020\/07\/TUTTOVETRO_1500x1300_LIMBO.jpg","datePublished":"2020-10-17T19:54:41+00:00","dateModified":"2023-05-09T17:20:45+00:00","breadcrumb":{"@id":"https:\/\/www.sunroom.it\/it\/produkte\/tuttovetro\/#breadcrumb"},"inLanguage":"de","potentialAction":[{"@type":"ReadAction","target":["https:\/\/www.sunroom.it\/it\/produkte\/tuttovetro\/"]}]},{"@type":"ImageObject","inLanguage":"de","@id":"https:\/\/www.sunroom.it\/it\/produkte\/tuttovetro\/#primaryimage","url":"https:\/\/www.sunroom.it\/wp-content\/uploads\/2020\/07\/TUTTOVETRO_1500x1300_LIMBO.jpg","contentUrl":"https:\/\/www.sunroom.it\/wp-content\/uploads\/2020\/07\/TUTTOVETRO_1500x1300_LIMBO.jpg","width":1500,"height":1300},{"@type":"BreadcrumbList","@id":"https:\/\/www.sunroom.it\/it\/produkte\/tuttovetro\/#breadcrumb","itemListElement":[{"@type":"ListItem","position":1,"name":"Home","item":"https:\/\/www.sunroom.it\/de\/"},{"@type":"ListItem","position":2,"name":"Shop","item":"https:\/\/www.sunroom.it\/de\/shop\/"},{"@type":"ListItem","position":3,"name":"\u201eTuttovetro\u201c Ganzglas-System"}]},{"@type":"WebSite","@id":"https:\/\/www.sunroom.it\/it\/#website","url":"https:\/\/www.sunroom.it\/it\/","name":"Sunroom","description":"Sunroom","publisher":{"@id":"https:\/\/www.sunroom.it\/it\/#organization"},"potentialAction":[{"@type":"SearchAction","target":{"@type":"EntryPoint","urlTemplate":"https:\/\/www.sunroom.it\/it\/?s={search_term_string}"},"query-input":{"@type":"PropertyValueSpecification","valueRequired":true,"valueName":"search_term_string"}}],"inLanguage":"de"},{"@type":"Organization","@id":"https:\/\/www.sunroom.it\/it\/#organization","name":"Sunroom","url":"https:\/\/www.sunroom.it\/it\/","logo":{"@type":"ImageObject","inLanguage":"de","@id":"https:\/\/www.sunroom.it\/it\/#\/schema\/logo\/image\/","url":"https:\/\/www.sunroom.it\/wp-content\/uploads\/2021\/07\/sunroom_260x70px.png","contentUrl":"https:\/\/www.sunroom.it\/wp-content\/uploads\/2021\/07\/sunroom_260x70px.png","width":260,"height":70,"caption":"Sunroom"},"image":{"@id":"https:\/\/www.sunroom.it\/it\/#\/schema\/logo\/image\/"}}]}},"_links":{"self":[{"href":"https:\/\/www.sunroom.it\/de\/wp-json\/wp\/v2\/product\/6420","targetHints":{"allow":["GET"]}}],"collection":[{"href":"https:\/\/www.sunroom.it\/de\/wp-json\/wp\/v2\/product"}],"about":[{"href":"https:\/\/www.sunroom.it\/de\/wp-json\/wp\/v2\/types\/product"}],"replies":[{"embeddable":true,"href":"https:\/\/www.sunroom.it\/de\/wp-json\/wp\/v2\/comments?post=6420"}],"wp:featuredmedia":[{"embeddable":true,"href":"https:\/\/www.sunroom.it\/de\/wp-json\/wp\/v2\/media\/1727"}],"wp:attachment":[{"href":"https:\/\/www.sunroom.it\/de\/wp-json\/wp\/v2\/media?parent=6420"}],"wp:term":[{"taxonomy":"product_brand","embeddable":true,"href":"https:\/\/www.sunroom.it\/de\/wp-json\/wp\/v2\/product_brand?post=6420"},{"taxonomy":"product_cat","embeddable":true,"href":"https:\/\/www.sunroom.it\/de\/wp-json\/wp\/v2\/product_cat?post=6420"},{"taxonomy":"product_tag","embeddable":true,"href":"https:\/\/www.sunroom.it\/de\/wp-json\/wp\/v2\/product_tag?post=6420"}],"curies":[{"name":"wp","href":"https:\/\/api.w.org\/{rel}","templated":true}]}}