{"id":6414,"date":"2020-10-17T21:31:23","date_gmt":"2020-10-17T19:54:41","guid":{"rendered":"https:\/\/www.sunroom.it\/prodotto\/s-150-tt\/"},"modified":"2023-05-09T19:19:17","modified_gmt":"2023-05-09T17:19:17","slug":"s-150-tt","status":"publish","type":"product","link":"https:\/\/www.sunroom.it\/de\/produkte\/s-150-tt\/","title":{"rendered":"S.150 TT"},"content":{"rendered":"<p>Die Schiebewand S.150 TT ist ein <strong>minimalistisches<\/strong> und extrem innovatives <strong>System<\/strong>, f\u00fcr das <strong>w\u00e4rmeged\u00e4mmte Profile<\/strong> mit sehr geringen Abmessungen verwendet werden. In die Profile k\u00f6nnen Glasscheiben aus Zweischeiben- oder Mehrscheiben-Isolierglas eingesetzt werden, die eine <strong>hohe W\u00e4rmed\u00e4mmung<\/strong> garantieren und die Energieeffizienz des Geb\u00e4udes verbessern.<\/p>\n<p>Das System besteht aus Spezialprofilen mit einem zentralen Pfosten mit <strong>minimalen Abmessungen<\/strong> und bietet so einen <strong>freien und ungest\u00f6rten Blick<\/strong> nach drau\u00dfen. Das <strong>exklusive Design<\/strong> ist durch lineare und reduzierte Formen charakterisiert und zeichnet sich durch eine moderne und elegante \u00c4sthetik aus. Alle Details werden nach Projektvorgabe ausgef\u00fchrt, mit sorgf\u00e4ltig ausgew\u00e4hlten hochwertigen und gepr\u00fcften Materialien, die f\u00fcr optimale <strong>Funktionalit\u00e4t<\/strong>, <strong>Zuverl\u00e4ssigkeit<\/strong> und eine lange <strong>Lebensdauer<\/strong> garantieren. \u00a0Obwohl die gro\u00dffl\u00e4chigen Verglasungen bis zu 400 kg wiegen k\u00f6nnen, l\u00e4sst sich das Schiebesystem ohne die geringste Anstrengung ganz einfach \u00f6ffnen und schlie\u00dfen. Die <strong>Laufwagen aus Edelstahl<\/strong> sind in das Profil des Schiebefl\u00fcgels eingesetzt und gesch\u00fctzt, um Stolpern oder Verschlei\u00df vorzubeugen.<\/p>\n<p>Die Gestaltungsm\u00f6glichkeiten sind genau so zahlreich wie die Anwendungsm\u00f6glichkeiten: Die Bauteile des Verglasungssystems S.150 TT, einschlie\u00dflich fest montierter oder abgewinkelter Schiebelemente, erm\u00f6glichen <strong>eine Vielzahl an Konfigurationen<\/strong> durch die Kombination von Farben, Stil und anderen Elementen und bieten damit maximale Flexibilit\u00e4t. Zum Endergebnis tragen auch Sie mit Ihren eigenen Ideen und Ihrer Kreativit\u00e4t bei!<\/p>\n","protected":false},"excerpt":{"rendered":"<p>Die Schiebewand S.150 TT ist ein minimalistisches und extrem innovatives System, f\u00fcr das w\u00e4rmeged\u00e4mmte Profile mit sehr geringen Abmessungen verwendet werden. In die Profile k\u00f6nnen Glasscheiben aus Zweischeiben- oder Mehrscheiben-Isolierglas eingesetzt werden, die eine hohe W\u00e4rmed\u00e4mmung garantieren und die Energieeffizienz des Geb\u00e4udes verbessern. Das System besteht aus Spezialprofilen mit einem zentralen Pfosten mit minimalen AbmessungenLeggi di pi\u00f9<\/p>\n","protected":false},"featured_media":1714,"comment_status":"closed","ping_status":"closed","template":"","meta":{"_acf_changed":false},"product_brand":[],"product_cat":[141,158],"product_tag":[],"class_list":{"0":"post-6414","1":"product","2":"type-product","3":"status-publish","4":"has-post-thumbnail","6":"product_cat-produkte","7":"product_cat-schiebewaende","8":"cat-product-privati-innenhof","9":"cat-product-privati-privati-de","10":"cat-product-privati-verande-de","11":"cat-product-privati-verglasungen","12":"cat-product-contract-contract-de","13":"cat-product-contract-hotel-de","14":"cat-product-contract-edifici-pubblici-de","16":"first","17":"instock","18":"product-type-simple"},"acf":[],"yoast_head":"<!-- This site is optimized with the Yoast SEO plugin v27.1 - https:\/\/yoast.com\/product\/yoast-seo-wordpress\/ -->\n<title>S.150 TT - Sunroom<\/title>\n<meta name=\"robots\" content=\"index, follow, max-snippet:-1, max-image-preview:large, max-video-preview:-1\" \/>\n<link rel=\"canonical\" href=\"https:\/\/www.sunroom.it\/de\/produkte\/s-150-tt\/\" \/>\n<meta property=\"og:locale\" content=\"de_DE\" \/>\n<meta property=\"og:type\" content=\"article\" \/>\n<meta property=\"og:title\" content=\"S.150 TT - Sunroom\" \/>\n<meta property=\"og:description\" content=\"Die Schiebewand S.150 TT ist ein minimalistisches und extrem innovatives System, f\u00fcr das w\u00e4rmeged\u00e4mmte Profile mit sehr geringen Abmessungen verwendet werden. In die Profile k\u00f6nnen Glasscheiben aus Zweischeiben- oder Mehrscheiben-Isolierglas eingesetzt werden, die eine hohe W\u00e4rmed\u00e4mmung garantieren und die Energieeffizienz des Geb\u00e4udes verbessern. Das System besteht aus Spezialprofilen mit einem zentralen Pfosten mit minimalen AbmessungenLeggi di pi\u00f9\" \/>\n<meta property=\"og:url\" content=\"https:\/\/www.sunroom.it\/de\/produkte\/s-150-tt\/\" \/>\n<meta property=\"og:site_name\" content=\"Sunroom\" \/>\n<meta property=\"article:modified_time\" content=\"2023-05-09T17:19:17+00:00\" \/>\n<meta property=\"og:image\" content=\"https:\/\/www.sunroom.it\/wp-content\/uploads\/2020\/04\/S150TT_1500x1300_LIMBO.jpg\" \/>\n\t<meta property=\"og:image:width\" content=\"1500\" \/>\n\t<meta property=\"og:image:height\" content=\"1300\" \/>\n\t<meta property=\"og:image:type\" content=\"image\/jpeg\" \/>\n<meta name=\"twitter:card\" content=\"summary_large_image\" \/>\n<meta name=\"twitter:label1\" content=\"Gesch\u00e4tzte Lesezeit\" \/>\n\t<meta name=\"twitter:data1\" content=\"2\u00a0Minuten\" \/>\n<script type=\"application\/ld+json\" class=\"yoast-schema-graph\">{\"@context\":\"https:\/\/schema.org\",\"@graph\":[{\"@type\":\"WebPage\",\"@id\":\"https:\/\/www.sunroom.it\/de\/produkte\/s-150-tt\/\",\"url\":\"https:\/\/www.sunroom.it\/de\/produkte\/s-150-tt\/\",\"name\":\"S.150 TT - Sunroom\",\"isPartOf\":{\"@id\":\"https:\/\/www.sunroom.it\/it\/#website\"},\"primaryImageOfPage\":{\"@id\":\"https:\/\/www.sunroom.it\/de\/produkte\/s-150-tt\/#primaryimage\"},\"image\":{\"@id\":\"https:\/\/www.sunroom.it\/de\/produkte\/s-150-tt\/#primaryimage\"},\"thumbnailUrl\":\"https:\/\/www.sunroom.it\/wp-content\/uploads\/2020\/04\/S150TT_1500x1300_LIMBO.jpg\",\"datePublished\":\"2020-10-17T19:54:41+00:00\",\"dateModified\":\"2023-05-09T17:19:17+00:00\",\"breadcrumb\":{\"@id\":\"https:\/\/www.sunroom.it\/de\/produkte\/s-150-tt\/#breadcrumb\"},\"inLanguage\":\"de\",\"potentialAction\":[{\"@type\":\"ReadAction\",\"target\":[\"https:\/\/www.sunroom.it\/de\/produkte\/s-150-tt\/\"]}]},{\"@type\":\"ImageObject\",\"inLanguage\":\"de\",\"@id\":\"https:\/\/www.sunroom.it\/de\/produkte\/s-150-tt\/#primaryimage\",\"url\":\"https:\/\/www.sunroom.it\/wp-content\/uploads\/2020\/04\/S150TT_1500x1300_LIMBO.jpg\",\"contentUrl\":\"https:\/\/www.sunroom.it\/wp-content\/uploads\/2020\/04\/S150TT_1500x1300_LIMBO.jpg\",\"width\":1500,\"height\":1300},{\"@type\":\"BreadcrumbList\",\"@id\":\"https:\/\/www.sunroom.it\/de\/produkte\/s-150-tt\/#breadcrumb\",\"itemListElement\":[{\"@type\":\"ListItem\",\"position\":1,\"name\":\"Home\",\"item\":\"https:\/\/www.sunroom.it\/de\/\"},{\"@type\":\"ListItem\",\"position\":2,\"name\":\"Shop\",\"item\":\"https:\/\/www.sunroom.it\/de\/shop\/\"},{\"@type\":\"ListItem\",\"position\":3,\"name\":\"S.150 TT\"}]},{\"@type\":\"WebSite\",\"@id\":\"https:\/\/www.sunroom.it\/it\/#website\",\"url\":\"https:\/\/www.sunroom.it\/it\/\",\"name\":\"Sunroom\",\"description\":\"Sunroom\",\"publisher\":{\"@id\":\"https:\/\/www.sunroom.it\/it\/#organization\"},\"potentialAction\":[{\"@type\":\"SearchAction\",\"target\":{\"@type\":\"EntryPoint\",\"urlTemplate\":\"https:\/\/www.sunroom.it\/it\/?s={search_term_string}\"},\"query-input\":{\"@type\":\"PropertyValueSpecification\",\"valueRequired\":true,\"valueName\":\"search_term_string\"}}],\"inLanguage\":\"de\"},{\"@type\":\"Organization\",\"@id\":\"https:\/\/www.sunroom.it\/it\/#organization\",\"name\":\"Sunroom\",\"url\":\"https:\/\/www.sunroom.it\/it\/\",\"logo\":{\"@type\":\"ImageObject\",\"inLanguage\":\"de\",\"@id\":\"https:\/\/www.sunroom.it\/it\/#\/schema\/logo\/image\/\",\"url\":\"https:\/\/www.sunroom.it\/wp-content\/uploads\/2021\/07\/sunroom_260x70px.png\",\"contentUrl\":\"https:\/\/www.sunroom.it\/wp-content\/uploads\/2021\/07\/sunroom_260x70px.png\",\"width\":260,\"height\":70,\"caption\":\"Sunroom\"},\"image\":{\"@id\":\"https:\/\/www.sunroom.it\/it\/#\/schema\/logo\/image\/\"}}]}<\/script>\n<!-- \/ Yoast SEO plugin. -->","yoast_head_json":{"title":"S.150 TT - Sunroom","robots":{"index":"index","follow":"follow","max-snippet":"max-snippet:-1","max-image-preview":"max-image-preview:large","max-video-preview":"max-video-preview:-1"},"canonical":"https:\/\/www.sunroom.it\/de\/produkte\/s-150-tt\/","og_locale":"de_DE","og_type":"article","og_title":"S.150 TT - Sunroom","og_description":"Die Schiebewand S.150 TT ist ein minimalistisches und extrem innovatives System, f\u00fcr das w\u00e4rmeged\u00e4mmte Profile mit sehr geringen Abmessungen verwendet werden. In die Profile k\u00f6nnen Glasscheiben aus Zweischeiben- oder Mehrscheiben-Isolierglas eingesetzt werden, die eine hohe W\u00e4rmed\u00e4mmung garantieren und die Energieeffizienz des Geb\u00e4udes verbessern. Das System besteht aus Spezialprofilen mit einem zentralen Pfosten mit minimalen AbmessungenLeggi di pi\u00f9","og_url":"https:\/\/www.sunroom.it\/de\/produkte\/s-150-tt\/","og_site_name":"Sunroom","article_modified_time":"2023-05-09T17:19:17+00:00","og_image":[{"width":1500,"height":1300,"url":"https:\/\/www.sunroom.it\/wp-content\/uploads\/2020\/04\/S150TT_1500x1300_LIMBO.jpg","type":"image\/jpeg"}],"twitter_card":"summary_large_image","twitter_misc":{"Gesch\u00e4tzte Lesezeit":"2\u00a0Minuten"},"schema":{"@context":"https:\/\/schema.org","@graph":[{"@type":"WebPage","@id":"https:\/\/www.sunroom.it\/de\/produkte\/s-150-tt\/","url":"https:\/\/www.sunroom.it\/de\/produkte\/s-150-tt\/","name":"S.150 TT - Sunroom","isPartOf":{"@id":"https:\/\/www.sunroom.it\/it\/#website"},"primaryImageOfPage":{"@id":"https:\/\/www.sunroom.it\/de\/produkte\/s-150-tt\/#primaryimage"},"image":{"@id":"https:\/\/www.sunroom.it\/de\/produkte\/s-150-tt\/#primaryimage"},"thumbnailUrl":"https:\/\/www.sunroom.it\/wp-content\/uploads\/2020\/04\/S150TT_1500x1300_LIMBO.jpg","datePublished":"2020-10-17T19:54:41+00:00","dateModified":"2023-05-09T17:19:17+00:00","breadcrumb":{"@id":"https:\/\/www.sunroom.it\/de\/produkte\/s-150-tt\/#breadcrumb"},"inLanguage":"de","potentialAction":[{"@type":"ReadAction","target":["https:\/\/www.sunroom.it\/de\/produkte\/s-150-tt\/"]}]},{"@type":"ImageObject","inLanguage":"de","@id":"https:\/\/www.sunroom.it\/de\/produkte\/s-150-tt\/#primaryimage","url":"https:\/\/www.sunroom.it\/wp-content\/uploads\/2020\/04\/S150TT_1500x1300_LIMBO.jpg","contentUrl":"https:\/\/www.sunroom.it\/wp-content\/uploads\/2020\/04\/S150TT_1500x1300_LIMBO.jpg","width":1500,"height":1300},{"@type":"BreadcrumbList","@id":"https:\/\/www.sunroom.it\/de\/produkte\/s-150-tt\/#breadcrumb","itemListElement":[{"@type":"ListItem","position":1,"name":"Home","item":"https:\/\/www.sunroom.it\/de\/"},{"@type":"ListItem","position":2,"name":"Shop","item":"https:\/\/www.sunroom.it\/de\/shop\/"},{"@type":"ListItem","position":3,"name":"S.150 TT"}]},{"@type":"WebSite","@id":"https:\/\/www.sunroom.it\/it\/#website","url":"https:\/\/www.sunroom.it\/it\/","name":"Sunroom","description":"Sunroom","publisher":{"@id":"https:\/\/www.sunroom.it\/it\/#organization"},"potentialAction":[{"@type":"SearchAction","target":{"@type":"EntryPoint","urlTemplate":"https:\/\/www.sunroom.it\/it\/?s={search_term_string}"},"query-input":{"@type":"PropertyValueSpecification","valueRequired":true,"valueName":"search_term_string"}}],"inLanguage":"de"},{"@type":"Organization","@id":"https:\/\/www.sunroom.it\/it\/#organization","name":"Sunroom","url":"https:\/\/www.sunroom.it\/it\/","logo":{"@type":"ImageObject","inLanguage":"de","@id":"https:\/\/www.sunroom.it\/it\/#\/schema\/logo\/image\/","url":"https:\/\/www.sunroom.it\/wp-content\/uploads\/2021\/07\/sunroom_260x70px.png","contentUrl":"https:\/\/www.sunroom.it\/wp-content\/uploads\/2021\/07\/sunroom_260x70px.png","width":260,"height":70,"caption":"Sunroom"},"image":{"@id":"https:\/\/www.sunroom.it\/it\/#\/schema\/logo\/image\/"}}]}},"_links":{"self":[{"href":"https:\/\/www.sunroom.it\/de\/wp-json\/wp\/v2\/product\/6414","targetHints":{"allow":["GET"]}}],"collection":[{"href":"https:\/\/www.sunroom.it\/de\/wp-json\/wp\/v2\/product"}],"about":[{"href":"https:\/\/www.sunroom.it\/de\/wp-json\/wp\/v2\/types\/product"}],"replies":[{"embeddable":true,"href":"https:\/\/www.sunroom.it\/de\/wp-json\/wp\/v2\/comments?post=6414"}],"wp:featuredmedia":[{"embeddable":true,"href":"https:\/\/www.sunroom.it\/de\/wp-json\/wp\/v2\/media\/1714"}],"wp:attachment":[{"href":"https:\/\/www.sunroom.it\/de\/wp-json\/wp\/v2\/media?parent=6414"}],"wp:term":[{"taxonomy":"product_brand","embeddable":true,"href":"https:\/\/www.sunroom.it\/de\/wp-json\/wp\/v2\/product_brand?post=6414"},{"taxonomy":"product_cat","embeddable":true,"href":"https:\/\/www.sunroom.it\/de\/wp-json\/wp\/v2\/product_cat?post=6414"},{"taxonomy":"product_tag","embeddable":true,"href":"https:\/\/www.sunroom.it\/de\/wp-json\/wp\/v2\/product_tag?post=6414"}],"curies":[{"name":"wp","href":"https:\/\/api.w.org\/{rel}","templated":true}]}}