{"id":6408,"date":"2020-10-17T21:31:23","date_gmt":"2020-10-17T19:54:41","guid":{"rendered":"https:\/\/www.sunroom.it\/prodotto\/s-50\/"},"modified":"2023-05-09T19:16:30","modified_gmt":"2023-05-09T17:16:30","slug":"s-50","status":"publish","type":"product","link":"https:\/\/www.sunroom.it\/de\/produkte\/s-50\/","title":{"rendered":"S.50"},"content":{"rendered":"<p>Eine neue Verglasung versch\u00f6nert nicht Ihr Zuhause nicht nur innen, sondern auch von au\u00dfen. Unabh\u00e4ngig von der Gestaltung Ihres <strong>Outdoor-Bereichs<\/strong> f\u00fcgt sich die Schiebewand S.50 mit ihren schlichten und klaren Formen perfekt in das Gesamtbild Ihres <strong>Geb\u00e4udes<\/strong> oder Ihres <strong>gewerblichen Betriebs<\/strong> ein.<\/p>\n<p>Das Verglasungssystem S.50 mit parallel laufenden Schiebeelementen und <strong>einfacher Konstruktion <\/strong>aus Profilen ohne W\u00e4rmed\u00e4mmung bietet einen guten Schutz vor Wind und Wetter und vor L\u00e4rm und ist ideal f\u00fcr die Verglasung Ihres bioklimatischen Lamellendachs, Ihrer Terrasse oder Ihrer Pergola, aber auch f\u00fcr gewerbliche Betriebe mit Publikumsverkehr.<\/p>\n<p>Die besondere Konstruktion des <strong>modularen Rahmens<\/strong> bietet zahlreiche Gestaltungsm\u00f6glichkeiten und die Aluminiumprofile sind in zahllosen Farben erh\u00e4ltlich, sodass sich der geschaffene Raum perfekt an Ihren Lifestyle anpassen l\u00e4sst. Die Fl\u00fcgel sind immer <strong>ma\u00dfgefertigt<\/strong> und laufen auf Laufwagen mit Kugellagern aus <strong>Edelstahl<\/strong>, die f\u00fcr eine maximale Lebensdauer und Sicherheit bei t\u00e4glichem Gebrauch garantieren. Die einzelnen Schiebefl\u00fcgel verf\u00fcgen \u00fcber regulierbare Laufwagen f\u00fcr eine <strong>perfekte Ausrichtung<\/strong>, die eine <strong>optimale Leichtl\u00e4ufigkeit gew\u00e4hrleistet<\/strong>.<\/p>\n","protected":false},"excerpt":{"rendered":"<p>Eine neue Verglasung versch\u00f6nert nicht Ihr Zuhause nicht nur innen, sondern auch von au\u00dfen. Unabh\u00e4ngig von der Gestaltung Ihres Outdoor-Bereichs f\u00fcgt sich die Schiebewand S.50 mit ihren schlichten und klaren Formen perfekt in das Gesamtbild Ihres Geb\u00e4udes oder Ihres gewerblichen Betriebs ein. Das Verglasungssystem S.50 mit parallel laufenden Schiebeelementen und einfacher Konstruktion aus Profilen ohneLeggi di pi\u00f9<\/p>\n","protected":false},"featured_media":1825,"comment_status":"closed","ping_status":"closed","template":"","meta":{"_acf_changed":false},"product_brand":[],"product_cat":[141,158],"product_tag":[],"class_list":{"0":"post-6408","1":"product","2":"type-product","3":"status-publish","4":"has-post-thumbnail","6":"product_cat-produkte","7":"product_cat-schiebewaende","8":"cat-product-privati-balconi-e-facciate-de","9":"cat-product-privati-innenhof","10":"cat-product-privati-privati-de","11":"cat-product-privati-verande-de","12":"cat-product-privati-verglasungen","13":"cat-product-privati-serre-de","14":"cat-product-contract-bar-de","15":"cat-product-contract-contract-de","16":"cat-product-contract-gelaterie-de","17":"cat-product-contract-restaurants","18":"cat-product-contract-stabilimenti-balneari-de","20":"first","21":"instock","22":"product-type-simple"},"acf":[],"yoast_head":"<!-- This site is optimized with the Yoast SEO plugin v27.1 - https:\/\/yoast.com\/product\/yoast-seo-wordpress\/ -->\n<title>S.50 - Sunroom<\/title>\n<meta name=\"robots\" content=\"index, follow, max-snippet:-1, max-image-preview:large, max-video-preview:-1\" \/>\n<link rel=\"canonical\" href=\"https:\/\/www.sunroom.it\/de\/produkte\/s-50\/\" \/>\n<meta property=\"og:locale\" content=\"de_DE\" \/>\n<meta property=\"og:type\" content=\"article\" \/>\n<meta property=\"og:title\" content=\"S.50 - Sunroom\" \/>\n<meta property=\"og:description\" content=\"Eine neue Verglasung versch\u00f6nert nicht Ihr Zuhause nicht nur innen, sondern auch von au\u00dfen. Unabh\u00e4ngig von der Gestaltung Ihres Outdoor-Bereichs f\u00fcgt sich die Schiebewand S.50 mit ihren schlichten und klaren Formen perfekt in das Gesamtbild Ihres Geb\u00e4udes oder Ihres gewerblichen Betriebs ein. Das Verglasungssystem S.50 mit parallel laufenden Schiebeelementen und einfacher Konstruktion aus Profilen ohneLeggi di pi\u00f9\" \/>\n<meta property=\"og:url\" content=\"https:\/\/www.sunroom.it\/de\/produkte\/s-50\/\" \/>\n<meta property=\"og:site_name\" content=\"Sunroom\" \/>\n<meta property=\"article:modified_time\" content=\"2023-05-09T17:16:30+00:00\" \/>\n<meta property=\"og:image\" content=\"https:\/\/www.sunroom.it\/wp-content\/uploads\/2020\/04\/S50_1500X1300_LIMBO.jpg\" \/>\n\t<meta property=\"og:image:width\" content=\"1500\" \/>\n\t<meta property=\"og:image:height\" content=\"1300\" \/>\n\t<meta property=\"og:image:type\" content=\"image\/jpeg\" \/>\n<meta name=\"twitter:card\" content=\"summary_large_image\" \/>\n<meta name=\"twitter:label1\" content=\"Gesch\u00e4tzte Lesezeit\" \/>\n\t<meta name=\"twitter:data1\" content=\"1\u00a0Minute\" \/>\n<script type=\"application\/ld+json\" class=\"yoast-schema-graph\">{\"@context\":\"https:\/\/schema.org\",\"@graph\":[{\"@type\":\"WebPage\",\"@id\":\"https:\/\/www.sunroom.it\/de\/produkte\/s-50\/\",\"url\":\"https:\/\/www.sunroom.it\/de\/produkte\/s-50\/\",\"name\":\"S.50 - Sunroom\",\"isPartOf\":{\"@id\":\"https:\/\/www.sunroom.it\/it\/#website\"},\"primaryImageOfPage\":{\"@id\":\"https:\/\/www.sunroom.it\/de\/produkte\/s-50\/#primaryimage\"},\"image\":{\"@id\":\"https:\/\/www.sunroom.it\/de\/produkte\/s-50\/#primaryimage\"},\"thumbnailUrl\":\"https:\/\/www.sunroom.it\/wp-content\/uploads\/2020\/04\/S50_1500X1300_LIMBO.jpg\",\"datePublished\":\"2020-10-17T19:54:41+00:00\",\"dateModified\":\"2023-05-09T17:16:30+00:00\",\"breadcrumb\":{\"@id\":\"https:\/\/www.sunroom.it\/de\/produkte\/s-50\/#breadcrumb\"},\"inLanguage\":\"de\",\"potentialAction\":[{\"@type\":\"ReadAction\",\"target\":[\"https:\/\/www.sunroom.it\/de\/produkte\/s-50\/\"]}]},{\"@type\":\"ImageObject\",\"inLanguage\":\"de\",\"@id\":\"https:\/\/www.sunroom.it\/de\/produkte\/s-50\/#primaryimage\",\"url\":\"https:\/\/www.sunroom.it\/wp-content\/uploads\/2020\/04\/S50_1500X1300_LIMBO.jpg\",\"contentUrl\":\"https:\/\/www.sunroom.it\/wp-content\/uploads\/2020\/04\/S50_1500X1300_LIMBO.jpg\",\"width\":1500,\"height\":1300},{\"@type\":\"BreadcrumbList\",\"@id\":\"https:\/\/www.sunroom.it\/de\/produkte\/s-50\/#breadcrumb\",\"itemListElement\":[{\"@type\":\"ListItem\",\"position\":1,\"name\":\"Home\",\"item\":\"https:\/\/www.sunroom.it\/de\/\"},{\"@type\":\"ListItem\",\"position\":2,\"name\":\"Shop\",\"item\":\"https:\/\/www.sunroom.it\/de\/shop\/\"},{\"@type\":\"ListItem\",\"position\":3,\"name\":\"S.50\"}]},{\"@type\":\"WebSite\",\"@id\":\"https:\/\/www.sunroom.it\/it\/#website\",\"url\":\"https:\/\/www.sunroom.it\/it\/\",\"name\":\"Sunroom\",\"description\":\"Sunroom\",\"publisher\":{\"@id\":\"https:\/\/www.sunroom.it\/it\/#organization\"},\"potentialAction\":[{\"@type\":\"SearchAction\",\"target\":{\"@type\":\"EntryPoint\",\"urlTemplate\":\"https:\/\/www.sunroom.it\/it\/?s={search_term_string}\"},\"query-input\":{\"@type\":\"PropertyValueSpecification\",\"valueRequired\":true,\"valueName\":\"search_term_string\"}}],\"inLanguage\":\"de\"},{\"@type\":\"Organization\",\"@id\":\"https:\/\/www.sunroom.it\/it\/#organization\",\"name\":\"Sunroom\",\"url\":\"https:\/\/www.sunroom.it\/it\/\",\"logo\":{\"@type\":\"ImageObject\",\"inLanguage\":\"de\",\"@id\":\"https:\/\/www.sunroom.it\/it\/#\/schema\/logo\/image\/\",\"url\":\"https:\/\/www.sunroom.it\/wp-content\/uploads\/2021\/07\/sunroom_260x70px.png\",\"contentUrl\":\"https:\/\/www.sunroom.it\/wp-content\/uploads\/2021\/07\/sunroom_260x70px.png\",\"width\":260,\"height\":70,\"caption\":\"Sunroom\"},\"image\":{\"@id\":\"https:\/\/www.sunroom.it\/it\/#\/schema\/logo\/image\/\"}}]}<\/script>\n<!-- \/ Yoast SEO plugin. -->","yoast_head_json":{"title":"S.50 - Sunroom","robots":{"index":"index","follow":"follow","max-snippet":"max-snippet:-1","max-image-preview":"max-image-preview:large","max-video-preview":"max-video-preview:-1"},"canonical":"https:\/\/www.sunroom.it\/de\/produkte\/s-50\/","og_locale":"de_DE","og_type":"article","og_title":"S.50 - Sunroom","og_description":"Eine neue Verglasung versch\u00f6nert nicht Ihr Zuhause nicht nur innen, sondern auch von au\u00dfen. Unabh\u00e4ngig von der Gestaltung Ihres Outdoor-Bereichs f\u00fcgt sich die Schiebewand S.50 mit ihren schlichten und klaren Formen perfekt in das Gesamtbild Ihres Geb\u00e4udes oder Ihres gewerblichen Betriebs ein. Das Verglasungssystem S.50 mit parallel laufenden Schiebeelementen und einfacher Konstruktion aus Profilen ohneLeggi di pi\u00f9","og_url":"https:\/\/www.sunroom.it\/de\/produkte\/s-50\/","og_site_name":"Sunroom","article_modified_time":"2023-05-09T17:16:30+00:00","og_image":[{"width":1500,"height":1300,"url":"https:\/\/www.sunroom.it\/wp-content\/uploads\/2020\/04\/S50_1500X1300_LIMBO.jpg","type":"image\/jpeg"}],"twitter_card":"summary_large_image","twitter_misc":{"Gesch\u00e4tzte Lesezeit":"1\u00a0Minute"},"schema":{"@context":"https:\/\/schema.org","@graph":[{"@type":"WebPage","@id":"https:\/\/www.sunroom.it\/de\/produkte\/s-50\/","url":"https:\/\/www.sunroom.it\/de\/produkte\/s-50\/","name":"S.50 - Sunroom","isPartOf":{"@id":"https:\/\/www.sunroom.it\/it\/#website"},"primaryImageOfPage":{"@id":"https:\/\/www.sunroom.it\/de\/produkte\/s-50\/#primaryimage"},"image":{"@id":"https:\/\/www.sunroom.it\/de\/produkte\/s-50\/#primaryimage"},"thumbnailUrl":"https:\/\/www.sunroom.it\/wp-content\/uploads\/2020\/04\/S50_1500X1300_LIMBO.jpg","datePublished":"2020-10-17T19:54:41+00:00","dateModified":"2023-05-09T17:16:30+00:00","breadcrumb":{"@id":"https:\/\/www.sunroom.it\/de\/produkte\/s-50\/#breadcrumb"},"inLanguage":"de","potentialAction":[{"@type":"ReadAction","target":["https:\/\/www.sunroom.it\/de\/produkte\/s-50\/"]}]},{"@type":"ImageObject","inLanguage":"de","@id":"https:\/\/www.sunroom.it\/de\/produkte\/s-50\/#primaryimage","url":"https:\/\/www.sunroom.it\/wp-content\/uploads\/2020\/04\/S50_1500X1300_LIMBO.jpg","contentUrl":"https:\/\/www.sunroom.it\/wp-content\/uploads\/2020\/04\/S50_1500X1300_LIMBO.jpg","width":1500,"height":1300},{"@type":"BreadcrumbList","@id":"https:\/\/www.sunroom.it\/de\/produkte\/s-50\/#breadcrumb","itemListElement":[{"@type":"ListItem","position":1,"name":"Home","item":"https:\/\/www.sunroom.it\/de\/"},{"@type":"ListItem","position":2,"name":"Shop","item":"https:\/\/www.sunroom.it\/de\/shop\/"},{"@type":"ListItem","position":3,"name":"S.50"}]},{"@type":"WebSite","@id":"https:\/\/www.sunroom.it\/it\/#website","url":"https:\/\/www.sunroom.it\/it\/","name":"Sunroom","description":"Sunroom","publisher":{"@id":"https:\/\/www.sunroom.it\/it\/#organization"},"potentialAction":[{"@type":"SearchAction","target":{"@type":"EntryPoint","urlTemplate":"https:\/\/www.sunroom.it\/it\/?s={search_term_string}"},"query-input":{"@type":"PropertyValueSpecification","valueRequired":true,"valueName":"search_term_string"}}],"inLanguage":"de"},{"@type":"Organization","@id":"https:\/\/www.sunroom.it\/it\/#organization","name":"Sunroom","url":"https:\/\/www.sunroom.it\/it\/","logo":{"@type":"ImageObject","inLanguage":"de","@id":"https:\/\/www.sunroom.it\/it\/#\/schema\/logo\/image\/","url":"https:\/\/www.sunroom.it\/wp-content\/uploads\/2021\/07\/sunroom_260x70px.png","contentUrl":"https:\/\/www.sunroom.it\/wp-content\/uploads\/2021\/07\/sunroom_260x70px.png","width":260,"height":70,"caption":"Sunroom"},"image":{"@id":"https:\/\/www.sunroom.it\/it\/#\/schema\/logo\/image\/"}}]}},"_links":{"self":[{"href":"https:\/\/www.sunroom.it\/de\/wp-json\/wp\/v2\/product\/6408","targetHints":{"allow":["GET"]}}],"collection":[{"href":"https:\/\/www.sunroom.it\/de\/wp-json\/wp\/v2\/product"}],"about":[{"href":"https:\/\/www.sunroom.it\/de\/wp-json\/wp\/v2\/types\/product"}],"replies":[{"embeddable":true,"href":"https:\/\/www.sunroom.it\/de\/wp-json\/wp\/v2\/comments?post=6408"}],"wp:featuredmedia":[{"embeddable":true,"href":"https:\/\/www.sunroom.it\/de\/wp-json\/wp\/v2\/media\/1825"}],"wp:attachment":[{"href":"https:\/\/www.sunroom.it\/de\/wp-json\/wp\/v2\/media?parent=6408"}],"wp:term":[{"taxonomy":"product_brand","embeddable":true,"href":"https:\/\/www.sunroom.it\/de\/wp-json\/wp\/v2\/product_brand?post=6408"},{"taxonomy":"product_cat","embeddable":true,"href":"https:\/\/www.sunroom.it\/de\/wp-json\/wp\/v2\/product_cat?post=6408"},{"taxonomy":"product_tag","embeddable":true,"href":"https:\/\/www.sunroom.it\/de\/wp-json\/wp\/v2\/product_tag?post=6408"}],"curies":[{"name":"wp","href":"https:\/\/api.w.org\/{rel}","templated":true}]}}