{"id":6390,"date":"2020-10-17T21:31:23","date_gmt":"2020-10-17T19:54:41","guid":{"rendered":"https:\/\/www.sunroom.it\/prodotto\/s-75-tt\/"},"modified":"2023-05-09T19:17:49","modified_gmt":"2023-05-09T17:17:49","slug":"s-75-tt","status":"publish","type":"product","link":"https:\/\/www.sunroom.it\/de\/produkte\/s-75-tt\/","title":{"rendered":"S.75 TT"},"content":{"rendered":"<p>Eine Glasfaltwand bietet wirklich zahllose Vorteile! Sie ist elegant und originell und wird zu einem <strong>echten Einrichtungsgegenstand<\/strong>, der alle Projektanforderungen zufriedenstellt: Die Glasfaltwand S.75 TT l\u00e4sst sich f\u00fcr einen nahtlosen \u00dcbergang der Innenr\u00e4ume zum Au\u00dfenbereich <strong>komplett zusammenschieben<\/strong> und bietet Ihnen <strong>maximale Freiheit<\/strong> bei der Gestaltung der R\u00e4ume.<\/p>\n<p>Die Fl\u00fcgel sind immer <strong>ma\u00dfgefertigt<\/strong> und die untere Schiene, die obere Schiene und die seitlichen Anschl\u00e4ge bilden einen geschlossenen Rahmen mit doppelten Dichtungen, die mit Dichtungsandruck funktionieren und f\u00fcr <strong>herausragende<\/strong> <strong>Leistungen<\/strong> garantieren. Mit ihrem besonderen System ist die Glasfaltwand S. 75 TT auch ideal f\u00fcr Klimazonen, in denen Witterungsbest\u00e4ndigkeit, Dichtigkeit und W\u00e4rme- und Schalld\u00e4mmung oberster Priorit\u00e4t haben. <strong>Die W\u00e4rmed\u00e4mmung<\/strong> erfolgt mit 28 mm Polyamidstangen, die einen <strong>optimalen Wohnkomfort<\/strong> und eine h\u00f6here <strong>Energieeffizienz<\/strong> unterst\u00fctzen.<\/p>\n<p>Die <strong>speziell entwickelten Zubeh\u00f6rteile<\/strong> verbinden die Notwendigkeit einer hohen Tragf\u00e4higkeit mit einem innovativen Design, insbesondere die <strong>Scharniere<\/strong> und die <strong>Laufwagen aus eloxiertem Aluminium und Edelstahl<\/strong> und die <strong>Griffe<\/strong> mit ihrer kantigen, minimalistischen Form.<\/p>\n<p>Das <strong>Paket kann schnell und leise<\/strong> auf der rechten oder linken Seite zusammengeschoben werden, bei sehr gro\u00dffl\u00e4chigen Verglasungen auch geteilt auf beiden Seiten. Mit der Glasfaltwand S. 75 TT k\u00f6nnen Sie einen <strong>Raum<\/strong> mit einem <strong>Wohlf\u00fchlklima<\/strong> schaffen, das Sie sich immer gew\u00fcnscht haben und wo Temperatur, Helligkeit und Komfort zu einen Synonym f\u00fcr Ihr \u201eWohlf\u00fchlgef\u00fchl\u201c zu Hause werden!<\/p>\n","protected":false},"excerpt":{"rendered":"<p>Eine Glasfaltwand bietet wirklich zahllose Vorteile! Sie ist elegant und originell und wird zu einem echten Einrichtungsgegenstand, der alle Projektanforderungen zufriedenstellt: Die Glasfaltwand S.75 TT l\u00e4sst sich f\u00fcr einen nahtlosen \u00dcbergang der Innenr\u00e4ume zum Au\u00dfenbereich komplett zusammenschieben und bietet Ihnen maximale Freiheit bei der Gestaltung der R\u00e4ume. Die Fl\u00fcgel sind immer ma\u00dfgefertigt und die untereLeggi di pi\u00f9<\/p>\n","protected":false},"featured_media":1783,"comment_status":"closed","ping_status":"closed","template":"","meta":{"_acf_changed":false},"product_brand":[],"product_cat":[155,141],"product_tag":[],"class_list":{"0":"post-6390","1":"product","2":"type-product","3":"status-publish","4":"has-post-thumbnail","6":"product_cat-glasfaltwaende","7":"product_cat-produkte","8":"cat-product-privati-innenhof","9":"cat-product-privati-privati-de","10":"cat-product-privati-verande-de","11":"cat-product-privati-verglasungen","12":"cat-product-contract-contract-de","13":"cat-product-contract-hotel-de","14":"cat-product-contract-edifici-pubblici-de","16":"first","17":"instock","18":"product-type-simple"},"acf":[],"yoast_head":"<!-- This site is optimized with the Yoast SEO plugin v27.1 - https:\/\/yoast.com\/product\/yoast-seo-wordpress\/ -->\n<title>S.75 TT - Sunroom<\/title>\n<meta name=\"robots\" content=\"index, follow, max-snippet:-1, max-image-preview:large, max-video-preview:-1\" \/>\n<link rel=\"canonical\" href=\"https:\/\/www.sunroom.it\/it\/produkte\/s-75-tt\/\" \/>\n<meta property=\"og:locale\" content=\"de_DE\" \/>\n<meta property=\"og:type\" content=\"article\" \/>\n<meta property=\"og:title\" content=\"S.75 TT - Sunroom\" \/>\n<meta property=\"og:description\" content=\"Eine Glasfaltwand bietet wirklich zahllose Vorteile! Sie ist elegant und originell und wird zu einem echten Einrichtungsgegenstand, der alle Projektanforderungen zufriedenstellt: Die Glasfaltwand S.75 TT l\u00e4sst sich f\u00fcr einen nahtlosen \u00dcbergang der Innenr\u00e4ume zum Au\u00dfenbereich komplett zusammenschieben und bietet Ihnen maximale Freiheit bei der Gestaltung der R\u00e4ume. Die Fl\u00fcgel sind immer ma\u00dfgefertigt und die untereLeggi di pi\u00f9\" \/>\n<meta property=\"og:url\" content=\"https:\/\/www.sunroom.it\/it\/produkte\/s-75-tt\/\" \/>\n<meta property=\"og:site_name\" content=\"Sunroom\" \/>\n<meta property=\"article:modified_time\" content=\"2023-05-09T17:17:49+00:00\" \/>\n<meta property=\"og:image\" content=\"https:\/\/www.sunroom.it\/wp-content\/uploads\/2020\/04\/S75TT_1500x1300_LIMBO.jpg\" \/>\n\t<meta property=\"og:image:width\" content=\"1500\" \/>\n\t<meta property=\"og:image:height\" content=\"1300\" \/>\n\t<meta property=\"og:image:type\" content=\"image\/jpeg\" \/>\n<meta name=\"twitter:card\" content=\"summary_large_image\" \/>\n<meta name=\"twitter:label1\" content=\"Gesch\u00e4tzte Lesezeit\" \/>\n\t<meta name=\"twitter:data1\" content=\"2\u00a0Minuten\" \/>\n<script type=\"application\/ld+json\" class=\"yoast-schema-graph\">{\"@context\":\"https:\/\/schema.org\",\"@graph\":[{\"@type\":\"WebPage\",\"@id\":\"https:\/\/www.sunroom.it\/it\/produkte\/s-75-tt\/\",\"url\":\"https:\/\/www.sunroom.it\/it\/produkte\/s-75-tt\/\",\"name\":\"S.75 TT - Sunroom\",\"isPartOf\":{\"@id\":\"https:\/\/www.sunroom.it\/it\/#website\"},\"primaryImageOfPage\":{\"@id\":\"https:\/\/www.sunroom.it\/it\/produkte\/s-75-tt\/#primaryimage\"},\"image\":{\"@id\":\"https:\/\/www.sunroom.it\/it\/produkte\/s-75-tt\/#primaryimage\"},\"thumbnailUrl\":\"https:\/\/www.sunroom.it\/wp-content\/uploads\/2020\/04\/S75TT_1500x1300_LIMBO.jpg\",\"datePublished\":\"2020-10-17T19:54:41+00:00\",\"dateModified\":\"2023-05-09T17:17:49+00:00\",\"breadcrumb\":{\"@id\":\"https:\/\/www.sunroom.it\/it\/produkte\/s-75-tt\/#breadcrumb\"},\"inLanguage\":\"de\",\"potentialAction\":[{\"@type\":\"ReadAction\",\"target\":[\"https:\/\/www.sunroom.it\/it\/produkte\/s-75-tt\/\"]}]},{\"@type\":\"ImageObject\",\"inLanguage\":\"de\",\"@id\":\"https:\/\/www.sunroom.it\/it\/produkte\/s-75-tt\/#primaryimage\",\"url\":\"https:\/\/www.sunroom.it\/wp-content\/uploads\/2020\/04\/S75TT_1500x1300_LIMBO.jpg\",\"contentUrl\":\"https:\/\/www.sunroom.it\/wp-content\/uploads\/2020\/04\/S75TT_1500x1300_LIMBO.jpg\",\"width\":1500,\"height\":1300},{\"@type\":\"BreadcrumbList\",\"@id\":\"https:\/\/www.sunroom.it\/it\/produkte\/s-75-tt\/#breadcrumb\",\"itemListElement\":[{\"@type\":\"ListItem\",\"position\":1,\"name\":\"Home\",\"item\":\"https:\/\/www.sunroom.it\/de\/\"},{\"@type\":\"ListItem\",\"position\":2,\"name\":\"Shop\",\"item\":\"https:\/\/www.sunroom.it\/de\/shop\/\"},{\"@type\":\"ListItem\",\"position\":3,\"name\":\"S.75 TT\"}]},{\"@type\":\"WebSite\",\"@id\":\"https:\/\/www.sunroom.it\/it\/#website\",\"url\":\"https:\/\/www.sunroom.it\/it\/\",\"name\":\"Sunroom\",\"description\":\"Sunroom\",\"publisher\":{\"@id\":\"https:\/\/www.sunroom.it\/it\/#organization\"},\"potentialAction\":[{\"@type\":\"SearchAction\",\"target\":{\"@type\":\"EntryPoint\",\"urlTemplate\":\"https:\/\/www.sunroom.it\/it\/?s={search_term_string}\"},\"query-input\":{\"@type\":\"PropertyValueSpecification\",\"valueRequired\":true,\"valueName\":\"search_term_string\"}}],\"inLanguage\":\"de\"},{\"@type\":\"Organization\",\"@id\":\"https:\/\/www.sunroom.it\/it\/#organization\",\"name\":\"Sunroom\",\"url\":\"https:\/\/www.sunroom.it\/it\/\",\"logo\":{\"@type\":\"ImageObject\",\"inLanguage\":\"de\",\"@id\":\"https:\/\/www.sunroom.it\/it\/#\/schema\/logo\/image\/\",\"url\":\"https:\/\/www.sunroom.it\/wp-content\/uploads\/2021\/07\/sunroom_260x70px.png\",\"contentUrl\":\"https:\/\/www.sunroom.it\/wp-content\/uploads\/2021\/07\/sunroom_260x70px.png\",\"width\":260,\"height\":70,\"caption\":\"Sunroom\"},\"image\":{\"@id\":\"https:\/\/www.sunroom.it\/it\/#\/schema\/logo\/image\/\"}}]}<\/script>\n<!-- \/ Yoast SEO plugin. -->","yoast_head_json":{"title":"S.75 TT - Sunroom","robots":{"index":"index","follow":"follow","max-snippet":"max-snippet:-1","max-image-preview":"max-image-preview:large","max-video-preview":"max-video-preview:-1"},"canonical":"https:\/\/www.sunroom.it\/it\/produkte\/s-75-tt\/","og_locale":"de_DE","og_type":"article","og_title":"S.75 TT - Sunroom","og_description":"Eine Glasfaltwand bietet wirklich zahllose Vorteile! Sie ist elegant und originell und wird zu einem echten Einrichtungsgegenstand, der alle Projektanforderungen zufriedenstellt: Die Glasfaltwand S.75 TT l\u00e4sst sich f\u00fcr einen nahtlosen \u00dcbergang der Innenr\u00e4ume zum Au\u00dfenbereich komplett zusammenschieben und bietet Ihnen maximale Freiheit bei der Gestaltung der R\u00e4ume. Die Fl\u00fcgel sind immer ma\u00dfgefertigt und die untereLeggi di pi\u00f9","og_url":"https:\/\/www.sunroom.it\/it\/produkte\/s-75-tt\/","og_site_name":"Sunroom","article_modified_time":"2023-05-09T17:17:49+00:00","og_image":[{"width":1500,"height":1300,"url":"https:\/\/www.sunroom.it\/wp-content\/uploads\/2020\/04\/S75TT_1500x1300_LIMBO.jpg","type":"image\/jpeg"}],"twitter_card":"summary_large_image","twitter_misc":{"Gesch\u00e4tzte Lesezeit":"2\u00a0Minuten"},"schema":{"@context":"https:\/\/schema.org","@graph":[{"@type":"WebPage","@id":"https:\/\/www.sunroom.it\/it\/produkte\/s-75-tt\/","url":"https:\/\/www.sunroom.it\/it\/produkte\/s-75-tt\/","name":"S.75 TT - Sunroom","isPartOf":{"@id":"https:\/\/www.sunroom.it\/it\/#website"},"primaryImageOfPage":{"@id":"https:\/\/www.sunroom.it\/it\/produkte\/s-75-tt\/#primaryimage"},"image":{"@id":"https:\/\/www.sunroom.it\/it\/produkte\/s-75-tt\/#primaryimage"},"thumbnailUrl":"https:\/\/www.sunroom.it\/wp-content\/uploads\/2020\/04\/S75TT_1500x1300_LIMBO.jpg","datePublished":"2020-10-17T19:54:41+00:00","dateModified":"2023-05-09T17:17:49+00:00","breadcrumb":{"@id":"https:\/\/www.sunroom.it\/it\/produkte\/s-75-tt\/#breadcrumb"},"inLanguage":"de","potentialAction":[{"@type":"ReadAction","target":["https:\/\/www.sunroom.it\/it\/produkte\/s-75-tt\/"]}]},{"@type":"ImageObject","inLanguage":"de","@id":"https:\/\/www.sunroom.it\/it\/produkte\/s-75-tt\/#primaryimage","url":"https:\/\/www.sunroom.it\/wp-content\/uploads\/2020\/04\/S75TT_1500x1300_LIMBO.jpg","contentUrl":"https:\/\/www.sunroom.it\/wp-content\/uploads\/2020\/04\/S75TT_1500x1300_LIMBO.jpg","width":1500,"height":1300},{"@type":"BreadcrumbList","@id":"https:\/\/www.sunroom.it\/it\/produkte\/s-75-tt\/#breadcrumb","itemListElement":[{"@type":"ListItem","position":1,"name":"Home","item":"https:\/\/www.sunroom.it\/de\/"},{"@type":"ListItem","position":2,"name":"Shop","item":"https:\/\/www.sunroom.it\/de\/shop\/"},{"@type":"ListItem","position":3,"name":"S.75 TT"}]},{"@type":"WebSite","@id":"https:\/\/www.sunroom.it\/it\/#website","url":"https:\/\/www.sunroom.it\/it\/","name":"Sunroom","description":"Sunroom","publisher":{"@id":"https:\/\/www.sunroom.it\/it\/#organization"},"potentialAction":[{"@type":"SearchAction","target":{"@type":"EntryPoint","urlTemplate":"https:\/\/www.sunroom.it\/it\/?s={search_term_string}"},"query-input":{"@type":"PropertyValueSpecification","valueRequired":true,"valueName":"search_term_string"}}],"inLanguage":"de"},{"@type":"Organization","@id":"https:\/\/www.sunroom.it\/it\/#organization","name":"Sunroom","url":"https:\/\/www.sunroom.it\/it\/","logo":{"@type":"ImageObject","inLanguage":"de","@id":"https:\/\/www.sunroom.it\/it\/#\/schema\/logo\/image\/","url":"https:\/\/www.sunroom.it\/wp-content\/uploads\/2021\/07\/sunroom_260x70px.png","contentUrl":"https:\/\/www.sunroom.it\/wp-content\/uploads\/2021\/07\/sunroom_260x70px.png","width":260,"height":70,"caption":"Sunroom"},"image":{"@id":"https:\/\/www.sunroom.it\/it\/#\/schema\/logo\/image\/"}}]}},"_links":{"self":[{"href":"https:\/\/www.sunroom.it\/de\/wp-json\/wp\/v2\/product\/6390","targetHints":{"allow":["GET"]}}],"collection":[{"href":"https:\/\/www.sunroom.it\/de\/wp-json\/wp\/v2\/product"}],"about":[{"href":"https:\/\/www.sunroom.it\/de\/wp-json\/wp\/v2\/types\/product"}],"replies":[{"embeddable":true,"href":"https:\/\/www.sunroom.it\/de\/wp-json\/wp\/v2\/comments?post=6390"}],"wp:featuredmedia":[{"embeddable":true,"href":"https:\/\/www.sunroom.it\/de\/wp-json\/wp\/v2\/media\/1783"}],"wp:attachment":[{"href":"https:\/\/www.sunroom.it\/de\/wp-json\/wp\/v2\/media?parent=6390"}],"wp:term":[{"taxonomy":"product_brand","embeddable":true,"href":"https:\/\/www.sunroom.it\/de\/wp-json\/wp\/v2\/product_brand?post=6390"},{"taxonomy":"product_cat","embeddable":true,"href":"https:\/\/www.sunroom.it\/de\/wp-json\/wp\/v2\/product_cat?post=6390"},{"taxonomy":"product_tag","embeddable":true,"href":"https:\/\/www.sunroom.it\/de\/wp-json\/wp\/v2\/product_tag?post=6390"}],"curies":[{"name":"wp","href":"https:\/\/api.w.org\/{rel}","templated":true}]}}