{"id":6384,"date":"2020-10-17T21:31:23","date_gmt":"2020-10-17T19:54:41","guid":{"rendered":"https:\/\/www.sunroom.it\/prodotto\/s-40\/"},"modified":"2023-05-09T19:16:14","modified_gmt":"2023-05-09T17:16:14","slug":"s-40","status":"publish","type":"product","link":"https:\/\/www.sunroom.it\/de\/produkte\/s-40\/","title":{"rendered":"S.40"},"content":{"rendered":"<p>Die <strong>Glasfaltwand<\/strong> S. 40 zeichnet sich durch eine <strong>robuste<\/strong> Konstruktion aus, die aus <strong>modularen Elementen<\/strong> aus <strong>Aluminiumprofilen<\/strong> ohne W\u00e4rmed\u00e4mmung besteht. Die einzelnen Fl\u00fcgel sind miteinander verbunden und drehbar, sodass sie auf einer einzigen Schiene zu einem seitlichen Paket zusammengeschoben werden k\u00f6nnen. Mit diesem System l\u00e4sst sich die Verglasung <strong>gro\u00dffl\u00e4chig und frei<\/strong> \u00f6ffnen, um frische Luft und Tageslicht in den Raum zu lassen, ohne st\u00f6rende fest montierten Scheiben wie bei den traditionellen Verglasungen.<\/p>\n<p>Normalerweise werden die Schiebefl\u00fcgel mit Laufwagen, die \u00fcber Kugellager mit Kunststoffbeschichtung verf\u00fcgen, in die obere Schiene eingeh\u00e4ngt. Unten an den Schiebefl\u00fcgeln befinden sich dagegen Rollen, die in einer <strong>Aluminiumschiene<\/strong> laufen, die am Boden montiert ist, oder in einer versenkten Edelstahlschiene. Wenn die obere Konstruktion nicht \u00fcber eine ausreichende Tragf\u00e4higkeit f\u00fcr das Gewicht der Verglasung verf\u00fcgt, kann die Glasfaltwand S.40 auch mit Laufwagen auf der unteren Schiene laufen. Die <strong>verborgene Scharniere<\/strong> sind einzigartig und garantieren f\u00fcr ein <strong>ansprechendes und originales Design<\/strong> und einen <strong>guten Wetterschutz<\/strong>.<\/p>\n<p>Die Glasfaltwand S.40 ist ideal zum Verschlie\u00dfen Ihres <strong>Innenhofs<\/strong>, Ihres <strong>Balkons<\/strong> oder Ihres bioklimatischen Lamellendachs, aber auch f\u00fcr <strong>gewerbliche Betriebe<\/strong> wie Bars, Restaurants oder Eisdielen, und nicht nur einfach zu benutzen, sondern auch sehr praktisch: Sie kann rechts oder links zusammengefaltet werden oder bei gro\u00dffl\u00e4chigen Verglasungen auch geteilt auf beiden Seiten.<\/p>\n","protected":false},"excerpt":{"rendered":"<p>Die Glasfaltwand S. 40 zeichnet sich durch eine robuste Konstruktion aus, die aus modularen Elementen aus Aluminiumprofilen ohne W\u00e4rmed\u00e4mmung besteht. Die einzelnen Fl\u00fcgel sind miteinander verbunden und drehbar, sodass sie auf einer einzigen Schiene zu einem seitlichen Paket zusammengeschoben werden k\u00f6nnen. Mit diesem System l\u00e4sst sich die Verglasung gro\u00dffl\u00e4chig und frei \u00f6ffnen, um frische LuftLeggi di pi\u00f9<\/p>\n","protected":false},"featured_media":1671,"comment_status":"closed","ping_status":"closed","template":"","meta":{"_acf_changed":false},"product_brand":[],"product_cat":[155,141],"product_tag":[],"class_list":{"0":"post-6384","1":"product","2":"type-product","3":"status-publish","4":"has-post-thumbnail","6":"product_cat-glasfaltwaende","7":"product_cat-produkte","8":"cat-product-privati-balconi-e-facciate-de","9":"cat-product-privati-innenhof","10":"cat-product-privati-privati-de","11":"cat-product-privati-verande-de","12":"cat-product-privati-verglasungen","13":"cat-product-privati-serre-de","14":"cat-product-contract-bar-de","15":"cat-product-contract-contract-de","16":"cat-product-contract-gelaterie-de","17":"cat-product-contract-hotel-de","18":"cat-product-contract-edifici-pubblici-de","19":"cat-product-contract-restaurants","20":"cat-product-contract-stabilimenti-balneari-de","22":"first","23":"instock","24":"product-type-simple"},"acf":[],"yoast_head":"<!-- This site is optimized with the Yoast SEO plugin v27.1 - https:\/\/yoast.com\/product\/yoast-seo-wordpress\/ -->\n<title>S.40 - Sunroom<\/title>\n<meta name=\"robots\" content=\"index, follow, max-snippet:-1, max-image-preview:large, max-video-preview:-1\" \/>\n<link rel=\"canonical\" href=\"https:\/\/www.sunroom.it\/it\/produkte\/s-40\/\" \/>\n<meta property=\"og:locale\" content=\"de_DE\" \/>\n<meta property=\"og:type\" content=\"article\" \/>\n<meta property=\"og:title\" content=\"S.40 - Sunroom\" \/>\n<meta property=\"og:description\" content=\"Die Glasfaltwand S. 40 zeichnet sich durch eine robuste Konstruktion aus, die aus modularen Elementen aus Aluminiumprofilen ohne W\u00e4rmed\u00e4mmung besteht. Die einzelnen Fl\u00fcgel sind miteinander verbunden und drehbar, sodass sie auf einer einzigen Schiene zu einem seitlichen Paket zusammengeschoben werden k\u00f6nnen. Mit diesem System l\u00e4sst sich die Verglasung gro\u00dffl\u00e4chig und frei \u00f6ffnen, um frische LuftLeggi di pi\u00f9\" \/>\n<meta property=\"og:url\" content=\"https:\/\/www.sunroom.it\/it\/produkte\/s-40\/\" \/>\n<meta property=\"og:site_name\" content=\"Sunroom\" \/>\n<meta property=\"article:modified_time\" content=\"2023-05-09T17:16:14+00:00\" \/>\n<meta property=\"og:image\" content=\"https:\/\/www.sunroom.it\/wp-content\/uploads\/2020\/07\/S40_1500X1300_LIMBO.jpg\" \/>\n\t<meta property=\"og:image:width\" content=\"1500\" \/>\n\t<meta property=\"og:image:height\" content=\"1300\" \/>\n\t<meta property=\"og:image:type\" content=\"image\/jpeg\" \/>\n<meta name=\"twitter:card\" content=\"summary_large_image\" \/>\n<meta name=\"twitter:label1\" content=\"Gesch\u00e4tzte Lesezeit\" \/>\n\t<meta name=\"twitter:data1\" content=\"2\u00a0Minuten\" \/>\n<script type=\"application\/ld+json\" class=\"yoast-schema-graph\">{\"@context\":\"https:\/\/schema.org\",\"@graph\":[{\"@type\":\"WebPage\",\"@id\":\"https:\/\/www.sunroom.it\/it\/produkte\/s-40\/\",\"url\":\"https:\/\/www.sunroom.it\/it\/produkte\/s-40\/\",\"name\":\"S.40 - Sunroom\",\"isPartOf\":{\"@id\":\"https:\/\/www.sunroom.it\/it\/#website\"},\"primaryImageOfPage\":{\"@id\":\"https:\/\/www.sunroom.it\/it\/produkte\/s-40\/#primaryimage\"},\"image\":{\"@id\":\"https:\/\/www.sunroom.it\/it\/produkte\/s-40\/#primaryimage\"},\"thumbnailUrl\":\"https:\/\/www.sunroom.it\/wp-content\/uploads\/2020\/07\/S40_1500X1300_LIMBO.jpg\",\"datePublished\":\"2020-10-17T19:54:41+00:00\",\"dateModified\":\"2023-05-09T17:16:14+00:00\",\"breadcrumb\":{\"@id\":\"https:\/\/www.sunroom.it\/it\/produkte\/s-40\/#breadcrumb\"},\"inLanguage\":\"de\",\"potentialAction\":[{\"@type\":\"ReadAction\",\"target\":[\"https:\/\/www.sunroom.it\/it\/produkte\/s-40\/\"]}]},{\"@type\":\"ImageObject\",\"inLanguage\":\"de\",\"@id\":\"https:\/\/www.sunroom.it\/it\/produkte\/s-40\/#primaryimage\",\"url\":\"https:\/\/www.sunroom.it\/wp-content\/uploads\/2020\/07\/S40_1500X1300_LIMBO.jpg\",\"contentUrl\":\"https:\/\/www.sunroom.it\/wp-content\/uploads\/2020\/07\/S40_1500X1300_LIMBO.jpg\",\"width\":1500,\"height\":1300},{\"@type\":\"BreadcrumbList\",\"@id\":\"https:\/\/www.sunroom.it\/it\/produkte\/s-40\/#breadcrumb\",\"itemListElement\":[{\"@type\":\"ListItem\",\"position\":1,\"name\":\"Home\",\"item\":\"https:\/\/www.sunroom.it\/de\/\"},{\"@type\":\"ListItem\",\"position\":2,\"name\":\"Shop\",\"item\":\"https:\/\/www.sunroom.it\/de\/shop\/\"},{\"@type\":\"ListItem\",\"position\":3,\"name\":\"S.40\"}]},{\"@type\":\"WebSite\",\"@id\":\"https:\/\/www.sunroom.it\/it\/#website\",\"url\":\"https:\/\/www.sunroom.it\/it\/\",\"name\":\"Sunroom\",\"description\":\"Sunroom\",\"publisher\":{\"@id\":\"https:\/\/www.sunroom.it\/it\/#organization\"},\"potentialAction\":[{\"@type\":\"SearchAction\",\"target\":{\"@type\":\"EntryPoint\",\"urlTemplate\":\"https:\/\/www.sunroom.it\/it\/?s={search_term_string}\"},\"query-input\":{\"@type\":\"PropertyValueSpecification\",\"valueRequired\":true,\"valueName\":\"search_term_string\"}}],\"inLanguage\":\"de\"},{\"@type\":\"Organization\",\"@id\":\"https:\/\/www.sunroom.it\/it\/#organization\",\"name\":\"Sunroom\",\"url\":\"https:\/\/www.sunroom.it\/it\/\",\"logo\":{\"@type\":\"ImageObject\",\"inLanguage\":\"de\",\"@id\":\"https:\/\/www.sunroom.it\/it\/#\/schema\/logo\/image\/\",\"url\":\"https:\/\/www.sunroom.it\/wp-content\/uploads\/2021\/07\/sunroom_260x70px.png\",\"contentUrl\":\"https:\/\/www.sunroom.it\/wp-content\/uploads\/2021\/07\/sunroom_260x70px.png\",\"width\":260,\"height\":70,\"caption\":\"Sunroom\"},\"image\":{\"@id\":\"https:\/\/www.sunroom.it\/it\/#\/schema\/logo\/image\/\"}}]}<\/script>\n<!-- \/ Yoast SEO plugin. -->","yoast_head_json":{"title":"S.40 - Sunroom","robots":{"index":"index","follow":"follow","max-snippet":"max-snippet:-1","max-image-preview":"max-image-preview:large","max-video-preview":"max-video-preview:-1"},"canonical":"https:\/\/www.sunroom.it\/it\/produkte\/s-40\/","og_locale":"de_DE","og_type":"article","og_title":"S.40 - Sunroom","og_description":"Die Glasfaltwand S. 40 zeichnet sich durch eine robuste Konstruktion aus, die aus modularen Elementen aus Aluminiumprofilen ohne W\u00e4rmed\u00e4mmung besteht. Die einzelnen Fl\u00fcgel sind miteinander verbunden und drehbar, sodass sie auf einer einzigen Schiene zu einem seitlichen Paket zusammengeschoben werden k\u00f6nnen. Mit diesem System l\u00e4sst sich die Verglasung gro\u00dffl\u00e4chig und frei \u00f6ffnen, um frische LuftLeggi di pi\u00f9","og_url":"https:\/\/www.sunroom.it\/it\/produkte\/s-40\/","og_site_name":"Sunroom","article_modified_time":"2023-05-09T17:16:14+00:00","og_image":[{"width":1500,"height":1300,"url":"https:\/\/www.sunroom.it\/wp-content\/uploads\/2020\/07\/S40_1500X1300_LIMBO.jpg","type":"image\/jpeg"}],"twitter_card":"summary_large_image","twitter_misc":{"Gesch\u00e4tzte Lesezeit":"2\u00a0Minuten"},"schema":{"@context":"https:\/\/schema.org","@graph":[{"@type":"WebPage","@id":"https:\/\/www.sunroom.it\/it\/produkte\/s-40\/","url":"https:\/\/www.sunroom.it\/it\/produkte\/s-40\/","name":"S.40 - Sunroom","isPartOf":{"@id":"https:\/\/www.sunroom.it\/it\/#website"},"primaryImageOfPage":{"@id":"https:\/\/www.sunroom.it\/it\/produkte\/s-40\/#primaryimage"},"image":{"@id":"https:\/\/www.sunroom.it\/it\/produkte\/s-40\/#primaryimage"},"thumbnailUrl":"https:\/\/www.sunroom.it\/wp-content\/uploads\/2020\/07\/S40_1500X1300_LIMBO.jpg","datePublished":"2020-10-17T19:54:41+00:00","dateModified":"2023-05-09T17:16:14+00:00","breadcrumb":{"@id":"https:\/\/www.sunroom.it\/it\/produkte\/s-40\/#breadcrumb"},"inLanguage":"de","potentialAction":[{"@type":"ReadAction","target":["https:\/\/www.sunroom.it\/it\/produkte\/s-40\/"]}]},{"@type":"ImageObject","inLanguage":"de","@id":"https:\/\/www.sunroom.it\/it\/produkte\/s-40\/#primaryimage","url":"https:\/\/www.sunroom.it\/wp-content\/uploads\/2020\/07\/S40_1500X1300_LIMBO.jpg","contentUrl":"https:\/\/www.sunroom.it\/wp-content\/uploads\/2020\/07\/S40_1500X1300_LIMBO.jpg","width":1500,"height":1300},{"@type":"BreadcrumbList","@id":"https:\/\/www.sunroom.it\/it\/produkte\/s-40\/#breadcrumb","itemListElement":[{"@type":"ListItem","position":1,"name":"Home","item":"https:\/\/www.sunroom.it\/de\/"},{"@type":"ListItem","position":2,"name":"Shop","item":"https:\/\/www.sunroom.it\/de\/shop\/"},{"@type":"ListItem","position":3,"name":"S.40"}]},{"@type":"WebSite","@id":"https:\/\/www.sunroom.it\/it\/#website","url":"https:\/\/www.sunroom.it\/it\/","name":"Sunroom","description":"Sunroom","publisher":{"@id":"https:\/\/www.sunroom.it\/it\/#organization"},"potentialAction":[{"@type":"SearchAction","target":{"@type":"EntryPoint","urlTemplate":"https:\/\/www.sunroom.it\/it\/?s={search_term_string}"},"query-input":{"@type":"PropertyValueSpecification","valueRequired":true,"valueName":"search_term_string"}}],"inLanguage":"de"},{"@type":"Organization","@id":"https:\/\/www.sunroom.it\/it\/#organization","name":"Sunroom","url":"https:\/\/www.sunroom.it\/it\/","logo":{"@type":"ImageObject","inLanguage":"de","@id":"https:\/\/www.sunroom.it\/it\/#\/schema\/logo\/image\/","url":"https:\/\/www.sunroom.it\/wp-content\/uploads\/2021\/07\/sunroom_260x70px.png","contentUrl":"https:\/\/www.sunroom.it\/wp-content\/uploads\/2021\/07\/sunroom_260x70px.png","width":260,"height":70,"caption":"Sunroom"},"image":{"@id":"https:\/\/www.sunroom.it\/it\/#\/schema\/logo\/image\/"}}]}},"_links":{"self":[{"href":"https:\/\/www.sunroom.it\/de\/wp-json\/wp\/v2\/product\/6384","targetHints":{"allow":["GET"]}}],"collection":[{"href":"https:\/\/www.sunroom.it\/de\/wp-json\/wp\/v2\/product"}],"about":[{"href":"https:\/\/www.sunroom.it\/de\/wp-json\/wp\/v2\/types\/product"}],"replies":[{"embeddable":true,"href":"https:\/\/www.sunroom.it\/de\/wp-json\/wp\/v2\/comments?post=6384"}],"wp:featuredmedia":[{"embeddable":true,"href":"https:\/\/www.sunroom.it\/de\/wp-json\/wp\/v2\/media\/1671"}],"wp:attachment":[{"href":"https:\/\/www.sunroom.it\/de\/wp-json\/wp\/v2\/media?parent=6384"}],"wp:term":[{"taxonomy":"product_brand","embeddable":true,"href":"https:\/\/www.sunroom.it\/de\/wp-json\/wp\/v2\/product_brand?post=6384"},{"taxonomy":"product_cat","embeddable":true,"href":"https:\/\/www.sunroom.it\/de\/wp-json\/wp\/v2\/product_cat?post=6384"},{"taxonomy":"product_tag","embeddable":true,"href":"https:\/\/www.sunroom.it\/de\/wp-json\/wp\/v2\/product_tag?post=6384"}],"curies":[{"name":"wp","href":"https:\/\/api.w.org\/{rel}","templated":true}]}}