{"id":6378,"date":"2020-10-17T21:31:23","date_gmt":"2020-10-17T19:54:41","guid":{"rendered":"https:\/\/www.sunroom.it\/prodotto\/s-30\/"},"modified":"2023-05-09T19:15:56","modified_gmt":"2023-05-09T17:15:56","slug":"s-30","status":"publish","type":"product","link":"https:\/\/www.sunroom.it\/de\/produkte\/s-30\/","title":{"rendered":"S.30"},"content":{"rendered":"<p>S.30 ist die g\u00fcnstige und praktische <strong>Glasfaltwand<\/strong>, die f\u00fcr die Verwendung in den unterschiedlichsten Anwendungsbereichen entwickelt wurde, wie Bars, Restaurants, Balkone, \u00fcberdachte oder offene Terrassen, aber auch Pergolen aus Glas oder bioklimatische Lamellend\u00e4cher.<\/p>\n<p>Neben einem guten Preis-Leistungs-Verh\u00e4ltnis ist diese Verglasung auch ideal f\u00fcr einen freien und ungehinderten Durchgang, da sie sich zu einem <strong>Paket zusammenfalten<\/strong> l\u00e4sst. So k\u00f6nnen Ihre Familie &#8211; oder die Kunden Ihres gewerblichen Betriebs &#8211; den Outdoor-Bereich in jeder Situation ganz ungest\u00f6rt genie\u00dfen! Mit zusammengefalteten Schiebew\u00e4nden hat das System au\u00dferdem einen <strong>minimalen Platzbedarf<\/strong>. Die Schiebew\u00e4nde k\u00f6nnen auf der rechten oder der linken Seite zusammengefaltet werden, je nach Gegebenheiten vor Ort.<\/p>\n<p>Die Glasfaltwand S.30 besteht aus <strong>modularen Elementen<\/strong> aus <strong>Aluminiumprofilen<\/strong>, die nicht w\u00e4rmeged\u00e4mmt sind, und zeichnet sich durch seine <strong>optimale Leichtl\u00e4ufigkeit<\/strong> und die einzigartige M\u00f6glichkeit aus, auch <strong>gebogene Verglasungen<\/strong> zu realisieren. Die Fl\u00fcgel sind immer <strong>ma\u00dfgefertigt<\/strong> und die einfachen Formen und die garantierte Langlebigkeit machen dieses System zur optimalen Wahl.<\/p>\n","protected":false},"excerpt":{"rendered":"<p>S.30 ist die g\u00fcnstige und praktische Glasfaltwand, die f\u00fcr die Verwendung in den unterschiedlichsten Anwendungsbereichen entwickelt wurde, wie Bars, Restaurants, Balkone, \u00fcberdachte oder offene Terrassen, aber auch Pergolen aus Glas oder bioklimatische Lamellend\u00e4cher. Neben einem guten Preis-Leistungs-Verh\u00e4ltnis ist diese Verglasung auch ideal f\u00fcr einen freien und ungehinderten Durchgang, da sie sich zu einem Paket zusammenfaltenLeggi di pi\u00f9<\/p>\n","protected":false},"featured_media":1655,"comment_status":"closed","ping_status":"closed","template":"","meta":{"_acf_changed":false},"product_brand":[],"product_cat":[155,141],"product_tag":[],"class_list":{"0":"post-6378","1":"product","2":"type-product","3":"status-publish","4":"has-post-thumbnail","6":"product_cat-glasfaltwaende","7":"product_cat-produkte","8":"cat-product-privati-balconi-e-facciate-de","9":"cat-product-privati-innenhof","10":"cat-product-privati-privati-de","11":"cat-product-privati-verande-de","12":"cat-product-privati-verglasungen","13":"cat-product-privati-serre-de","14":"cat-product-contract-bar-de","15":"cat-product-contract-contract-de","16":"cat-product-contract-gelaterie-de","17":"cat-product-contract-hotel-de","18":"cat-product-contract-restaurants","19":"cat-product-contract-stabilimenti-balneari-de","21":"first","22":"instock","23":"product-type-simple"},"acf":[],"yoast_head":"<!-- This site is optimized with the Yoast SEO plugin v27.1 - https:\/\/yoast.com\/product\/yoast-seo-wordpress\/ -->\n<title>S.30 - Sunroom<\/title>\n<meta name=\"robots\" content=\"index, follow, max-snippet:-1, max-image-preview:large, max-video-preview:-1\" \/>\n<link rel=\"canonical\" href=\"https:\/\/www.sunroom.it\/it\/produkte\/s-30\/\" \/>\n<meta property=\"og:locale\" content=\"de_DE\" \/>\n<meta property=\"og:type\" content=\"article\" \/>\n<meta property=\"og:title\" content=\"S.30 - Sunroom\" \/>\n<meta property=\"og:description\" content=\"S.30 ist die g\u00fcnstige und praktische Glasfaltwand, die f\u00fcr die Verwendung in den unterschiedlichsten Anwendungsbereichen entwickelt wurde, wie Bars, Restaurants, Balkone, \u00fcberdachte oder offene Terrassen, aber auch Pergolen aus Glas oder bioklimatische Lamellend\u00e4cher. Neben einem guten Preis-Leistungs-Verh\u00e4ltnis ist diese Verglasung auch ideal f\u00fcr einen freien und ungehinderten Durchgang, da sie sich zu einem Paket zusammenfaltenLeggi di pi\u00f9\" \/>\n<meta property=\"og:url\" content=\"https:\/\/www.sunroom.it\/it\/produkte\/s-30\/\" \/>\n<meta property=\"og:site_name\" content=\"Sunroom\" \/>\n<meta property=\"article:modified_time\" content=\"2023-05-09T17:15:56+00:00\" \/>\n<meta property=\"og:image\" content=\"https:\/\/www.sunroom.it\/wp-content\/uploads\/2020\/07\/S30_1500X1300_LIMBO.jpg\" \/>\n\t<meta property=\"og:image:width\" content=\"1500\" \/>\n\t<meta property=\"og:image:height\" content=\"1300\" \/>\n\t<meta property=\"og:image:type\" content=\"image\/jpeg\" \/>\n<meta name=\"twitter:card\" content=\"summary_large_image\" \/>\n<meta name=\"twitter:label1\" content=\"Gesch\u00e4tzte Lesezeit\" \/>\n\t<meta name=\"twitter:data1\" content=\"1\u00a0Minute\" \/>\n<script type=\"application\/ld+json\" class=\"yoast-schema-graph\">{\"@context\":\"https:\/\/schema.org\",\"@graph\":[{\"@type\":\"WebPage\",\"@id\":\"https:\/\/www.sunroom.it\/it\/produkte\/s-30\/\",\"url\":\"https:\/\/www.sunroom.it\/it\/produkte\/s-30\/\",\"name\":\"S.30 - Sunroom\",\"isPartOf\":{\"@id\":\"https:\/\/www.sunroom.it\/it\/#website\"},\"primaryImageOfPage\":{\"@id\":\"https:\/\/www.sunroom.it\/it\/produkte\/s-30\/#primaryimage\"},\"image\":{\"@id\":\"https:\/\/www.sunroom.it\/it\/produkte\/s-30\/#primaryimage\"},\"thumbnailUrl\":\"https:\/\/www.sunroom.it\/wp-content\/uploads\/2020\/07\/S30_1500X1300_LIMBO.jpg\",\"datePublished\":\"2020-10-17T19:54:41+00:00\",\"dateModified\":\"2023-05-09T17:15:56+00:00\",\"breadcrumb\":{\"@id\":\"https:\/\/www.sunroom.it\/it\/produkte\/s-30\/#breadcrumb\"},\"inLanguage\":\"de\",\"potentialAction\":[{\"@type\":\"ReadAction\",\"target\":[\"https:\/\/www.sunroom.it\/it\/produkte\/s-30\/\"]}]},{\"@type\":\"ImageObject\",\"inLanguage\":\"de\",\"@id\":\"https:\/\/www.sunroom.it\/it\/produkte\/s-30\/#primaryimage\",\"url\":\"https:\/\/www.sunroom.it\/wp-content\/uploads\/2020\/07\/S30_1500X1300_LIMBO.jpg\",\"contentUrl\":\"https:\/\/www.sunroom.it\/wp-content\/uploads\/2020\/07\/S30_1500X1300_LIMBO.jpg\",\"width\":1500,\"height\":1300},{\"@type\":\"BreadcrumbList\",\"@id\":\"https:\/\/www.sunroom.it\/it\/produkte\/s-30\/#breadcrumb\",\"itemListElement\":[{\"@type\":\"ListItem\",\"position\":1,\"name\":\"Home\",\"item\":\"https:\/\/www.sunroom.it\/de\/\"},{\"@type\":\"ListItem\",\"position\":2,\"name\":\"Shop\",\"item\":\"https:\/\/www.sunroom.it\/de\/shop\/\"},{\"@type\":\"ListItem\",\"position\":3,\"name\":\"S.30\"}]},{\"@type\":\"WebSite\",\"@id\":\"https:\/\/www.sunroom.it\/it\/#website\",\"url\":\"https:\/\/www.sunroom.it\/it\/\",\"name\":\"Sunroom\",\"description\":\"Sunroom\",\"publisher\":{\"@id\":\"https:\/\/www.sunroom.it\/it\/#organization\"},\"potentialAction\":[{\"@type\":\"SearchAction\",\"target\":{\"@type\":\"EntryPoint\",\"urlTemplate\":\"https:\/\/www.sunroom.it\/it\/?s={search_term_string}\"},\"query-input\":{\"@type\":\"PropertyValueSpecification\",\"valueRequired\":true,\"valueName\":\"search_term_string\"}}],\"inLanguage\":\"de\"},{\"@type\":\"Organization\",\"@id\":\"https:\/\/www.sunroom.it\/it\/#organization\",\"name\":\"Sunroom\",\"url\":\"https:\/\/www.sunroom.it\/it\/\",\"logo\":{\"@type\":\"ImageObject\",\"inLanguage\":\"de\",\"@id\":\"https:\/\/www.sunroom.it\/it\/#\/schema\/logo\/image\/\",\"url\":\"https:\/\/www.sunroom.it\/wp-content\/uploads\/2021\/07\/sunroom_260x70px.png\",\"contentUrl\":\"https:\/\/www.sunroom.it\/wp-content\/uploads\/2021\/07\/sunroom_260x70px.png\",\"width\":260,\"height\":70,\"caption\":\"Sunroom\"},\"image\":{\"@id\":\"https:\/\/www.sunroom.it\/it\/#\/schema\/logo\/image\/\"}}]}<\/script>\n<!-- \/ Yoast SEO plugin. -->","yoast_head_json":{"title":"S.30 - Sunroom","robots":{"index":"index","follow":"follow","max-snippet":"max-snippet:-1","max-image-preview":"max-image-preview:large","max-video-preview":"max-video-preview:-1"},"canonical":"https:\/\/www.sunroom.it\/it\/produkte\/s-30\/","og_locale":"de_DE","og_type":"article","og_title":"S.30 - Sunroom","og_description":"S.30 ist die g\u00fcnstige und praktische Glasfaltwand, die f\u00fcr die Verwendung in den unterschiedlichsten Anwendungsbereichen entwickelt wurde, wie Bars, Restaurants, Balkone, \u00fcberdachte oder offene Terrassen, aber auch Pergolen aus Glas oder bioklimatische Lamellend\u00e4cher. Neben einem guten Preis-Leistungs-Verh\u00e4ltnis ist diese Verglasung auch ideal f\u00fcr einen freien und ungehinderten Durchgang, da sie sich zu einem Paket zusammenfaltenLeggi di pi\u00f9","og_url":"https:\/\/www.sunroom.it\/it\/produkte\/s-30\/","og_site_name":"Sunroom","article_modified_time":"2023-05-09T17:15:56+00:00","og_image":[{"width":1500,"height":1300,"url":"https:\/\/www.sunroom.it\/wp-content\/uploads\/2020\/07\/S30_1500X1300_LIMBO.jpg","type":"image\/jpeg"}],"twitter_card":"summary_large_image","twitter_misc":{"Gesch\u00e4tzte Lesezeit":"1\u00a0Minute"},"schema":{"@context":"https:\/\/schema.org","@graph":[{"@type":"WebPage","@id":"https:\/\/www.sunroom.it\/it\/produkte\/s-30\/","url":"https:\/\/www.sunroom.it\/it\/produkte\/s-30\/","name":"S.30 - Sunroom","isPartOf":{"@id":"https:\/\/www.sunroom.it\/it\/#website"},"primaryImageOfPage":{"@id":"https:\/\/www.sunroom.it\/it\/produkte\/s-30\/#primaryimage"},"image":{"@id":"https:\/\/www.sunroom.it\/it\/produkte\/s-30\/#primaryimage"},"thumbnailUrl":"https:\/\/www.sunroom.it\/wp-content\/uploads\/2020\/07\/S30_1500X1300_LIMBO.jpg","datePublished":"2020-10-17T19:54:41+00:00","dateModified":"2023-05-09T17:15:56+00:00","breadcrumb":{"@id":"https:\/\/www.sunroom.it\/it\/produkte\/s-30\/#breadcrumb"},"inLanguage":"de","potentialAction":[{"@type":"ReadAction","target":["https:\/\/www.sunroom.it\/it\/produkte\/s-30\/"]}]},{"@type":"ImageObject","inLanguage":"de","@id":"https:\/\/www.sunroom.it\/it\/produkte\/s-30\/#primaryimage","url":"https:\/\/www.sunroom.it\/wp-content\/uploads\/2020\/07\/S30_1500X1300_LIMBO.jpg","contentUrl":"https:\/\/www.sunroom.it\/wp-content\/uploads\/2020\/07\/S30_1500X1300_LIMBO.jpg","width":1500,"height":1300},{"@type":"BreadcrumbList","@id":"https:\/\/www.sunroom.it\/it\/produkte\/s-30\/#breadcrumb","itemListElement":[{"@type":"ListItem","position":1,"name":"Home","item":"https:\/\/www.sunroom.it\/de\/"},{"@type":"ListItem","position":2,"name":"Shop","item":"https:\/\/www.sunroom.it\/de\/shop\/"},{"@type":"ListItem","position":3,"name":"S.30"}]},{"@type":"WebSite","@id":"https:\/\/www.sunroom.it\/it\/#website","url":"https:\/\/www.sunroom.it\/it\/","name":"Sunroom","description":"Sunroom","publisher":{"@id":"https:\/\/www.sunroom.it\/it\/#organization"},"potentialAction":[{"@type":"SearchAction","target":{"@type":"EntryPoint","urlTemplate":"https:\/\/www.sunroom.it\/it\/?s={search_term_string}"},"query-input":{"@type":"PropertyValueSpecification","valueRequired":true,"valueName":"search_term_string"}}],"inLanguage":"de"},{"@type":"Organization","@id":"https:\/\/www.sunroom.it\/it\/#organization","name":"Sunroom","url":"https:\/\/www.sunroom.it\/it\/","logo":{"@type":"ImageObject","inLanguage":"de","@id":"https:\/\/www.sunroom.it\/it\/#\/schema\/logo\/image\/","url":"https:\/\/www.sunroom.it\/wp-content\/uploads\/2021\/07\/sunroom_260x70px.png","contentUrl":"https:\/\/www.sunroom.it\/wp-content\/uploads\/2021\/07\/sunroom_260x70px.png","width":260,"height":70,"caption":"Sunroom"},"image":{"@id":"https:\/\/www.sunroom.it\/it\/#\/schema\/logo\/image\/"}}]}},"_links":{"self":[{"href":"https:\/\/www.sunroom.it\/de\/wp-json\/wp\/v2\/product\/6378","targetHints":{"allow":["GET"]}}],"collection":[{"href":"https:\/\/www.sunroom.it\/de\/wp-json\/wp\/v2\/product"}],"about":[{"href":"https:\/\/www.sunroom.it\/de\/wp-json\/wp\/v2\/types\/product"}],"replies":[{"embeddable":true,"href":"https:\/\/www.sunroom.it\/de\/wp-json\/wp\/v2\/comments?post=6378"}],"wp:featuredmedia":[{"embeddable":true,"href":"https:\/\/www.sunroom.it\/de\/wp-json\/wp\/v2\/media\/1655"}],"wp:attachment":[{"href":"https:\/\/www.sunroom.it\/de\/wp-json\/wp\/v2\/media?parent=6378"}],"wp:term":[{"taxonomy":"product_brand","embeddable":true,"href":"https:\/\/www.sunroom.it\/de\/wp-json\/wp\/v2\/product_brand?post=6378"},{"taxonomy":"product_cat","embeddable":true,"href":"https:\/\/www.sunroom.it\/de\/wp-json\/wp\/v2\/product_cat?post=6378"},{"taxonomy":"product_tag","embeddable":true,"href":"https:\/\/www.sunroom.it\/de\/wp-json\/wp\/v2\/product_tag?post=6378"}],"curies":[{"name":"wp","href":"https:\/\/api.w.org\/{rel}","templated":true}]}}