{"id":6372,"date":"2020-10-17T21:31:23","date_gmt":"2020-10-17T19:54:41","guid":{"rendered":"https:\/\/www.sunroom.it\/prodotto\/oskura-orizzontale\/"},"modified":"2023-05-09T19:14:53","modified_gmt":"2023-05-09T17:14:53","slug":"oskura-orizzontale","status":"publish","type":"product","link":"https:\/\/www.sunroom.it\/de\/produkte\/oskura-orizzontale\/","title":{"rendered":"Oskura Orizzontale"},"content":{"rendered":"<p><strong>Innovatives und patentiertes motorisiertes System<\/strong>, das sowohl als <strong>Sonnenschutz<\/strong> dient als auch als <strong>Verdunklungssystem<\/strong> und nicht nur Schutz vor direktem Lichteinfall bietet, sondern auch durch sein ansprechendes und modernes Design besticht.<\/p>\n<p>Wenn die Lamellen auf der <strong>horizontalen Ebene<\/strong> verschoben werden, drehen sie sich und bieten einen wirksamen <strong>Sonnenschutz<\/strong>: Damit wird dieses System zu einem wichtigen baulichen Element, das vor direkter Sonneneinstrahlung sch\u00fctzt und sich f\u00fcr die Installation an Geb\u00e4udefassaden anbietet, um insbesondere im Sommer eine \u00dcberhitzung zu vermeiden. In der geschlossenen Position wird der Raum dagegen <strong>komplett verdunkelt<\/strong>. Oskura sieht das Zusammenschieben des Lamellenpakets auf der rechten oder linken Seite vor und die Bewegung der Lamellen kann motorisiert sein oder manuell erfolgen. Nach dem Zusammenschieben hat Oskura Orizzontale einen <strong>minimalen Platzbedarf<\/strong> und gibt den Blick nach drau\u00dfen frei. Die Lamellen aus extrudiertem Aluminium haben einen Kern aus isolierendem Material, das zur W\u00e4rme- und Schalld\u00e4mmung des Produkts beitr\u00e4gt und f\u00fcr idealen Komfort sorgen.<\/p>\n<p>Sonnenschutz, Beschattung, Energieeffizienz, aber auch Schutz und Privatsph\u00e4re sind die Hauptfunktionen, f\u00fcr die Oskura Orizzontale garantiert.<\/p>\n","protected":false},"excerpt":{"rendered":"<p>Innovatives und patentiertes motorisiertes System, das sowohl als Sonnenschutz dient als auch als Verdunklungssystem und nicht nur Schutz vor direktem Lichteinfall bietet, sondern auch durch sein ansprechendes und modernes Design besticht. Wenn die Lamellen auf der horizontalen Ebene verschoben werden, drehen sie sich und bieten einen wirksamen Sonnenschutz: Damit wird dieses System zu einem wichtigenLeggi di pi\u00f9<\/p>\n","protected":false},"featured_media":1765,"comment_status":"closed","ping_status":"closed","template":"","meta":{"_acf_changed":false},"product_brand":[],"product_cat":[141,242],"product_tag":[],"class_list":{"0":"post-6372","1":"product","2":"type-product","3":"status-publish","4":"has-post-thumbnail","6":"product_cat-produkte","7":"product_cat-verdunklungssysteme","8":"cat-product-privati-balconi-e-facciate-de","9":"cat-product-privati-privati-de","10":"cat-product-contract-contract-de","11":"cat-product-contract-hotel-de","13":"first","14":"instock","15":"product-type-simple"},"acf":[],"yoast_head":"<!-- This site is optimized with the Yoast SEO plugin v27.1 - https:\/\/yoast.com\/product\/yoast-seo-wordpress\/ -->\n<title>Oskura Orizzontale - Sunroom<\/title>\n<meta name=\"robots\" content=\"index, follow, max-snippet:-1, max-image-preview:large, max-video-preview:-1\" \/>\n<link rel=\"canonical\" href=\"https:\/\/www.sunroom.it\/it\/produkte\/oskura-orizzontale\/\" \/>\n<meta property=\"og:locale\" content=\"de_DE\" \/>\n<meta property=\"og:type\" content=\"article\" \/>\n<meta property=\"og:title\" content=\"Oskura Orizzontale - Sunroom\" \/>\n<meta property=\"og:description\" content=\"Innovatives und patentiertes motorisiertes System, das sowohl als Sonnenschutz dient als auch als Verdunklungssystem und nicht nur Schutz vor direktem Lichteinfall bietet, sondern auch durch sein ansprechendes und modernes Design besticht. Wenn die Lamellen auf der horizontalen Ebene verschoben werden, drehen sie sich und bieten einen wirksamen Sonnenschutz: Damit wird dieses System zu einem wichtigenLeggi di pi\u00f9\" \/>\n<meta property=\"og:url\" content=\"https:\/\/www.sunroom.it\/it\/produkte\/oskura-orizzontale\/\" \/>\n<meta property=\"og:site_name\" content=\"Sunroom\" \/>\n<meta property=\"article:modified_time\" content=\"2023-05-09T17:14:53+00:00\" \/>\n<meta property=\"og:image\" content=\"https:\/\/www.sunroom.it\/wp-content\/uploads\/2020\/04\/OSKURA-ORIZZONTALE_1500X1300_LIMBO.jpg\" \/>\n\t<meta property=\"og:image:width\" content=\"1500\" \/>\n\t<meta property=\"og:image:height\" content=\"1300\" \/>\n\t<meta property=\"og:image:type\" content=\"image\/jpeg\" \/>\n<meta name=\"twitter:card\" content=\"summary_large_image\" \/>\n<meta name=\"twitter:label1\" content=\"Gesch\u00e4tzte Lesezeit\" \/>\n\t<meta name=\"twitter:data1\" content=\"1\u00a0Minute\" \/>\n<script type=\"application\/ld+json\" class=\"yoast-schema-graph\">{\"@context\":\"https:\/\/schema.org\",\"@graph\":[{\"@type\":\"WebPage\",\"@id\":\"https:\/\/www.sunroom.it\/it\/produkte\/oskura-orizzontale\/\",\"url\":\"https:\/\/www.sunroom.it\/it\/produkte\/oskura-orizzontale\/\",\"name\":\"Oskura Orizzontale - Sunroom\",\"isPartOf\":{\"@id\":\"https:\/\/www.sunroom.it\/it\/#website\"},\"primaryImageOfPage\":{\"@id\":\"https:\/\/www.sunroom.it\/it\/produkte\/oskura-orizzontale\/#primaryimage\"},\"image\":{\"@id\":\"https:\/\/www.sunroom.it\/it\/produkte\/oskura-orizzontale\/#primaryimage\"},\"thumbnailUrl\":\"https:\/\/www.sunroom.it\/wp-content\/uploads\/2020\/04\/OSKURA-ORIZZONTALE_1500X1300_LIMBO.jpg\",\"datePublished\":\"2020-10-17T19:54:41+00:00\",\"dateModified\":\"2023-05-09T17:14:53+00:00\",\"breadcrumb\":{\"@id\":\"https:\/\/www.sunroom.it\/it\/produkte\/oskura-orizzontale\/#breadcrumb\"},\"inLanguage\":\"de\",\"potentialAction\":[{\"@type\":\"ReadAction\",\"target\":[\"https:\/\/www.sunroom.it\/it\/produkte\/oskura-orizzontale\/\"]}]},{\"@type\":\"ImageObject\",\"inLanguage\":\"de\",\"@id\":\"https:\/\/www.sunroom.it\/it\/produkte\/oskura-orizzontale\/#primaryimage\",\"url\":\"https:\/\/www.sunroom.it\/wp-content\/uploads\/2020\/04\/OSKURA-ORIZZONTALE_1500X1300_LIMBO.jpg\",\"contentUrl\":\"https:\/\/www.sunroom.it\/wp-content\/uploads\/2020\/04\/OSKURA-ORIZZONTALE_1500X1300_LIMBO.jpg\",\"width\":1500,\"height\":1300},{\"@type\":\"BreadcrumbList\",\"@id\":\"https:\/\/www.sunroom.it\/it\/produkte\/oskura-orizzontale\/#breadcrumb\",\"itemListElement\":[{\"@type\":\"ListItem\",\"position\":1,\"name\":\"Home\",\"item\":\"https:\/\/www.sunroom.it\/de\/\"},{\"@type\":\"ListItem\",\"position\":2,\"name\":\"Shop\",\"item\":\"https:\/\/www.sunroom.it\/de\/shop\/\"},{\"@type\":\"ListItem\",\"position\":3,\"name\":\"Oskura Orizzontale\"}]},{\"@type\":\"WebSite\",\"@id\":\"https:\/\/www.sunroom.it\/it\/#website\",\"url\":\"https:\/\/www.sunroom.it\/it\/\",\"name\":\"Sunroom\",\"description\":\"Sunroom\",\"publisher\":{\"@id\":\"https:\/\/www.sunroom.it\/it\/#organization\"},\"potentialAction\":[{\"@type\":\"SearchAction\",\"target\":{\"@type\":\"EntryPoint\",\"urlTemplate\":\"https:\/\/www.sunroom.it\/it\/?s={search_term_string}\"},\"query-input\":{\"@type\":\"PropertyValueSpecification\",\"valueRequired\":true,\"valueName\":\"search_term_string\"}}],\"inLanguage\":\"de\"},{\"@type\":\"Organization\",\"@id\":\"https:\/\/www.sunroom.it\/it\/#organization\",\"name\":\"Sunroom\",\"url\":\"https:\/\/www.sunroom.it\/it\/\",\"logo\":{\"@type\":\"ImageObject\",\"inLanguage\":\"de\",\"@id\":\"https:\/\/www.sunroom.it\/it\/#\/schema\/logo\/image\/\",\"url\":\"https:\/\/www.sunroom.it\/wp-content\/uploads\/2021\/07\/sunroom_260x70px.png\",\"contentUrl\":\"https:\/\/www.sunroom.it\/wp-content\/uploads\/2021\/07\/sunroom_260x70px.png\",\"width\":260,\"height\":70,\"caption\":\"Sunroom\"},\"image\":{\"@id\":\"https:\/\/www.sunroom.it\/it\/#\/schema\/logo\/image\/\"}}]}<\/script>\n<!-- \/ Yoast SEO plugin. -->","yoast_head_json":{"title":"Oskura Orizzontale - Sunroom","robots":{"index":"index","follow":"follow","max-snippet":"max-snippet:-1","max-image-preview":"max-image-preview:large","max-video-preview":"max-video-preview:-1"},"canonical":"https:\/\/www.sunroom.it\/it\/produkte\/oskura-orizzontale\/","og_locale":"de_DE","og_type":"article","og_title":"Oskura Orizzontale - Sunroom","og_description":"Innovatives und patentiertes motorisiertes System, das sowohl als Sonnenschutz dient als auch als Verdunklungssystem und nicht nur Schutz vor direktem Lichteinfall bietet, sondern auch durch sein ansprechendes und modernes Design besticht. Wenn die Lamellen auf der horizontalen Ebene verschoben werden, drehen sie sich und bieten einen wirksamen Sonnenschutz: Damit wird dieses System zu einem wichtigenLeggi di pi\u00f9","og_url":"https:\/\/www.sunroom.it\/it\/produkte\/oskura-orizzontale\/","og_site_name":"Sunroom","article_modified_time":"2023-05-09T17:14:53+00:00","og_image":[{"width":1500,"height":1300,"url":"https:\/\/www.sunroom.it\/wp-content\/uploads\/2020\/04\/OSKURA-ORIZZONTALE_1500X1300_LIMBO.jpg","type":"image\/jpeg"}],"twitter_card":"summary_large_image","twitter_misc":{"Gesch\u00e4tzte Lesezeit":"1\u00a0Minute"},"schema":{"@context":"https:\/\/schema.org","@graph":[{"@type":"WebPage","@id":"https:\/\/www.sunroom.it\/it\/produkte\/oskura-orizzontale\/","url":"https:\/\/www.sunroom.it\/it\/produkte\/oskura-orizzontale\/","name":"Oskura Orizzontale - Sunroom","isPartOf":{"@id":"https:\/\/www.sunroom.it\/it\/#website"},"primaryImageOfPage":{"@id":"https:\/\/www.sunroom.it\/it\/produkte\/oskura-orizzontale\/#primaryimage"},"image":{"@id":"https:\/\/www.sunroom.it\/it\/produkte\/oskura-orizzontale\/#primaryimage"},"thumbnailUrl":"https:\/\/www.sunroom.it\/wp-content\/uploads\/2020\/04\/OSKURA-ORIZZONTALE_1500X1300_LIMBO.jpg","datePublished":"2020-10-17T19:54:41+00:00","dateModified":"2023-05-09T17:14:53+00:00","breadcrumb":{"@id":"https:\/\/www.sunroom.it\/it\/produkte\/oskura-orizzontale\/#breadcrumb"},"inLanguage":"de","potentialAction":[{"@type":"ReadAction","target":["https:\/\/www.sunroom.it\/it\/produkte\/oskura-orizzontale\/"]}]},{"@type":"ImageObject","inLanguage":"de","@id":"https:\/\/www.sunroom.it\/it\/produkte\/oskura-orizzontale\/#primaryimage","url":"https:\/\/www.sunroom.it\/wp-content\/uploads\/2020\/04\/OSKURA-ORIZZONTALE_1500X1300_LIMBO.jpg","contentUrl":"https:\/\/www.sunroom.it\/wp-content\/uploads\/2020\/04\/OSKURA-ORIZZONTALE_1500X1300_LIMBO.jpg","width":1500,"height":1300},{"@type":"BreadcrumbList","@id":"https:\/\/www.sunroom.it\/it\/produkte\/oskura-orizzontale\/#breadcrumb","itemListElement":[{"@type":"ListItem","position":1,"name":"Home","item":"https:\/\/www.sunroom.it\/de\/"},{"@type":"ListItem","position":2,"name":"Shop","item":"https:\/\/www.sunroom.it\/de\/shop\/"},{"@type":"ListItem","position":3,"name":"Oskura Orizzontale"}]},{"@type":"WebSite","@id":"https:\/\/www.sunroom.it\/it\/#website","url":"https:\/\/www.sunroom.it\/it\/","name":"Sunroom","description":"Sunroom","publisher":{"@id":"https:\/\/www.sunroom.it\/it\/#organization"},"potentialAction":[{"@type":"SearchAction","target":{"@type":"EntryPoint","urlTemplate":"https:\/\/www.sunroom.it\/it\/?s={search_term_string}"},"query-input":{"@type":"PropertyValueSpecification","valueRequired":true,"valueName":"search_term_string"}}],"inLanguage":"de"},{"@type":"Organization","@id":"https:\/\/www.sunroom.it\/it\/#organization","name":"Sunroom","url":"https:\/\/www.sunroom.it\/it\/","logo":{"@type":"ImageObject","inLanguage":"de","@id":"https:\/\/www.sunroom.it\/it\/#\/schema\/logo\/image\/","url":"https:\/\/www.sunroom.it\/wp-content\/uploads\/2021\/07\/sunroom_260x70px.png","contentUrl":"https:\/\/www.sunroom.it\/wp-content\/uploads\/2021\/07\/sunroom_260x70px.png","width":260,"height":70,"caption":"Sunroom"},"image":{"@id":"https:\/\/www.sunroom.it\/it\/#\/schema\/logo\/image\/"}}]}},"_links":{"self":[{"href":"https:\/\/www.sunroom.it\/de\/wp-json\/wp\/v2\/product\/6372","targetHints":{"allow":["GET"]}}],"collection":[{"href":"https:\/\/www.sunroom.it\/de\/wp-json\/wp\/v2\/product"}],"about":[{"href":"https:\/\/www.sunroom.it\/de\/wp-json\/wp\/v2\/types\/product"}],"replies":[{"embeddable":true,"href":"https:\/\/www.sunroom.it\/de\/wp-json\/wp\/v2\/comments?post=6372"}],"wp:featuredmedia":[{"embeddable":true,"href":"https:\/\/www.sunroom.it\/de\/wp-json\/wp\/v2\/media\/1765"}],"wp:attachment":[{"href":"https:\/\/www.sunroom.it\/de\/wp-json\/wp\/v2\/media?parent=6372"}],"wp:term":[{"taxonomy":"product_brand","embeddable":true,"href":"https:\/\/www.sunroom.it\/de\/wp-json\/wp\/v2\/product_brand?post=6372"},{"taxonomy":"product_cat","embeddable":true,"href":"https:\/\/www.sunroom.it\/de\/wp-json\/wp\/v2\/product_cat?post=6372"},{"taxonomy":"product_tag","embeddable":true,"href":"https:\/\/www.sunroom.it\/de\/wp-json\/wp\/v2\/product_tag?post=6372"}],"curies":[{"name":"wp","href":"https:\/\/api.w.org\/{rel}","templated":true}]}}