{"id":6366,"date":"2020-10-17T21:31:23","date_gmt":"2020-10-17T19:54:41","guid":{"rendered":"https:\/\/www.sunroom.it\/prodotto\/clima\/"},"modified":"2023-05-09T19:22:00","modified_gmt":"2023-05-09T17:22:00","slug":"clima","status":"publish","type":"product","link":"https:\/\/www.sunroom.it\/de\/produkte\/clima\/","title":{"rendered":"Clima"},"content":{"rendered":"<p>M\u00f6chten Sie den Wohnraum in Ihrem Zuhause mit einer <strong>\u201egr\u00fcnen\u201c L\u00f6sung<\/strong> vergr\u00f6\u00dfern, die die Umwelt sch\u00fctzt, den Energieverbrauch senkt und Ihren <strong>Wohnkomfort<\/strong> verbessert? Clima ist die optimale L\u00f6sung, mit der sich ein zus\u00e4tzlicher Raum in Ihrem Zuhause schaffen l\u00e4sst, den Sie mit <strong>zahlreichen Oberfl\u00e4chen<\/strong> und <strong>einzigartigen<\/strong> <strong>Eigenschaften<\/strong> personalisieren k\u00f6nnen, genau wie Ihr Zuhause.<\/p>\n<p>Die bioklimatische Pergola Clima bietet viele Vorteile f\u00fcr die <strong>Energieersparnis<\/strong> in Ihrem Geb\u00e4ude: In den Wintermonaten wird zum Beispiel mehr Energie gespeichert und der <strong>W\u00e4rmeverlust<\/strong> ist geringer.<\/p>\n<p>Clima besteht komplett aus <strong>Aluminium<\/strong> und <strong>Glas<\/strong>, zwei widerstandsf\u00e4hige und langlebige Materialien, und ist deshalb ideal f\u00fcr die Planung von bioklimatischen Pergolen mit einer umlaufenden Verglasung mit Schiebew\u00e4nden oder Glasfaltw\u00e4nden. Die <strong>zahlreichen Konfigurationen<\/strong> erm\u00f6glichen eine Gestaltung in einem klassischen und zeitlosen Stil, der mit seiner Eleganz \u00fcberzeugt.<\/p>\n","protected":false},"excerpt":{"rendered":"<p>M\u00f6chten Sie den Wohnraum in Ihrem Zuhause mit einer \u201egr\u00fcnen\u201c L\u00f6sung vergr\u00f6\u00dfern, die die Umwelt sch\u00fctzt, den Energieverbrauch senkt und Ihren Wohnkomfort verbessert? Clima ist die optimale L\u00f6sung, mit der sich ein zus\u00e4tzlicher Raum in Ihrem Zuhause schaffen l\u00e4sst, den Sie mit zahlreichen Oberfl\u00e4chen und einzigartigen Eigenschaften personalisieren k\u00f6nnen, genau wie Ihr Zuhause. Die bioklimatischeLeggi di pi\u00f9<\/p>\n","protected":false},"featured_media":1355,"comment_status":"closed","ping_status":"closed","template":"","meta":{"_acf_changed":false},"product_brand":[],"product_cat":[149,141],"product_tag":[],"class_list":{"0":"post-6366","1":"product","2":"type-product","3":"status-publish","4":"has-post-thumbnail","6":"product_cat-bioklimatische-pergolen","7":"product_cat-produkte","8":"cat-product-privati-giardino-e-piscina-de","9":"cat-product-privati-privati-de","10":"cat-product-privati-verande-de","11":"cat-product-privati-serre-de","12":"cat-product-contract-contract-de","13":"cat-product-contract-edifici-pubblici-de","15":"first","16":"instock","17":"product-type-simple"},"acf":[],"yoast_head":"<!-- This site is optimized with the Yoast SEO plugin v27.1 - https:\/\/yoast.com\/product\/yoast-seo-wordpress\/ -->\n<title>Clima - Sunroom<\/title>\n<meta name=\"robots\" content=\"index, follow, max-snippet:-1, max-image-preview:large, max-video-preview:-1\" \/>\n<link rel=\"canonical\" href=\"https:\/\/www.sunroom.it\/it\/produkte\/clima\/\" \/>\n<meta property=\"og:locale\" content=\"de_DE\" \/>\n<meta property=\"og:type\" content=\"article\" \/>\n<meta property=\"og:title\" content=\"Clima - Sunroom\" \/>\n<meta property=\"og:description\" content=\"M\u00f6chten Sie den Wohnraum in Ihrem Zuhause mit einer \u201egr\u00fcnen\u201c L\u00f6sung vergr\u00f6\u00dfern, die die Umwelt sch\u00fctzt, den Energieverbrauch senkt und Ihren Wohnkomfort verbessert? Clima ist die optimale L\u00f6sung, mit der sich ein zus\u00e4tzlicher Raum in Ihrem Zuhause schaffen l\u00e4sst, den Sie mit zahlreichen Oberfl\u00e4chen und einzigartigen Eigenschaften personalisieren k\u00f6nnen, genau wie Ihr Zuhause. Die bioklimatischeLeggi di pi\u00f9\" \/>\n<meta property=\"og:url\" content=\"https:\/\/www.sunroom.it\/it\/produkte\/clima\/\" \/>\n<meta property=\"og:site_name\" content=\"Sunroom\" \/>\n<meta property=\"article:modified_time\" content=\"2023-05-09T17:22:00+00:00\" \/>\n<meta property=\"og:image\" content=\"https:\/\/www.sunroom.it\/wp-content\/uploads\/2020\/07\/CLIMA_1500X1300_LIMBO.jpg\" \/>\n\t<meta property=\"og:image:width\" content=\"1500\" \/>\n\t<meta property=\"og:image:height\" content=\"1300\" \/>\n\t<meta property=\"og:image:type\" content=\"image\/jpeg\" \/>\n<meta name=\"twitter:card\" content=\"summary_large_image\" \/>\n<meta name=\"twitter:label1\" content=\"Gesch\u00e4tzte Lesezeit\" \/>\n\t<meta name=\"twitter:data1\" content=\"1\u00a0Minute\" \/>\n<script type=\"application\/ld+json\" class=\"yoast-schema-graph\">{\"@context\":\"https:\/\/schema.org\",\"@graph\":[{\"@type\":\"WebPage\",\"@id\":\"https:\/\/www.sunroom.it\/it\/produkte\/clima\/\",\"url\":\"https:\/\/www.sunroom.it\/it\/produkte\/clima\/\",\"name\":\"Clima - Sunroom\",\"isPartOf\":{\"@id\":\"https:\/\/www.sunroom.it\/it\/#website\"},\"primaryImageOfPage\":{\"@id\":\"https:\/\/www.sunroom.it\/it\/produkte\/clima\/#primaryimage\"},\"image\":{\"@id\":\"https:\/\/www.sunroom.it\/it\/produkte\/clima\/#primaryimage\"},\"thumbnailUrl\":\"https:\/\/www.sunroom.it\/wp-content\/uploads\/2020\/07\/CLIMA_1500X1300_LIMBO.jpg\",\"datePublished\":\"2020-10-17T19:54:41+00:00\",\"dateModified\":\"2023-05-09T17:22:00+00:00\",\"breadcrumb\":{\"@id\":\"https:\/\/www.sunroom.it\/it\/produkte\/clima\/#breadcrumb\"},\"inLanguage\":\"de\",\"potentialAction\":[{\"@type\":\"ReadAction\",\"target\":[\"https:\/\/www.sunroom.it\/it\/produkte\/clima\/\"]}]},{\"@type\":\"ImageObject\",\"inLanguage\":\"de\",\"@id\":\"https:\/\/www.sunroom.it\/it\/produkte\/clima\/#primaryimage\",\"url\":\"https:\/\/www.sunroom.it\/wp-content\/uploads\/2020\/07\/CLIMA_1500X1300_LIMBO.jpg\",\"contentUrl\":\"https:\/\/www.sunroom.it\/wp-content\/uploads\/2020\/07\/CLIMA_1500X1300_LIMBO.jpg\",\"width\":1500,\"height\":1300},{\"@type\":\"BreadcrumbList\",\"@id\":\"https:\/\/www.sunroom.it\/it\/produkte\/clima\/#breadcrumb\",\"itemListElement\":[{\"@type\":\"ListItem\",\"position\":1,\"name\":\"Home\",\"item\":\"https:\/\/www.sunroom.it\/de\/\"},{\"@type\":\"ListItem\",\"position\":2,\"name\":\"Shop\",\"item\":\"https:\/\/www.sunroom.it\/de\/shop\/\"},{\"@type\":\"ListItem\",\"position\":3,\"name\":\"Clima\"}]},{\"@type\":\"WebSite\",\"@id\":\"https:\/\/www.sunroom.it\/it\/#website\",\"url\":\"https:\/\/www.sunroom.it\/it\/\",\"name\":\"Sunroom\",\"description\":\"Sunroom\",\"publisher\":{\"@id\":\"https:\/\/www.sunroom.it\/it\/#organization\"},\"potentialAction\":[{\"@type\":\"SearchAction\",\"target\":{\"@type\":\"EntryPoint\",\"urlTemplate\":\"https:\/\/www.sunroom.it\/it\/?s={search_term_string}\"},\"query-input\":{\"@type\":\"PropertyValueSpecification\",\"valueRequired\":true,\"valueName\":\"search_term_string\"}}],\"inLanguage\":\"de\"},{\"@type\":\"Organization\",\"@id\":\"https:\/\/www.sunroom.it\/it\/#organization\",\"name\":\"Sunroom\",\"url\":\"https:\/\/www.sunroom.it\/it\/\",\"logo\":{\"@type\":\"ImageObject\",\"inLanguage\":\"de\",\"@id\":\"https:\/\/www.sunroom.it\/it\/#\/schema\/logo\/image\/\",\"url\":\"https:\/\/www.sunroom.it\/wp-content\/uploads\/2021\/07\/sunroom_260x70px.png\",\"contentUrl\":\"https:\/\/www.sunroom.it\/wp-content\/uploads\/2021\/07\/sunroom_260x70px.png\",\"width\":260,\"height\":70,\"caption\":\"Sunroom\"},\"image\":{\"@id\":\"https:\/\/www.sunroom.it\/it\/#\/schema\/logo\/image\/\"}}]}<\/script>\n<!-- \/ Yoast SEO plugin. -->","yoast_head_json":{"title":"Clima - Sunroom","robots":{"index":"index","follow":"follow","max-snippet":"max-snippet:-1","max-image-preview":"max-image-preview:large","max-video-preview":"max-video-preview:-1"},"canonical":"https:\/\/www.sunroom.it\/it\/produkte\/clima\/","og_locale":"de_DE","og_type":"article","og_title":"Clima - Sunroom","og_description":"M\u00f6chten Sie den Wohnraum in Ihrem Zuhause mit einer \u201egr\u00fcnen\u201c L\u00f6sung vergr\u00f6\u00dfern, die die Umwelt sch\u00fctzt, den Energieverbrauch senkt und Ihren Wohnkomfort verbessert? Clima ist die optimale L\u00f6sung, mit der sich ein zus\u00e4tzlicher Raum in Ihrem Zuhause schaffen l\u00e4sst, den Sie mit zahlreichen Oberfl\u00e4chen und einzigartigen Eigenschaften personalisieren k\u00f6nnen, genau wie Ihr Zuhause. Die bioklimatischeLeggi di pi\u00f9","og_url":"https:\/\/www.sunroom.it\/it\/produkte\/clima\/","og_site_name":"Sunroom","article_modified_time":"2023-05-09T17:22:00+00:00","og_image":[{"width":1500,"height":1300,"url":"https:\/\/www.sunroom.it\/wp-content\/uploads\/2020\/07\/CLIMA_1500X1300_LIMBO.jpg","type":"image\/jpeg"}],"twitter_card":"summary_large_image","twitter_misc":{"Gesch\u00e4tzte Lesezeit":"1\u00a0Minute"},"schema":{"@context":"https:\/\/schema.org","@graph":[{"@type":"WebPage","@id":"https:\/\/www.sunroom.it\/it\/produkte\/clima\/","url":"https:\/\/www.sunroom.it\/it\/produkte\/clima\/","name":"Clima - Sunroom","isPartOf":{"@id":"https:\/\/www.sunroom.it\/it\/#website"},"primaryImageOfPage":{"@id":"https:\/\/www.sunroom.it\/it\/produkte\/clima\/#primaryimage"},"image":{"@id":"https:\/\/www.sunroom.it\/it\/produkte\/clima\/#primaryimage"},"thumbnailUrl":"https:\/\/www.sunroom.it\/wp-content\/uploads\/2020\/07\/CLIMA_1500X1300_LIMBO.jpg","datePublished":"2020-10-17T19:54:41+00:00","dateModified":"2023-05-09T17:22:00+00:00","breadcrumb":{"@id":"https:\/\/www.sunroom.it\/it\/produkte\/clima\/#breadcrumb"},"inLanguage":"de","potentialAction":[{"@type":"ReadAction","target":["https:\/\/www.sunroom.it\/it\/produkte\/clima\/"]}]},{"@type":"ImageObject","inLanguage":"de","@id":"https:\/\/www.sunroom.it\/it\/produkte\/clima\/#primaryimage","url":"https:\/\/www.sunroom.it\/wp-content\/uploads\/2020\/07\/CLIMA_1500X1300_LIMBO.jpg","contentUrl":"https:\/\/www.sunroom.it\/wp-content\/uploads\/2020\/07\/CLIMA_1500X1300_LIMBO.jpg","width":1500,"height":1300},{"@type":"BreadcrumbList","@id":"https:\/\/www.sunroom.it\/it\/produkte\/clima\/#breadcrumb","itemListElement":[{"@type":"ListItem","position":1,"name":"Home","item":"https:\/\/www.sunroom.it\/de\/"},{"@type":"ListItem","position":2,"name":"Shop","item":"https:\/\/www.sunroom.it\/de\/shop\/"},{"@type":"ListItem","position":3,"name":"Clima"}]},{"@type":"WebSite","@id":"https:\/\/www.sunroom.it\/it\/#website","url":"https:\/\/www.sunroom.it\/it\/","name":"Sunroom","description":"Sunroom","publisher":{"@id":"https:\/\/www.sunroom.it\/it\/#organization"},"potentialAction":[{"@type":"SearchAction","target":{"@type":"EntryPoint","urlTemplate":"https:\/\/www.sunroom.it\/it\/?s={search_term_string}"},"query-input":{"@type":"PropertyValueSpecification","valueRequired":true,"valueName":"search_term_string"}}],"inLanguage":"de"},{"@type":"Organization","@id":"https:\/\/www.sunroom.it\/it\/#organization","name":"Sunroom","url":"https:\/\/www.sunroom.it\/it\/","logo":{"@type":"ImageObject","inLanguage":"de","@id":"https:\/\/www.sunroom.it\/it\/#\/schema\/logo\/image\/","url":"https:\/\/www.sunroom.it\/wp-content\/uploads\/2021\/07\/sunroom_260x70px.png","contentUrl":"https:\/\/www.sunroom.it\/wp-content\/uploads\/2021\/07\/sunroom_260x70px.png","width":260,"height":70,"caption":"Sunroom"},"image":{"@id":"https:\/\/www.sunroom.it\/it\/#\/schema\/logo\/image\/"}}]}},"_links":{"self":[{"href":"https:\/\/www.sunroom.it\/de\/wp-json\/wp\/v2\/product\/6366","targetHints":{"allow":["GET"]}}],"collection":[{"href":"https:\/\/www.sunroom.it\/de\/wp-json\/wp\/v2\/product"}],"about":[{"href":"https:\/\/www.sunroom.it\/de\/wp-json\/wp\/v2\/types\/product"}],"replies":[{"embeddable":true,"href":"https:\/\/www.sunroom.it\/de\/wp-json\/wp\/v2\/comments?post=6366"}],"wp:featuredmedia":[{"embeddable":true,"href":"https:\/\/www.sunroom.it\/de\/wp-json\/wp\/v2\/media\/1355"}],"wp:attachment":[{"href":"https:\/\/www.sunroom.it\/de\/wp-json\/wp\/v2\/media?parent=6366"}],"wp:term":[{"taxonomy":"product_brand","embeddable":true,"href":"https:\/\/www.sunroom.it\/de\/wp-json\/wp\/v2\/product_brand?post=6366"},{"taxonomy":"product_cat","embeddable":true,"href":"https:\/\/www.sunroom.it\/de\/wp-json\/wp\/v2\/product_cat?post=6366"},{"taxonomy":"product_tag","embeddable":true,"href":"https:\/\/www.sunroom.it\/de\/wp-json\/wp\/v2\/product_tag?post=6366"}],"curies":[{"name":"wp","href":"https:\/\/api.w.org\/{rel}","templated":true}]}}