{"id":19170,"date":"2024-06-10T13:02:16","date_gmt":"2024-06-10T11:02:17","guid":{"rendered":"https:\/\/www.sunroom.it\/?post_type=product&#038;p=19170"},"modified":"2024-06-20T14:42:42","modified_gmt":"2024-06-20T12:42:42","slug":"s-78","status":"publish","type":"product","link":"https:\/\/www.sunroom.it\/de\/produkte\/s-78\/","title":{"rendered":"S.78"},"content":{"rendered":"<p><strong>S.78<\/strong> ist nicht nur ein <strong>Schiebesystem<\/strong>, es ist eine Einladung, Grenzen zu \u00fcberschreiten und neue Dimensionen von Raum und Freiheit zu erleben. Sein minimalistisches, essentielles und raffiniertes Design f\u00fcgt sich nahtlos in die Umgebung ein, beseitigt visuelle Barrieren und verst\u00e4rkt die Raumwahrnehmung.<\/p>\n<p>Stell dir vor, deine W\u00e4nde verwandeln sich in weite Lichtfl\u00e4chen: S.78 bricht traditionelle Trennungen auf und erm\u00f6glicht es dir, <strong>flie\u00dfende und anpassbare Umgebungen<\/strong> nach deinen Bed\u00fcrfnissen zu schaffen.<\/p>\n<p>Dank seiner vielseitigen modularen Struktur passt sich S.78 jedem Projekt an. Die Mehrkanalf\u00fchrungen erm\u00f6glichen beispiellose \u00d6ffnungen, befreien den Raum und bieten atemberaubende Ausblicke.<\/p>\n<p>Das System wird durch hochwertige <strong>Edelstahl-Accessoires erg\u00e4nzt<\/strong>, die Sch\u00f6nheit und Funktionalit\u00e4t vereinen und eine unvergleichliche Langlebigkeit gew\u00e4hrleisten.<\/p>\n<p>Mit S.78 bist du bereit, eine aufregende Erfahrung von grenzenlosem Raum zu erleben, wo Licht und Freiheit uneingeschr\u00e4nkt herrschen. Lass dich von seiner <strong>minimalistischen Eleganz<\/strong> inspirieren und verwandle dein Zuhause in ein <strong>Meisterwerk aus Design und Funktionalit\u00e4t<\/strong>.<\/p>\n","protected":false},"excerpt":{"rendered":"<p>S.78 ist nicht nur ein Schiebesystem, es ist eine Einladung, Grenzen zu \u00fcberschreiten und neue Dimensionen von Raum und Freiheit zu erleben. Sein minimalistisches, essentielles und raffiniertes Design f\u00fcgt sich nahtlos in die Umgebung ein, beseitigt visuelle Barrieren und verst\u00e4rkt die Raumwahrnehmung. Stell dir vor, deine W\u00e4nde verwandeln sich in weite Lichtfl\u00e4chen: S.78 bricht traditionelleLeggi di pi\u00f9<\/p>\n","protected":false},"featured_media":19201,"comment_status":"closed","ping_status":"closed","template":"","meta":{"_acf_changed":false},"product_brand":[],"product_cat":[141,158],"product_tag":[],"class_list":{"0":"post-19170","1":"product","2":"type-product","3":"status-publish","4":"has-post-thumbnail","6":"product_cat-produkte","7":"product_cat-schiebewaende","9":"first","10":"instock","11":"product-type-simple"},"acf":[],"yoast_head":"<!-- This site is optimized with the Yoast SEO plugin v27.1 - https:\/\/yoast.com\/product\/yoast-seo-wordpress\/ -->\n<title>S.78 - Sunroom<\/title>\n<meta name=\"robots\" content=\"index, follow, max-snippet:-1, max-image-preview:large, max-video-preview:-1\" \/>\n<link rel=\"canonical\" href=\"https:\/\/www.sunroom.it\/it\/produkte\/s-78\/\" \/>\n<meta property=\"og:locale\" content=\"de_DE\" \/>\n<meta property=\"og:type\" content=\"article\" \/>\n<meta property=\"og:title\" content=\"S.78 - Sunroom\" \/>\n<meta property=\"og:description\" content=\"S.78 ist nicht nur ein Schiebesystem, es ist eine Einladung, Grenzen zu \u00fcberschreiten und neue Dimensionen von Raum und Freiheit zu erleben. Sein minimalistisches, essentielles und raffiniertes Design f\u00fcgt sich nahtlos in die Umgebung ein, beseitigt visuelle Barrieren und verst\u00e4rkt die Raumwahrnehmung. Stell dir vor, deine W\u00e4nde verwandeln sich in weite Lichtfl\u00e4chen: S.78 bricht traditionelleLeggi di pi\u00f9\" \/>\n<meta property=\"og:url\" content=\"https:\/\/www.sunroom.it\/it\/produkte\/s-78\/\" \/>\n<meta property=\"og:site_name\" content=\"Sunroom\" \/>\n<meta property=\"article:modified_time\" content=\"2024-06-20T12:42:42+00:00\" \/>\n<meta property=\"og:image\" content=\"https:\/\/www.sunroom.it\/wp-content\/uploads\/2024\/06\/S78-vetrata-scorrevole-sunroom-evidenza.jpg\" \/>\n\t<meta property=\"og:image:width\" content=\"1500\" \/>\n\t<meta property=\"og:image:height\" content=\"1300\" \/>\n\t<meta property=\"og:image:type\" content=\"image\/jpeg\" \/>\n<meta name=\"twitter:card\" content=\"summary_large_image\" \/>\n<meta name=\"twitter:label1\" content=\"Gesch\u00e4tzte Lesezeit\" \/>\n\t<meta name=\"twitter:data1\" content=\"1\u00a0Minute\" \/>\n<script type=\"application\/ld+json\" class=\"yoast-schema-graph\">{\"@context\":\"https:\/\/schema.org\",\"@graph\":[{\"@type\":\"WebPage\",\"@id\":\"https:\/\/www.sunroom.it\/it\/produkte\/s-78\/\",\"url\":\"https:\/\/www.sunroom.it\/it\/produkte\/s-78\/\",\"name\":\"S.78 - Sunroom\",\"isPartOf\":{\"@id\":\"https:\/\/www.sunroom.it\/it\/#website\"},\"primaryImageOfPage\":{\"@id\":\"https:\/\/www.sunroom.it\/it\/produkte\/s-78\/#primaryimage\"},\"image\":{\"@id\":\"https:\/\/www.sunroom.it\/it\/produkte\/s-78\/#primaryimage\"},\"thumbnailUrl\":\"https:\/\/www.sunroom.it\/wp-content\/uploads\/2024\/06\/S78-vetrata-scorrevole-sunroom-evidenza.jpg\",\"datePublished\":\"2024-06-10T11:02:17+00:00\",\"dateModified\":\"2024-06-20T12:42:42+00:00\",\"breadcrumb\":{\"@id\":\"https:\/\/www.sunroom.it\/it\/produkte\/s-78\/#breadcrumb\"},\"inLanguage\":\"de\",\"potentialAction\":[{\"@type\":\"ReadAction\",\"target\":[\"https:\/\/www.sunroom.it\/it\/produkte\/s-78\/\"]}]},{\"@type\":\"ImageObject\",\"inLanguage\":\"de\",\"@id\":\"https:\/\/www.sunroom.it\/it\/produkte\/s-78\/#primaryimage\",\"url\":\"https:\/\/www.sunroom.it\/wp-content\/uploads\/2024\/06\/S78-vetrata-scorrevole-sunroom-evidenza.jpg\",\"contentUrl\":\"https:\/\/www.sunroom.it\/wp-content\/uploads\/2024\/06\/S78-vetrata-scorrevole-sunroom-evidenza.jpg\",\"width\":1500,\"height\":1300},{\"@type\":\"BreadcrumbList\",\"@id\":\"https:\/\/www.sunroom.it\/it\/produkte\/s-78\/#breadcrumb\",\"itemListElement\":[{\"@type\":\"ListItem\",\"position\":1,\"name\":\"Home\",\"item\":\"https:\/\/www.sunroom.it\/de\/\"},{\"@type\":\"ListItem\",\"position\":2,\"name\":\"Shop\",\"item\":\"https:\/\/www.sunroom.it\/de\/shop\/\"},{\"@type\":\"ListItem\",\"position\":3,\"name\":\"S.78\"}]},{\"@type\":\"WebSite\",\"@id\":\"https:\/\/www.sunroom.it\/it\/#website\",\"url\":\"https:\/\/www.sunroom.it\/it\/\",\"name\":\"Sunroom\",\"description\":\"Sunroom\",\"publisher\":{\"@id\":\"https:\/\/www.sunroom.it\/it\/#organization\"},\"potentialAction\":[{\"@type\":\"SearchAction\",\"target\":{\"@type\":\"EntryPoint\",\"urlTemplate\":\"https:\/\/www.sunroom.it\/it\/?s={search_term_string}\"},\"query-input\":{\"@type\":\"PropertyValueSpecification\",\"valueRequired\":true,\"valueName\":\"search_term_string\"}}],\"inLanguage\":\"de\"},{\"@type\":\"Organization\",\"@id\":\"https:\/\/www.sunroom.it\/it\/#organization\",\"name\":\"Sunroom\",\"url\":\"https:\/\/www.sunroom.it\/it\/\",\"logo\":{\"@type\":\"ImageObject\",\"inLanguage\":\"de\",\"@id\":\"https:\/\/www.sunroom.it\/it\/#\/schema\/logo\/image\/\",\"url\":\"https:\/\/www.sunroom.it\/wp-content\/uploads\/2021\/07\/sunroom_260x70px.png\",\"contentUrl\":\"https:\/\/www.sunroom.it\/wp-content\/uploads\/2021\/07\/sunroom_260x70px.png\",\"width\":260,\"height\":70,\"caption\":\"Sunroom\"},\"image\":{\"@id\":\"https:\/\/www.sunroom.it\/it\/#\/schema\/logo\/image\/\"}}]}<\/script>\n<!-- \/ Yoast SEO plugin. -->","yoast_head_json":{"title":"S.78 - Sunroom","robots":{"index":"index","follow":"follow","max-snippet":"max-snippet:-1","max-image-preview":"max-image-preview:large","max-video-preview":"max-video-preview:-1"},"canonical":"https:\/\/www.sunroom.it\/it\/produkte\/s-78\/","og_locale":"de_DE","og_type":"article","og_title":"S.78 - Sunroom","og_description":"S.78 ist nicht nur ein Schiebesystem, es ist eine Einladung, Grenzen zu \u00fcberschreiten und neue Dimensionen von Raum und Freiheit zu erleben. Sein minimalistisches, essentielles und raffiniertes Design f\u00fcgt sich nahtlos in die Umgebung ein, beseitigt visuelle Barrieren und verst\u00e4rkt die Raumwahrnehmung. Stell dir vor, deine W\u00e4nde verwandeln sich in weite Lichtfl\u00e4chen: S.78 bricht traditionelleLeggi di pi\u00f9","og_url":"https:\/\/www.sunroom.it\/it\/produkte\/s-78\/","og_site_name":"Sunroom","article_modified_time":"2024-06-20T12:42:42+00:00","og_image":[{"width":1500,"height":1300,"url":"https:\/\/www.sunroom.it\/wp-content\/uploads\/2024\/06\/S78-vetrata-scorrevole-sunroom-evidenza.jpg","type":"image\/jpeg"}],"twitter_card":"summary_large_image","twitter_misc":{"Gesch\u00e4tzte Lesezeit":"1\u00a0Minute"},"schema":{"@context":"https:\/\/schema.org","@graph":[{"@type":"WebPage","@id":"https:\/\/www.sunroom.it\/it\/produkte\/s-78\/","url":"https:\/\/www.sunroom.it\/it\/produkte\/s-78\/","name":"S.78 - Sunroom","isPartOf":{"@id":"https:\/\/www.sunroom.it\/it\/#website"},"primaryImageOfPage":{"@id":"https:\/\/www.sunroom.it\/it\/produkte\/s-78\/#primaryimage"},"image":{"@id":"https:\/\/www.sunroom.it\/it\/produkte\/s-78\/#primaryimage"},"thumbnailUrl":"https:\/\/www.sunroom.it\/wp-content\/uploads\/2024\/06\/S78-vetrata-scorrevole-sunroom-evidenza.jpg","datePublished":"2024-06-10T11:02:17+00:00","dateModified":"2024-06-20T12:42:42+00:00","breadcrumb":{"@id":"https:\/\/www.sunroom.it\/it\/produkte\/s-78\/#breadcrumb"},"inLanguage":"de","potentialAction":[{"@type":"ReadAction","target":["https:\/\/www.sunroom.it\/it\/produkte\/s-78\/"]}]},{"@type":"ImageObject","inLanguage":"de","@id":"https:\/\/www.sunroom.it\/it\/produkte\/s-78\/#primaryimage","url":"https:\/\/www.sunroom.it\/wp-content\/uploads\/2024\/06\/S78-vetrata-scorrevole-sunroom-evidenza.jpg","contentUrl":"https:\/\/www.sunroom.it\/wp-content\/uploads\/2024\/06\/S78-vetrata-scorrevole-sunroom-evidenza.jpg","width":1500,"height":1300},{"@type":"BreadcrumbList","@id":"https:\/\/www.sunroom.it\/it\/produkte\/s-78\/#breadcrumb","itemListElement":[{"@type":"ListItem","position":1,"name":"Home","item":"https:\/\/www.sunroom.it\/de\/"},{"@type":"ListItem","position":2,"name":"Shop","item":"https:\/\/www.sunroom.it\/de\/shop\/"},{"@type":"ListItem","position":3,"name":"S.78"}]},{"@type":"WebSite","@id":"https:\/\/www.sunroom.it\/it\/#website","url":"https:\/\/www.sunroom.it\/it\/","name":"Sunroom","description":"Sunroom","publisher":{"@id":"https:\/\/www.sunroom.it\/it\/#organization"},"potentialAction":[{"@type":"SearchAction","target":{"@type":"EntryPoint","urlTemplate":"https:\/\/www.sunroom.it\/it\/?s={search_term_string}"},"query-input":{"@type":"PropertyValueSpecification","valueRequired":true,"valueName":"search_term_string"}}],"inLanguage":"de"},{"@type":"Organization","@id":"https:\/\/www.sunroom.it\/it\/#organization","name":"Sunroom","url":"https:\/\/www.sunroom.it\/it\/","logo":{"@type":"ImageObject","inLanguage":"de","@id":"https:\/\/www.sunroom.it\/it\/#\/schema\/logo\/image\/","url":"https:\/\/www.sunroom.it\/wp-content\/uploads\/2021\/07\/sunroom_260x70px.png","contentUrl":"https:\/\/www.sunroom.it\/wp-content\/uploads\/2021\/07\/sunroom_260x70px.png","width":260,"height":70,"caption":"Sunroom"},"image":{"@id":"https:\/\/www.sunroom.it\/it\/#\/schema\/logo\/image\/"}}]}},"_links":{"self":[{"href":"https:\/\/www.sunroom.it\/de\/wp-json\/wp\/v2\/product\/19170","targetHints":{"allow":["GET"]}}],"collection":[{"href":"https:\/\/www.sunroom.it\/de\/wp-json\/wp\/v2\/product"}],"about":[{"href":"https:\/\/www.sunroom.it\/de\/wp-json\/wp\/v2\/types\/product"}],"replies":[{"embeddable":true,"href":"https:\/\/www.sunroom.it\/de\/wp-json\/wp\/v2\/comments?post=19170"}],"wp:featuredmedia":[{"embeddable":true,"href":"https:\/\/www.sunroom.it\/de\/wp-json\/wp\/v2\/media\/19201"}],"wp:attachment":[{"href":"https:\/\/www.sunroom.it\/de\/wp-json\/wp\/v2\/media?parent=19170"}],"wp:term":[{"taxonomy":"product_brand","embeddable":true,"href":"https:\/\/www.sunroom.it\/de\/wp-json\/wp\/v2\/product_brand?post=19170"},{"taxonomy":"product_cat","embeddable":true,"href":"https:\/\/www.sunroom.it\/de\/wp-json\/wp\/v2\/product_cat?post=19170"},{"taxonomy":"product_tag","embeddable":true,"href":"https:\/\/www.sunroom.it\/de\/wp-json\/wp\/v2\/product_tag?post=19170"}],"curies":[{"name":"wp","href":"https:\/\/api.w.org\/{rel}","templated":true}]}}