{"id":14748,"date":"2023-04-17T06:00:24","date_gmt":"2023-04-11T14:41:24","guid":{"rendered":"https:\/\/www.sunroom.it\/?post_type=product&#038;p=14748"},"modified":"2023-05-09T19:20:21","modified_gmt":"2023-05-09T17:20:21","slug":"ganzglas-schiebesystem-tuttovetro-floor","status":"publish","type":"product","link":"https:\/\/www.sunroom.it\/de\/produkte\/ganzglas-schiebesystem-tuttovetro-floor\/","title":{"rendered":"Ganzglas Schiebesystem \u201eTuttovetro Floor\u201c"},"content":{"rendered":"<p>Das <strong>Tuttovetro Floor Ganzglas-System<\/strong> ist eine faltbare Verglasung ohne vertikale Profile, die f\u00fcr maximale Helligkeit im Raum garantiert. Die untere F\u00fchrung unterst\u00fctzt das \u00d6ffnen der Schiebefl\u00fcgel und garantiert auch unter leicht unregelm\u00e4\u00dfigen Konstruktionen f\u00fcr eine h\u00f6here Stabilit\u00e4t.<\/p>\n<p>Jeder Fl\u00fcgel kann einzeln auf der rechten oder linken Seite zusammengeschoben werden, bei sehr gro\u00dffl\u00e4chigen Verglasungen auch geteilt auf beiden Seiten.<\/p>\n<p>Das \u201eTuttovetro\u201c Ganzglas-System zeichnet sich durch sein klares Design und seine Zweckm\u00e4\u00dfigkeit aus und ist ideal f\u00fcr die Verglasung von bioklimatischen Lamellend\u00e4chern, Pergolen aus Glas, Balkonen oder Terrassen. Geselligkeit, Zweckm\u00e4\u00dfigkeit und die \u00dcberwindung der Grenzen zwischen Drinnen und Drau\u00dfen sind die Hauptmerkmale unseres \u201eTuttovetro\u201c Ganzglas-System in der faltbaren Version.<\/p>\n","protected":false},"excerpt":{"rendered":"<p>Das Tuttovetro Floor Ganzglas-System ist eine faltbare Verglasung ohne vertikale Profile, die f\u00fcr maximale Helligkeit im Raum garantiert. Die untere F\u00fchrung unterst\u00fctzt das \u00d6ffnen der Schiebefl\u00fcgel und garantiert auch unter leicht unregelm\u00e4\u00dfigen Konstruktionen f\u00fcr eine h\u00f6here Stabilit\u00e4t. Jeder Fl\u00fcgel kann einzeln auf der rechten oder linken Seite zusammengeschoben werden, bei sehr gro\u00dffl\u00e4chigen Verglasungen auch geteiltLeggi di pi\u00f9<\/p>\n","protected":false},"featured_media":14755,"comment_status":"closed","ping_status":"closed","template":"","meta":{"_acf_changed":false},"product_brand":[],"product_cat":[153,141],"product_tag":[],"class_list":{"0":"post-14748","1":"product","2":"type-product","3":"status-publish","4":"has-post-thumbnail","6":"product_cat-tuttovetro-ganzglas-systeme","7":"product_cat-produkte","9":"first","10":"instock","11":"product-type-simple"},"acf":[],"yoast_head":"<!-- This site is optimized with the Yoast SEO plugin v27.1 - https:\/\/yoast.com\/product\/yoast-seo-wordpress\/ -->\n<title>Ganzglas Schiebesystem \u201eTuttovetro Floor\u201c - Sunroom<\/title>\n<meta name=\"robots\" content=\"index, follow, max-snippet:-1, max-image-preview:large, max-video-preview:-1\" \/>\n<link rel=\"canonical\" href=\"https:\/\/www.sunroom.it\/it\/produkte\/tuttovetro-floor\/\" \/>\n<meta property=\"og:locale\" content=\"de_DE\" \/>\n<meta property=\"og:type\" content=\"article\" \/>\n<meta property=\"og:title\" content=\"Ganzglas Schiebesystem \u201eTuttovetro Floor\u201c - Sunroom\" \/>\n<meta property=\"og:description\" content=\"Das Tuttovetro Floor Ganzglas-System ist eine faltbare Verglasung ohne vertikale Profile, die f\u00fcr maximale Helligkeit im Raum garantiert. Die untere F\u00fchrung unterst\u00fctzt das \u00d6ffnen der Schiebefl\u00fcgel und garantiert auch unter leicht unregelm\u00e4\u00dfigen Konstruktionen f\u00fcr eine h\u00f6here Stabilit\u00e4t. Jeder Fl\u00fcgel kann einzeln auf der rechten oder linken Seite zusammengeschoben werden, bei sehr gro\u00dffl\u00e4chigen Verglasungen auch geteiltLeggi di pi\u00f9\" \/>\n<meta property=\"og:url\" content=\"https:\/\/www.sunroom.it\/it\/produkte\/tuttovetro-floor\/\" \/>\n<meta property=\"og:site_name\" content=\"Sunroom\" \/>\n<meta property=\"article:modified_time\" content=\"2023-05-09T17:20:21+00:00\" \/>\n<meta property=\"og:image\" content=\"https:\/\/www.sunroom.it\/wp-content\/uploads\/2023\/04\/TuttovetroFloor_generale_web.jpg\" \/>\n\t<meta property=\"og:image:width\" content=\"1500\" \/>\n\t<meta property=\"og:image:height\" content=\"1300\" \/>\n\t<meta property=\"og:image:type\" content=\"image\/jpeg\" \/>\n<meta name=\"twitter:card\" content=\"summary_large_image\" \/>\n<meta name=\"twitter:label1\" content=\"Gesch\u00e4tzte Lesezeit\" \/>\n\t<meta name=\"twitter:data1\" content=\"1\u00a0Minute\" \/>\n<script type=\"application\/ld+json\" class=\"yoast-schema-graph\">{\"@context\":\"https:\/\/schema.org\",\"@graph\":[{\"@type\":\"WebPage\",\"@id\":\"https:\/\/www.sunroom.it\/it\/produkte\/tuttovetro-floor\/\",\"url\":\"https:\/\/www.sunroom.it\/it\/produkte\/tuttovetro-floor\/\",\"name\":\"Ganzglas Schiebesystem \u201eTuttovetro Floor\u201c - Sunroom\",\"isPartOf\":{\"@id\":\"https:\/\/www.sunroom.it\/it\/#website\"},\"primaryImageOfPage\":{\"@id\":\"https:\/\/www.sunroom.it\/it\/produkte\/tuttovetro-floor\/#primaryimage\"},\"image\":{\"@id\":\"https:\/\/www.sunroom.it\/it\/produkte\/tuttovetro-floor\/#primaryimage\"},\"thumbnailUrl\":\"https:\/\/www.sunroom.it\/wp-content\/uploads\/2023\/04\/TuttovetroFloor_generale_web.jpg\",\"datePublished\":\"2023-04-11T14:41:24+00:00\",\"dateModified\":\"2023-05-09T17:20:21+00:00\",\"breadcrumb\":{\"@id\":\"https:\/\/www.sunroom.it\/it\/produkte\/tuttovetro-floor\/#breadcrumb\"},\"inLanguage\":\"de\",\"potentialAction\":[{\"@type\":\"ReadAction\",\"target\":[\"https:\/\/www.sunroom.it\/it\/produkte\/tuttovetro-floor\/\"]}]},{\"@type\":\"ImageObject\",\"inLanguage\":\"de\",\"@id\":\"https:\/\/www.sunroom.it\/it\/produkte\/tuttovetro-floor\/#primaryimage\",\"url\":\"https:\/\/www.sunroom.it\/wp-content\/uploads\/2023\/04\/TuttovetroFloor_generale_web.jpg\",\"contentUrl\":\"https:\/\/www.sunroom.it\/wp-content\/uploads\/2023\/04\/TuttovetroFloor_generale_web.jpg\",\"width\":1500,\"height\":1300},{\"@type\":\"BreadcrumbList\",\"@id\":\"https:\/\/www.sunroom.it\/it\/produkte\/tuttovetro-floor\/#breadcrumb\",\"itemListElement\":[{\"@type\":\"ListItem\",\"position\":1,\"name\":\"Home\",\"item\":\"https:\/\/www.sunroom.it\/de\/\"},{\"@type\":\"ListItem\",\"position\":2,\"name\":\"Shop\",\"item\":\"https:\/\/www.sunroom.it\/de\/shop\/\"},{\"@type\":\"ListItem\",\"position\":3,\"name\":\"Ganzglas Schiebesystem \u201eTuttovetro Floor\u201c\"}]},{\"@type\":\"WebSite\",\"@id\":\"https:\/\/www.sunroom.it\/it\/#website\",\"url\":\"https:\/\/www.sunroom.it\/it\/\",\"name\":\"Sunroom\",\"description\":\"Sunroom\",\"publisher\":{\"@id\":\"https:\/\/www.sunroom.it\/it\/#organization\"},\"potentialAction\":[{\"@type\":\"SearchAction\",\"target\":{\"@type\":\"EntryPoint\",\"urlTemplate\":\"https:\/\/www.sunroom.it\/it\/?s={search_term_string}\"},\"query-input\":{\"@type\":\"PropertyValueSpecification\",\"valueRequired\":true,\"valueName\":\"search_term_string\"}}],\"inLanguage\":\"de\"},{\"@type\":\"Organization\",\"@id\":\"https:\/\/www.sunroom.it\/it\/#organization\",\"name\":\"Sunroom\",\"url\":\"https:\/\/www.sunroom.it\/it\/\",\"logo\":{\"@type\":\"ImageObject\",\"inLanguage\":\"de\",\"@id\":\"https:\/\/www.sunroom.it\/it\/#\/schema\/logo\/image\/\",\"url\":\"https:\/\/www.sunroom.it\/wp-content\/uploads\/2021\/07\/sunroom_260x70px.png\",\"contentUrl\":\"https:\/\/www.sunroom.it\/wp-content\/uploads\/2021\/07\/sunroom_260x70px.png\",\"width\":260,\"height\":70,\"caption\":\"Sunroom\"},\"image\":{\"@id\":\"https:\/\/www.sunroom.it\/it\/#\/schema\/logo\/image\/\"}}]}<\/script>\n<!-- \/ Yoast SEO plugin. -->","yoast_head_json":{"title":"Ganzglas Schiebesystem \u201eTuttovetro Floor\u201c - Sunroom","robots":{"index":"index","follow":"follow","max-snippet":"max-snippet:-1","max-image-preview":"max-image-preview:large","max-video-preview":"max-video-preview:-1"},"canonical":"https:\/\/www.sunroom.it\/it\/produkte\/tuttovetro-floor\/","og_locale":"de_DE","og_type":"article","og_title":"Ganzglas Schiebesystem \u201eTuttovetro Floor\u201c - Sunroom","og_description":"Das Tuttovetro Floor Ganzglas-System ist eine faltbare Verglasung ohne vertikale Profile, die f\u00fcr maximale Helligkeit im Raum garantiert. Die untere F\u00fchrung unterst\u00fctzt das \u00d6ffnen der Schiebefl\u00fcgel und garantiert auch unter leicht unregelm\u00e4\u00dfigen Konstruktionen f\u00fcr eine h\u00f6here Stabilit\u00e4t. Jeder Fl\u00fcgel kann einzeln auf der rechten oder linken Seite zusammengeschoben werden, bei sehr gro\u00dffl\u00e4chigen Verglasungen auch geteiltLeggi di pi\u00f9","og_url":"https:\/\/www.sunroom.it\/it\/produkte\/tuttovetro-floor\/","og_site_name":"Sunroom","article_modified_time":"2023-05-09T17:20:21+00:00","og_image":[{"width":1500,"height":1300,"url":"https:\/\/www.sunroom.it\/wp-content\/uploads\/2023\/04\/TuttovetroFloor_generale_web.jpg","type":"image\/jpeg"}],"twitter_card":"summary_large_image","twitter_misc":{"Gesch\u00e4tzte Lesezeit":"1\u00a0Minute"},"schema":{"@context":"https:\/\/schema.org","@graph":[{"@type":"WebPage","@id":"https:\/\/www.sunroom.it\/it\/produkte\/tuttovetro-floor\/","url":"https:\/\/www.sunroom.it\/it\/produkte\/tuttovetro-floor\/","name":"Ganzglas Schiebesystem \u201eTuttovetro Floor\u201c - Sunroom","isPartOf":{"@id":"https:\/\/www.sunroom.it\/it\/#website"},"primaryImageOfPage":{"@id":"https:\/\/www.sunroom.it\/it\/produkte\/tuttovetro-floor\/#primaryimage"},"image":{"@id":"https:\/\/www.sunroom.it\/it\/produkte\/tuttovetro-floor\/#primaryimage"},"thumbnailUrl":"https:\/\/www.sunroom.it\/wp-content\/uploads\/2023\/04\/TuttovetroFloor_generale_web.jpg","datePublished":"2023-04-11T14:41:24+00:00","dateModified":"2023-05-09T17:20:21+00:00","breadcrumb":{"@id":"https:\/\/www.sunroom.it\/it\/produkte\/tuttovetro-floor\/#breadcrumb"},"inLanguage":"de","potentialAction":[{"@type":"ReadAction","target":["https:\/\/www.sunroom.it\/it\/produkte\/tuttovetro-floor\/"]}]},{"@type":"ImageObject","inLanguage":"de","@id":"https:\/\/www.sunroom.it\/it\/produkte\/tuttovetro-floor\/#primaryimage","url":"https:\/\/www.sunroom.it\/wp-content\/uploads\/2023\/04\/TuttovetroFloor_generale_web.jpg","contentUrl":"https:\/\/www.sunroom.it\/wp-content\/uploads\/2023\/04\/TuttovetroFloor_generale_web.jpg","width":1500,"height":1300},{"@type":"BreadcrumbList","@id":"https:\/\/www.sunroom.it\/it\/produkte\/tuttovetro-floor\/#breadcrumb","itemListElement":[{"@type":"ListItem","position":1,"name":"Home","item":"https:\/\/www.sunroom.it\/de\/"},{"@type":"ListItem","position":2,"name":"Shop","item":"https:\/\/www.sunroom.it\/de\/shop\/"},{"@type":"ListItem","position":3,"name":"Ganzglas Schiebesystem \u201eTuttovetro Floor\u201c"}]},{"@type":"WebSite","@id":"https:\/\/www.sunroom.it\/it\/#website","url":"https:\/\/www.sunroom.it\/it\/","name":"Sunroom","description":"Sunroom","publisher":{"@id":"https:\/\/www.sunroom.it\/it\/#organization"},"potentialAction":[{"@type":"SearchAction","target":{"@type":"EntryPoint","urlTemplate":"https:\/\/www.sunroom.it\/it\/?s={search_term_string}"},"query-input":{"@type":"PropertyValueSpecification","valueRequired":true,"valueName":"search_term_string"}}],"inLanguage":"de"},{"@type":"Organization","@id":"https:\/\/www.sunroom.it\/it\/#organization","name":"Sunroom","url":"https:\/\/www.sunroom.it\/it\/","logo":{"@type":"ImageObject","inLanguage":"de","@id":"https:\/\/www.sunroom.it\/it\/#\/schema\/logo\/image\/","url":"https:\/\/www.sunroom.it\/wp-content\/uploads\/2021\/07\/sunroom_260x70px.png","contentUrl":"https:\/\/www.sunroom.it\/wp-content\/uploads\/2021\/07\/sunroom_260x70px.png","width":260,"height":70,"caption":"Sunroom"},"image":{"@id":"https:\/\/www.sunroom.it\/it\/#\/schema\/logo\/image\/"}}]}},"_links":{"self":[{"href":"https:\/\/www.sunroom.it\/de\/wp-json\/wp\/v2\/product\/14748","targetHints":{"allow":["GET"]}}],"collection":[{"href":"https:\/\/www.sunroom.it\/de\/wp-json\/wp\/v2\/product"}],"about":[{"href":"https:\/\/www.sunroom.it\/de\/wp-json\/wp\/v2\/types\/product"}],"replies":[{"embeddable":true,"href":"https:\/\/www.sunroom.it\/de\/wp-json\/wp\/v2\/comments?post=14748"}],"wp:featuredmedia":[{"embeddable":true,"href":"https:\/\/www.sunroom.it\/de\/wp-json\/wp\/v2\/media\/14755"}],"wp:attachment":[{"href":"https:\/\/www.sunroom.it\/de\/wp-json\/wp\/v2\/media?parent=14748"}],"wp:term":[{"taxonomy":"product_brand","embeddable":true,"href":"https:\/\/www.sunroom.it\/de\/wp-json\/wp\/v2\/product_brand?post=14748"},{"taxonomy":"product_cat","embeddable":true,"href":"https:\/\/www.sunroom.it\/de\/wp-json\/wp\/v2\/product_cat?post=14748"},{"taxonomy":"product_tag","embeddable":true,"href":"https:\/\/www.sunroom.it\/de\/wp-json\/wp\/v2\/product_tag?post=14748"}],"curies":[{"name":"wp","href":"https:\/\/api.w.org\/{rel}","templated":true}]}}