{"id":11014,"date":"2022-05-13T13:40:06","date_gmt":"2022-05-13T11:40:07","guid":{"rendered":"http:\/\/www.sunroom.it\/?post_type=product&#038;p=11014"},"modified":"2023-05-09T19:25:27","modified_gmt":"2023-05-09T17:25:27","slug":"oskura-waterproof-unica","status":"publish","type":"product","link":"https:\/\/www.sunroom.it\/de\/produkte\/oskura-waterproof-unica\/","title":{"rendered":"Oskura Unica"},"content":{"rendered":"<p><strong>Oskura Unica<\/strong> ist das exklusive <strong>bioklimatische Lamellendach mit komplett unabh\u00e4ngigem Schwenken und Zusammenschieben der Lamellen.\u00a0 <\/strong>Neue Ausblicke, neue Horizonte und neue technologische Exzellenz! Schwenken um bis zu 115 Grad, Zusammenschieben zu einem Lamellenpaket, doppelte unabh\u00e4ngige Bewegung, optimale Dichte bei jedem Wetter&#8230; nicht nur der Name ist absolut <em>Unica,<\/em> d.h. <em>EINZIGARTIG<\/em>.<\/p>\n<p><strong>Patentiertes Produkt<\/strong>, das f\u00fcr Sicherheit, Schutz und eine lange Lebensdauer garantiert.<\/p>\n<p>Die <strong>Sonnenschutzfunktion<\/strong> mit der M\u00f6glichkeit, die Lamellen im Bereich von 0\u00b0 bis 115\u00b0 zu verstellen, erlaubt eine Regulierung des Sonnennlichteinfalls und der W\u00e4rme im Raum unter dem Lamellendach, sodass dieser das ganze Jahr \u00fcber benutzt werden kann.<\/p>\n<p>Die unabh\u00e4ngige Bewegung f\u00fcr das Schwenken und Zusammenschieben der Lamellen l\u00e4sst Sie die Sch\u00f6nheit unter einer Pergola zu sch\u00e4tzen wissen.<\/p>\n<p>Oskura Unica ist ideal f\u00fcr gewerbliche Betriebe, Au\u00dfenbereiche und alle Anwendungen, bei denen Wert auf den Kontakt mit der Natur gelegt wird, und erm\u00f6glicht dank des nat\u00fcrlichen L\u00fcftungssystems eine Nutzung des Outdoor-Bereichs das ganze Jahr \u00fcber und bei jedem Wetter.<\/p>\n<p>Moderne Architektur, Formen und modulare Verglasungen mit ansprechendem Design und absolute Freiheit bei den Abmessungen und Oberfl\u00e4chen&#8230; Was kann man sich mehr w\u00fcnschen!<\/p>\n<p>Hier ist alles sch\u00f6n! <strong>Ein Lamellendach Sunroom ist f\u00fcr das ganze Leben!<\/strong><\/p>\n<p>&nbsp;<\/p>\n","protected":false},"excerpt":{"rendered":"<p>Oskura Unica ist das exklusive bioklimatische Lamellendach mit komplett unabh\u00e4ngigem Schwenken und Zusammenschieben der Lamellen.\u00a0 Neue Ausblicke, neue Horizonte und neue technologische Exzellenz! Schwenken um bis zu 115 Grad, Zusammenschieben zu einem Lamellenpaket, doppelte unabh\u00e4ngige Bewegung, optimale Dichte bei jedem Wetter&#8230; nicht nur der Name ist absolut Unica, d.h. EINZIGARTIG. Patentiertes Produkt, das f\u00fcr Sicherheit,Leggi di pi\u00f9<\/p>\n","protected":false},"featured_media":11146,"comment_status":"closed","ping_status":"closed","template":"","meta":{"_acf_changed":false},"product_brand":[],"product_cat":[142,141],"product_tag":[],"class_list":{"0":"post-11014","1":"product","2":"type-product","3":"status-publish","4":"has-post-thumbnail","6":"product_cat-bioklimatische-lamellendaecher","7":"product_cat-produkte","9":"first","10":"instock","11":"product-type-simple"},"acf":[],"yoast_head":"<!-- This site is optimized with the Yoast SEO plugin v27.1 - https:\/\/yoast.com\/product\/yoast-seo-wordpress\/ -->\n<title>Oskura Unica - Sunroom<\/title>\n<meta name=\"robots\" content=\"index, follow, max-snippet:-1, max-image-preview:large, max-video-preview:-1\" \/>\n<link rel=\"canonical\" href=\"https:\/\/www.sunroom.it\/it\/produkte\/oskura-waterproof-unica\/\" \/>\n<meta property=\"og:locale\" content=\"de_DE\" \/>\n<meta property=\"og:type\" content=\"article\" \/>\n<meta property=\"og:title\" content=\"Oskura Unica - Sunroom\" \/>\n<meta property=\"og:description\" content=\"Oskura Unica ist das exklusive bioklimatische Lamellendach mit komplett unabh\u00e4ngigem Schwenken und Zusammenschieben der Lamellen.\u00a0 Neue Ausblicke, neue Horizonte und neue technologische Exzellenz! Schwenken um bis zu 115 Grad, Zusammenschieben zu einem Lamellenpaket, doppelte unabh\u00e4ngige Bewegung, optimale Dichte bei jedem Wetter&#8230; nicht nur der Name ist absolut Unica, d.h. EINZIGARTIG. Patentiertes Produkt, das f\u00fcr Sicherheit,Leggi di pi\u00f9\" \/>\n<meta property=\"og:url\" content=\"https:\/\/www.sunroom.it\/it\/produkte\/oskura-waterproof-unica\/\" \/>\n<meta property=\"og:site_name\" content=\"Sunroom\" \/>\n<meta property=\"article:modified_time\" content=\"2023-05-09T17:25:27+00:00\" \/>\n<meta property=\"og:image\" content=\"https:\/\/www.sunroom.it\/wp-content\/uploads\/2022\/05\/pagCategoria_UNICA_griglia_960x760px_web.jpg\" \/>\n\t<meta property=\"og:image:width\" content=\"960\" \/>\n\t<meta property=\"og:image:height\" content=\"760\" \/>\n\t<meta property=\"og:image:type\" content=\"image\/jpeg\" \/>\n<meta name=\"twitter:card\" content=\"summary_large_image\" \/>\n<meta name=\"twitter:label1\" content=\"Gesch\u00e4tzte Lesezeit\" \/>\n\t<meta name=\"twitter:data1\" content=\"2\u00a0Minuten\" \/>\n<script type=\"application\/ld+json\" class=\"yoast-schema-graph\">{\"@context\":\"https:\/\/schema.org\",\"@graph\":[{\"@type\":\"WebPage\",\"@id\":\"https:\/\/www.sunroom.it\/it\/produkte\/oskura-waterproof-unica\/\",\"url\":\"https:\/\/www.sunroom.it\/it\/produkte\/oskura-waterproof-unica\/\",\"name\":\"Oskura Unica - Sunroom\",\"isPartOf\":{\"@id\":\"https:\/\/www.sunroom.it\/it\/#website\"},\"primaryImageOfPage\":{\"@id\":\"https:\/\/www.sunroom.it\/it\/produkte\/oskura-waterproof-unica\/#primaryimage\"},\"image\":{\"@id\":\"https:\/\/www.sunroom.it\/it\/produkte\/oskura-waterproof-unica\/#primaryimage\"},\"thumbnailUrl\":\"https:\/\/www.sunroom.it\/wp-content\/uploads\/2022\/05\/pagCategoria_UNICA_griglia_960x760px_web.jpg\",\"datePublished\":\"2022-05-13T11:40:07+00:00\",\"dateModified\":\"2023-05-09T17:25:27+00:00\",\"breadcrumb\":{\"@id\":\"https:\/\/www.sunroom.it\/it\/produkte\/oskura-waterproof-unica\/#breadcrumb\"},\"inLanguage\":\"de\",\"potentialAction\":[{\"@type\":\"ReadAction\",\"target\":[\"https:\/\/www.sunroom.it\/it\/produkte\/oskura-waterproof-unica\/\"]}]},{\"@type\":\"ImageObject\",\"inLanguage\":\"de\",\"@id\":\"https:\/\/www.sunroom.it\/it\/produkte\/oskura-waterproof-unica\/#primaryimage\",\"url\":\"https:\/\/www.sunroom.it\/wp-content\/uploads\/2022\/05\/pagCategoria_UNICA_griglia_960x760px_web.jpg\",\"contentUrl\":\"https:\/\/www.sunroom.it\/wp-content\/uploads\/2022\/05\/pagCategoria_UNICA_griglia_960x760px_web.jpg\",\"width\":960,\"height\":760},{\"@type\":\"BreadcrumbList\",\"@id\":\"https:\/\/www.sunroom.it\/it\/produkte\/oskura-waterproof-unica\/#breadcrumb\",\"itemListElement\":[{\"@type\":\"ListItem\",\"position\":1,\"name\":\"Home\",\"item\":\"https:\/\/www.sunroom.it\/de\/\"},{\"@type\":\"ListItem\",\"position\":2,\"name\":\"Shop\",\"item\":\"https:\/\/www.sunroom.it\/de\/shop\/\"},{\"@type\":\"ListItem\",\"position\":3,\"name\":\"Oskura Unica\"}]},{\"@type\":\"WebSite\",\"@id\":\"https:\/\/www.sunroom.it\/it\/#website\",\"url\":\"https:\/\/www.sunroom.it\/it\/\",\"name\":\"Sunroom\",\"description\":\"Sunroom\",\"publisher\":{\"@id\":\"https:\/\/www.sunroom.it\/it\/#organization\"},\"potentialAction\":[{\"@type\":\"SearchAction\",\"target\":{\"@type\":\"EntryPoint\",\"urlTemplate\":\"https:\/\/www.sunroom.it\/it\/?s={search_term_string}\"},\"query-input\":{\"@type\":\"PropertyValueSpecification\",\"valueRequired\":true,\"valueName\":\"search_term_string\"}}],\"inLanguage\":\"de\"},{\"@type\":\"Organization\",\"@id\":\"https:\/\/www.sunroom.it\/it\/#organization\",\"name\":\"Sunroom\",\"url\":\"https:\/\/www.sunroom.it\/it\/\",\"logo\":{\"@type\":\"ImageObject\",\"inLanguage\":\"de\",\"@id\":\"https:\/\/www.sunroom.it\/it\/#\/schema\/logo\/image\/\",\"url\":\"https:\/\/www.sunroom.it\/wp-content\/uploads\/2021\/07\/sunroom_260x70px.png\",\"contentUrl\":\"https:\/\/www.sunroom.it\/wp-content\/uploads\/2021\/07\/sunroom_260x70px.png\",\"width\":260,\"height\":70,\"caption\":\"Sunroom\"},\"image\":{\"@id\":\"https:\/\/www.sunroom.it\/it\/#\/schema\/logo\/image\/\"}}]}<\/script>\n<!-- \/ Yoast SEO plugin. -->","yoast_head_json":{"title":"Oskura Unica - Sunroom","robots":{"index":"index","follow":"follow","max-snippet":"max-snippet:-1","max-image-preview":"max-image-preview:large","max-video-preview":"max-video-preview:-1"},"canonical":"https:\/\/www.sunroom.it\/it\/produkte\/oskura-waterproof-unica\/","og_locale":"de_DE","og_type":"article","og_title":"Oskura Unica - Sunroom","og_description":"Oskura Unica ist das exklusive bioklimatische Lamellendach mit komplett unabh\u00e4ngigem Schwenken und Zusammenschieben der Lamellen.\u00a0 Neue Ausblicke, neue Horizonte und neue technologische Exzellenz! Schwenken um bis zu 115 Grad, Zusammenschieben zu einem Lamellenpaket, doppelte unabh\u00e4ngige Bewegung, optimale Dichte bei jedem Wetter&#8230; nicht nur der Name ist absolut Unica, d.h. EINZIGARTIG. Patentiertes Produkt, das f\u00fcr Sicherheit,Leggi di pi\u00f9","og_url":"https:\/\/www.sunroom.it\/it\/produkte\/oskura-waterproof-unica\/","og_site_name":"Sunroom","article_modified_time":"2023-05-09T17:25:27+00:00","og_image":[{"width":960,"height":760,"url":"https:\/\/www.sunroom.it\/wp-content\/uploads\/2022\/05\/pagCategoria_UNICA_griglia_960x760px_web.jpg","type":"image\/jpeg"}],"twitter_card":"summary_large_image","twitter_misc":{"Gesch\u00e4tzte Lesezeit":"2\u00a0Minuten"},"schema":{"@context":"https:\/\/schema.org","@graph":[{"@type":"WebPage","@id":"https:\/\/www.sunroom.it\/it\/produkte\/oskura-waterproof-unica\/","url":"https:\/\/www.sunroom.it\/it\/produkte\/oskura-waterproof-unica\/","name":"Oskura Unica - Sunroom","isPartOf":{"@id":"https:\/\/www.sunroom.it\/it\/#website"},"primaryImageOfPage":{"@id":"https:\/\/www.sunroom.it\/it\/produkte\/oskura-waterproof-unica\/#primaryimage"},"image":{"@id":"https:\/\/www.sunroom.it\/it\/produkte\/oskura-waterproof-unica\/#primaryimage"},"thumbnailUrl":"https:\/\/www.sunroom.it\/wp-content\/uploads\/2022\/05\/pagCategoria_UNICA_griglia_960x760px_web.jpg","datePublished":"2022-05-13T11:40:07+00:00","dateModified":"2023-05-09T17:25:27+00:00","breadcrumb":{"@id":"https:\/\/www.sunroom.it\/it\/produkte\/oskura-waterproof-unica\/#breadcrumb"},"inLanguage":"de","potentialAction":[{"@type":"ReadAction","target":["https:\/\/www.sunroom.it\/it\/produkte\/oskura-waterproof-unica\/"]}]},{"@type":"ImageObject","inLanguage":"de","@id":"https:\/\/www.sunroom.it\/it\/produkte\/oskura-waterproof-unica\/#primaryimage","url":"https:\/\/www.sunroom.it\/wp-content\/uploads\/2022\/05\/pagCategoria_UNICA_griglia_960x760px_web.jpg","contentUrl":"https:\/\/www.sunroom.it\/wp-content\/uploads\/2022\/05\/pagCategoria_UNICA_griglia_960x760px_web.jpg","width":960,"height":760},{"@type":"BreadcrumbList","@id":"https:\/\/www.sunroom.it\/it\/produkte\/oskura-waterproof-unica\/#breadcrumb","itemListElement":[{"@type":"ListItem","position":1,"name":"Home","item":"https:\/\/www.sunroom.it\/de\/"},{"@type":"ListItem","position":2,"name":"Shop","item":"https:\/\/www.sunroom.it\/de\/shop\/"},{"@type":"ListItem","position":3,"name":"Oskura Unica"}]},{"@type":"WebSite","@id":"https:\/\/www.sunroom.it\/it\/#website","url":"https:\/\/www.sunroom.it\/it\/","name":"Sunroom","description":"Sunroom","publisher":{"@id":"https:\/\/www.sunroom.it\/it\/#organization"},"potentialAction":[{"@type":"SearchAction","target":{"@type":"EntryPoint","urlTemplate":"https:\/\/www.sunroom.it\/it\/?s={search_term_string}"},"query-input":{"@type":"PropertyValueSpecification","valueRequired":true,"valueName":"search_term_string"}}],"inLanguage":"de"},{"@type":"Organization","@id":"https:\/\/www.sunroom.it\/it\/#organization","name":"Sunroom","url":"https:\/\/www.sunroom.it\/it\/","logo":{"@type":"ImageObject","inLanguage":"de","@id":"https:\/\/www.sunroom.it\/it\/#\/schema\/logo\/image\/","url":"https:\/\/www.sunroom.it\/wp-content\/uploads\/2021\/07\/sunroom_260x70px.png","contentUrl":"https:\/\/www.sunroom.it\/wp-content\/uploads\/2021\/07\/sunroom_260x70px.png","width":260,"height":70,"caption":"Sunroom"},"image":{"@id":"https:\/\/www.sunroom.it\/it\/#\/schema\/logo\/image\/"}}]}},"_links":{"self":[{"href":"https:\/\/www.sunroom.it\/de\/wp-json\/wp\/v2\/product\/11014","targetHints":{"allow":["GET"]}}],"collection":[{"href":"https:\/\/www.sunroom.it\/de\/wp-json\/wp\/v2\/product"}],"about":[{"href":"https:\/\/www.sunroom.it\/de\/wp-json\/wp\/v2\/types\/product"}],"replies":[{"embeddable":true,"href":"https:\/\/www.sunroom.it\/de\/wp-json\/wp\/v2\/comments?post=11014"}],"wp:featuredmedia":[{"embeddable":true,"href":"https:\/\/www.sunroom.it\/de\/wp-json\/wp\/v2\/media\/11146"}],"wp:attachment":[{"href":"https:\/\/www.sunroom.it\/de\/wp-json\/wp\/v2\/media?parent=11014"}],"wp:term":[{"taxonomy":"product_brand","embeddable":true,"href":"https:\/\/www.sunroom.it\/de\/wp-json\/wp\/v2\/product_brand?post=11014"},{"taxonomy":"product_cat","embeddable":true,"href":"https:\/\/www.sunroom.it\/de\/wp-json\/wp\/v2\/product_cat?post=11014"},{"taxonomy":"product_tag","embeddable":true,"href":"https:\/\/www.sunroom.it\/de\/wp-json\/wp\/v2\/product_tag?post=11014"}],"curies":[{"name":"wp","href":"https:\/\/api.w.org\/{rel}","templated":true}]}}