{"id":10499,"date":"2021-12-27T10:58:23","date_gmt":"2021-12-27T09:58:23","guid":{"rendered":"https:\/\/www.sunroom.it\/prodotto\/ghost-180\/"},"modified":"2022-01-28T16:38:12","modified_gmt":"2022-01-28T15:38:12","slug":"ghost-180","status":"publish","type":"product","link":"https:\/\/www.sunroom.it\/de\/produkte\/ghost-180\/","title":{"rendered":"GHOST 180\u00b0"},"content":{"rendered":"<p><strong>Verdeckter Dreh-Kipp-Beschlag, \u00d6ffnung 180\u00b0<\/strong><\/p>\n<p>&nbsp;<\/p>\n<p><strong>Verborgen, kann aber komplett ge\u00f6ffnet werden<\/strong><\/p>\n<p>Mit Ghost 180\u00b0 bieten wir einen Dreh-Kipp-Beschlag mit verborgener Scharnierseite und \u00d6ffnung um 180\u00b0. Dieser neue verdeckte Beschlag eignet sich f\u00fcr Fl\u00fcgel bis 130 kg und kann problemlos auch f\u00fcr Fl\u00fcgel mit einem Gewicht bis 170 kg verwendet werden, bei einer \u00d6ffnungsweite, die auf 90\u00b0 begrenzt ist. Dieses exklusive Scharnier mit \u00d6ffnung um 180\u00b0 erlaubt eine Regulierung auf drei Achsen von Breite, H\u00f6he und Druck des Fl\u00fcgels.<\/p>\n<p>&nbsp;<\/p>\n<p>Regulierung der H\u00f6he<\/p>\n<p>&nbsp;<\/p>\n<p>Die Positionierungsschablone macht Fehler unm\u00f6glich<\/p>\n<p><em>\u00a0<\/em><\/p>\n<p>Regulierung der Tiefe<\/p>\n<p><em>\u00a0<\/em><\/p>\n<p>Seitliche Regulierung<\/p>\n","protected":false},"excerpt":{"rendered":"<p>Verdeckter Dreh-Kipp-Beschlag, \u00d6ffnung 180\u00b0 &nbsp; Verborgen, kann aber komplett ge\u00f6ffnet werden Mit Ghost 180\u00b0 bieten wir einen Dreh-Kipp-Beschlag mit verborgener Scharnierseite und \u00d6ffnung um 180\u00b0. Dieser neue verdeckte Beschlag eignet sich f\u00fcr Fl\u00fcgel bis 130 kg und kann problemlos auch f\u00fcr Fl\u00fcgel mit einem Gewicht bis 170 kg verwendet werden, bei einer \u00d6ffnungsweite, die aufLeggi di pi\u00f9<\/p>\n","protected":false},"featured_media":10124,"comment_status":"closed","ping_status":"closed","template":"","meta":{"_acf_changed":false},"product_brand":[],"product_cat":[141,341],"product_tag":[],"class_list":{"0":"post-10499","1":"product","2":"type-product","3":"status-publish","4":"has-post-thumbnail","6":"product_cat-produkte","7":"product_cat-serramenti-de","9":"first","10":"instock","11":"shipping-taxable","12":"product-type-simple"},"acf":[],"yoast_head":"<!-- This site is optimized with the Yoast SEO plugin v27.1 - https:\/\/yoast.com\/product\/yoast-seo-wordpress\/ -->\n<title>GHOST 180\u00b0 - Sunroom<\/title>\n<meta name=\"robots\" content=\"index, follow, max-snippet:-1, max-image-preview:large, max-video-preview:-1\" \/>\n<link rel=\"canonical\" href=\"https:\/\/www.sunroom.it\/it\/produkte\/ghost-180\/\" \/>\n<meta property=\"og:locale\" content=\"de_DE\" \/>\n<meta property=\"og:type\" content=\"article\" \/>\n<meta property=\"og:title\" content=\"GHOST 180\u00b0 - Sunroom\" \/>\n<meta property=\"og:description\" content=\"Verdeckter Dreh-Kipp-Beschlag, \u00d6ffnung 180\u00b0 &nbsp; Verborgen, kann aber komplett ge\u00f6ffnet werden Mit Ghost 180\u00b0 bieten wir einen Dreh-Kipp-Beschlag mit verborgener Scharnierseite und \u00d6ffnung um 180\u00b0. Dieser neue verdeckte Beschlag eignet sich f\u00fcr Fl\u00fcgel bis 130 kg und kann problemlos auch f\u00fcr Fl\u00fcgel mit einem Gewicht bis 170 kg verwendet werden, bei einer \u00d6ffnungsweite, die aufLeggi di pi\u00f9\" \/>\n<meta property=\"og:url\" content=\"https:\/\/www.sunroom.it\/it\/produkte\/ghost-180\/\" \/>\n<meta property=\"og:site_name\" content=\"Sunroom\" \/>\n<meta property=\"article:modified_time\" content=\"2022-01-28T15:38:12+00:00\" \/>\n<meta property=\"og:image\" content=\"https:\/\/www.sunroom.it\/wp-content\/uploads\/2021\/12\/ghost_elenco-prodotti.jpg\" \/>\n\t<meta property=\"og:image:width\" content=\"960\" \/>\n\t<meta property=\"og:image:height\" content=\"760\" \/>\n\t<meta property=\"og:image:type\" content=\"image\/jpeg\" \/>\n<meta name=\"twitter:card\" content=\"summary_large_image\" \/>\n<script type=\"application\/ld+json\" class=\"yoast-schema-graph\">{\"@context\":\"https:\/\/schema.org\",\"@graph\":[{\"@type\":\"WebPage\",\"@id\":\"https:\/\/www.sunroom.it\/it\/produkte\/ghost-180\/\",\"url\":\"https:\/\/www.sunroom.it\/it\/produkte\/ghost-180\/\",\"name\":\"GHOST 180\u00b0 - Sunroom\",\"isPartOf\":{\"@id\":\"https:\/\/www.sunroom.it\/it\/#website\"},\"primaryImageOfPage\":{\"@id\":\"https:\/\/www.sunroom.it\/it\/produkte\/ghost-180\/#primaryimage\"},\"image\":{\"@id\":\"https:\/\/www.sunroom.it\/it\/produkte\/ghost-180\/#primaryimage\"},\"thumbnailUrl\":\"https:\/\/www.sunroom.it\/wp-content\/uploads\/2021\/12\/ghost_elenco-prodotti.jpg\",\"datePublished\":\"2021-12-27T09:58:23+00:00\",\"dateModified\":\"2022-01-28T15:38:12+00:00\",\"breadcrumb\":{\"@id\":\"https:\/\/www.sunroom.it\/it\/produkte\/ghost-180\/#breadcrumb\"},\"inLanguage\":\"de\",\"potentialAction\":[{\"@type\":\"ReadAction\",\"target\":[\"https:\/\/www.sunroom.it\/it\/produkte\/ghost-180\/\"]}]},{\"@type\":\"ImageObject\",\"inLanguage\":\"de\",\"@id\":\"https:\/\/www.sunroom.it\/it\/produkte\/ghost-180\/#primaryimage\",\"url\":\"https:\/\/www.sunroom.it\/wp-content\/uploads\/2021\/12\/ghost_elenco-prodotti.jpg\",\"contentUrl\":\"https:\/\/www.sunroom.it\/wp-content\/uploads\/2021\/12\/ghost_elenco-prodotti.jpg\",\"width\":960,\"height\":760},{\"@type\":\"BreadcrumbList\",\"@id\":\"https:\/\/www.sunroom.it\/it\/produkte\/ghost-180\/#breadcrumb\",\"itemListElement\":[{\"@type\":\"ListItem\",\"position\":1,\"name\":\"Home\",\"item\":\"https:\/\/www.sunroom.it\/de\/\"},{\"@type\":\"ListItem\",\"position\":2,\"name\":\"Shop\",\"item\":\"https:\/\/www.sunroom.it\/de\/shop\/\"},{\"@type\":\"ListItem\",\"position\":3,\"name\":\"GHOST 180\u00b0\"}]},{\"@type\":\"WebSite\",\"@id\":\"https:\/\/www.sunroom.it\/it\/#website\",\"url\":\"https:\/\/www.sunroom.it\/it\/\",\"name\":\"Sunroom\",\"description\":\"Sunroom\",\"publisher\":{\"@id\":\"https:\/\/www.sunroom.it\/it\/#organization\"},\"potentialAction\":[{\"@type\":\"SearchAction\",\"target\":{\"@type\":\"EntryPoint\",\"urlTemplate\":\"https:\/\/www.sunroom.it\/it\/?s={search_term_string}\"},\"query-input\":{\"@type\":\"PropertyValueSpecification\",\"valueRequired\":true,\"valueName\":\"search_term_string\"}}],\"inLanguage\":\"de\"},{\"@type\":\"Organization\",\"@id\":\"https:\/\/www.sunroom.it\/it\/#organization\",\"name\":\"Sunroom\",\"url\":\"https:\/\/www.sunroom.it\/it\/\",\"logo\":{\"@type\":\"ImageObject\",\"inLanguage\":\"de\",\"@id\":\"https:\/\/www.sunroom.it\/it\/#\/schema\/logo\/image\/\",\"url\":\"https:\/\/www.sunroom.it\/wp-content\/uploads\/2021\/07\/sunroom_260x70px.png\",\"contentUrl\":\"https:\/\/www.sunroom.it\/wp-content\/uploads\/2021\/07\/sunroom_260x70px.png\",\"width\":260,\"height\":70,\"caption\":\"Sunroom\"},\"image\":{\"@id\":\"https:\/\/www.sunroom.it\/it\/#\/schema\/logo\/image\/\"}}]}<\/script>\n<!-- \/ Yoast SEO plugin. -->","yoast_head_json":{"title":"GHOST 180\u00b0 - Sunroom","robots":{"index":"index","follow":"follow","max-snippet":"max-snippet:-1","max-image-preview":"max-image-preview:large","max-video-preview":"max-video-preview:-1"},"canonical":"https:\/\/www.sunroom.it\/it\/produkte\/ghost-180\/","og_locale":"de_DE","og_type":"article","og_title":"GHOST 180\u00b0 - Sunroom","og_description":"Verdeckter Dreh-Kipp-Beschlag, \u00d6ffnung 180\u00b0 &nbsp; Verborgen, kann aber komplett ge\u00f6ffnet werden Mit Ghost 180\u00b0 bieten wir einen Dreh-Kipp-Beschlag mit verborgener Scharnierseite und \u00d6ffnung um 180\u00b0. Dieser neue verdeckte Beschlag eignet sich f\u00fcr Fl\u00fcgel bis 130 kg und kann problemlos auch f\u00fcr Fl\u00fcgel mit einem Gewicht bis 170 kg verwendet werden, bei einer \u00d6ffnungsweite, die aufLeggi di pi\u00f9","og_url":"https:\/\/www.sunroom.it\/it\/produkte\/ghost-180\/","og_site_name":"Sunroom","article_modified_time":"2022-01-28T15:38:12+00:00","og_image":[{"width":960,"height":760,"url":"https:\/\/www.sunroom.it\/wp-content\/uploads\/2021\/12\/ghost_elenco-prodotti.jpg","type":"image\/jpeg"}],"twitter_card":"summary_large_image","schema":{"@context":"https:\/\/schema.org","@graph":[{"@type":"WebPage","@id":"https:\/\/www.sunroom.it\/it\/produkte\/ghost-180\/","url":"https:\/\/www.sunroom.it\/it\/produkte\/ghost-180\/","name":"GHOST 180\u00b0 - Sunroom","isPartOf":{"@id":"https:\/\/www.sunroom.it\/it\/#website"},"primaryImageOfPage":{"@id":"https:\/\/www.sunroom.it\/it\/produkte\/ghost-180\/#primaryimage"},"image":{"@id":"https:\/\/www.sunroom.it\/it\/produkte\/ghost-180\/#primaryimage"},"thumbnailUrl":"https:\/\/www.sunroom.it\/wp-content\/uploads\/2021\/12\/ghost_elenco-prodotti.jpg","datePublished":"2021-12-27T09:58:23+00:00","dateModified":"2022-01-28T15:38:12+00:00","breadcrumb":{"@id":"https:\/\/www.sunroom.it\/it\/produkte\/ghost-180\/#breadcrumb"},"inLanguage":"de","potentialAction":[{"@type":"ReadAction","target":["https:\/\/www.sunroom.it\/it\/produkte\/ghost-180\/"]}]},{"@type":"ImageObject","inLanguage":"de","@id":"https:\/\/www.sunroom.it\/it\/produkte\/ghost-180\/#primaryimage","url":"https:\/\/www.sunroom.it\/wp-content\/uploads\/2021\/12\/ghost_elenco-prodotti.jpg","contentUrl":"https:\/\/www.sunroom.it\/wp-content\/uploads\/2021\/12\/ghost_elenco-prodotti.jpg","width":960,"height":760},{"@type":"BreadcrumbList","@id":"https:\/\/www.sunroom.it\/it\/produkte\/ghost-180\/#breadcrumb","itemListElement":[{"@type":"ListItem","position":1,"name":"Home","item":"https:\/\/www.sunroom.it\/de\/"},{"@type":"ListItem","position":2,"name":"Shop","item":"https:\/\/www.sunroom.it\/de\/shop\/"},{"@type":"ListItem","position":3,"name":"GHOST 180\u00b0"}]},{"@type":"WebSite","@id":"https:\/\/www.sunroom.it\/it\/#website","url":"https:\/\/www.sunroom.it\/it\/","name":"Sunroom","description":"Sunroom","publisher":{"@id":"https:\/\/www.sunroom.it\/it\/#organization"},"potentialAction":[{"@type":"SearchAction","target":{"@type":"EntryPoint","urlTemplate":"https:\/\/www.sunroom.it\/it\/?s={search_term_string}"},"query-input":{"@type":"PropertyValueSpecification","valueRequired":true,"valueName":"search_term_string"}}],"inLanguage":"de"},{"@type":"Organization","@id":"https:\/\/www.sunroom.it\/it\/#organization","name":"Sunroom","url":"https:\/\/www.sunroom.it\/it\/","logo":{"@type":"ImageObject","inLanguage":"de","@id":"https:\/\/www.sunroom.it\/it\/#\/schema\/logo\/image\/","url":"https:\/\/www.sunroom.it\/wp-content\/uploads\/2021\/07\/sunroom_260x70px.png","contentUrl":"https:\/\/www.sunroom.it\/wp-content\/uploads\/2021\/07\/sunroom_260x70px.png","width":260,"height":70,"caption":"Sunroom"},"image":{"@id":"https:\/\/www.sunroom.it\/it\/#\/schema\/logo\/image\/"}}]}},"_links":{"self":[{"href":"https:\/\/www.sunroom.it\/de\/wp-json\/wp\/v2\/product\/10499","targetHints":{"allow":["GET"]}}],"collection":[{"href":"https:\/\/www.sunroom.it\/de\/wp-json\/wp\/v2\/product"}],"about":[{"href":"https:\/\/www.sunroom.it\/de\/wp-json\/wp\/v2\/types\/product"}],"replies":[{"embeddable":true,"href":"https:\/\/www.sunroom.it\/de\/wp-json\/wp\/v2\/comments?post=10499"}],"wp:featuredmedia":[{"embeddable":true,"href":"https:\/\/www.sunroom.it\/de\/wp-json\/wp\/v2\/media\/10124"}],"wp:attachment":[{"href":"https:\/\/www.sunroom.it\/de\/wp-json\/wp\/v2\/media?parent=10499"}],"wp:term":[{"taxonomy":"product_brand","embeddable":true,"href":"https:\/\/www.sunroom.it\/de\/wp-json\/wp\/v2\/product_brand?post=10499"},{"taxonomy":"product_cat","embeddable":true,"href":"https:\/\/www.sunroom.it\/de\/wp-json\/wp\/v2\/product_cat?post=10499"},{"taxonomy":"product_tag","embeddable":true,"href":"https:\/\/www.sunroom.it\/de\/wp-json\/wp\/v2\/product_tag?post=10499"}],"curies":[{"name":"wp","href":"https:\/\/api.w.org\/{rel}","templated":true}]}}