{"id":10496,"date":"2021-12-27T10:44:25","date_gmt":"2021-12-27T09:44:25","guid":{"rendered":"https:\/\/www.sunroom.it\/prodotto\/s80-hw\/"},"modified":"2023-08-07T11:08:15","modified_gmt":"2023-08-07T09:08:15","slug":"s80-hw","status":"publish","type":"product","link":"https:\/\/www.sunroom.it\/de\/produkte\/s80-hw\/","title":{"rendered":"S.80 HW"},"content":{"rendered":"<p><strong>Serie Fenster <\/strong><\/p>\n<p>Rahmen 79 mm &#8211; Fl\u00fcgel 89 mm Scheibe bis 52 mm.<\/p>\n<p>W\u00c4RMED\u00c4MMUNG* UF &#8211; 1,49 W\/m<sup>2<\/sup>K<\/p>\n<p>UG &#8211; 0,5 &#8211; Psi 0,031 UW &#8211; 0,85 W\/m<sup>2<\/sup>K<\/p>\n<p>*Optionale W\u00e4rmed\u00e4mmung<\/p>\n<p>Die Fenster der Serie <strong>S.80 HW<\/strong> (High-Performances Windows) weisen die gleichen H\u00fcllen der Profile und der Zubeh\u00f6rteile auf wie die h\u00f6here Serie, mit eingesetztem Polyamidprofil mit 42 mm zur Unterbrechung der W\u00e4rmebr\u00fccke. Mit einer optimalen Statik und einer perfekten Gewichtsverteilung der Profile ist diese Serie die kommerziellste Serie, die bei den Benutzern von Systemen f\u00fcr Fenster und T\u00fcren am beliebtesten ist, da sie mit ihren herausragenden Leistungen eine Spitzenposition unter den Produkten auf dem Markt einnimmt.<\/p>\n<p>Mit <a href=\"https:\/\/www.sunroom.it\/de\/produkte\/ghost-180\/\" target=\"_blank\" rel=\"noopener\"><strong>Ghost 180\u00b0<\/strong><\/a> bieten wir einen Dreh-Kipp-Beschlag mit verborgener Scharnierseite und \u00d6ffnung um 180\u00b0.<\/p>\n","protected":false},"excerpt":{"rendered":"<p>Serie Fenster Rahmen 79 mm &#8211; Fl\u00fcgel 89 mm Scheibe bis 52 mm. W\u00c4RMED\u00c4MMUNG* UF &#8211; 1,49 W\/m2K UG &#8211; 0,5 &#8211; Psi 0,031 UW &#8211; 0,85 W\/m2K *Optionale W\u00e4rmed\u00e4mmung Die Fenster der Serie S.80 HW (High-Performances Windows) weisen die gleichen H\u00fcllen der Profile und der Zubeh\u00f6rteile auf wie die h\u00f6here Serie, mit eingesetztem PolyamidprofilLeggi di pi\u00f9<\/p>\n","protected":false},"featured_media":10062,"comment_status":"closed","ping_status":"closed","template":"","meta":{"_acf_changed":false},"product_brand":[],"product_cat":[141,341],"product_tag":[],"class_list":{"0":"post-10496","1":"product","2":"type-product","3":"status-publish","4":"has-post-thumbnail","6":"product_cat-produkte","7":"product_cat-serramenti-de","9":"first","10":"instock","11":"shipping-taxable","12":"product-type-simple"},"acf":[],"yoast_head":"<!-- This site is optimized with the Yoast SEO plugin v27.1 - https:\/\/yoast.com\/product\/yoast-seo-wordpress\/ -->\n<title>S.80 HW - Sunroom<\/title>\n<meta name=\"robots\" content=\"index, follow, max-snippet:-1, max-image-preview:large, max-video-preview:-1\" \/>\n<link rel=\"canonical\" href=\"https:\/\/www.sunroom.it\/it\/produkte\/s80-hw\/\" \/>\n<meta property=\"og:locale\" content=\"de_DE\" \/>\n<meta property=\"og:type\" content=\"article\" \/>\n<meta property=\"og:title\" content=\"S.80 HW - Sunroom\" \/>\n<meta property=\"og:description\" content=\"Serie Fenster Rahmen 79 mm &#8211; Fl\u00fcgel 89 mm Scheibe bis 52 mm. W\u00c4RMED\u00c4MMUNG* UF &#8211; 1,49 W\/m2K UG &#8211; 0,5 &#8211; Psi 0,031 UW &#8211; 0,85 W\/m2K *Optionale W\u00e4rmed\u00e4mmung Die Fenster der Serie S.80 HW (High-Performances Windows) weisen die gleichen H\u00fcllen der Profile und der Zubeh\u00f6rteile auf wie die h\u00f6here Serie, mit eingesetztem PolyamidprofilLeggi di pi\u00f9\" \/>\n<meta property=\"og:url\" content=\"https:\/\/www.sunroom.it\/it\/produkte\/s80-hw\/\" \/>\n<meta property=\"og:site_name\" content=\"Sunroom\" \/>\n<meta property=\"article:modified_time\" content=\"2023-08-07T09:08:15+00:00\" \/>\n<meta property=\"og:image\" content=\"https:\/\/www.sunroom.it\/wp-content\/uploads\/2021\/12\/S80.HW_elenco-prodotti.jpg\" \/>\n\t<meta property=\"og:image:width\" content=\"960\" \/>\n\t<meta property=\"og:image:height\" content=\"760\" \/>\n\t<meta property=\"og:image:type\" content=\"image\/jpeg\" \/>\n<meta name=\"twitter:card\" content=\"summary_large_image\" \/>\n<meta name=\"twitter:label1\" content=\"Gesch\u00e4tzte Lesezeit\" \/>\n\t<meta name=\"twitter:data1\" content=\"1\u00a0Minute\" \/>\n<script type=\"application\/ld+json\" class=\"yoast-schema-graph\">{\"@context\":\"https:\/\/schema.org\",\"@graph\":[{\"@type\":\"WebPage\",\"@id\":\"https:\/\/www.sunroom.it\/it\/produkte\/s80-hw\/\",\"url\":\"https:\/\/www.sunroom.it\/it\/produkte\/s80-hw\/\",\"name\":\"S.80 HW - Sunroom\",\"isPartOf\":{\"@id\":\"https:\/\/www.sunroom.it\/it\/#website\"},\"primaryImageOfPage\":{\"@id\":\"https:\/\/www.sunroom.it\/it\/produkte\/s80-hw\/#primaryimage\"},\"image\":{\"@id\":\"https:\/\/www.sunroom.it\/it\/produkte\/s80-hw\/#primaryimage\"},\"thumbnailUrl\":\"https:\/\/www.sunroom.it\/wp-content\/uploads\/2021\/12\/S80.HW_elenco-prodotti.jpg\",\"datePublished\":\"2021-12-27T09:44:25+00:00\",\"dateModified\":\"2023-08-07T09:08:15+00:00\",\"breadcrumb\":{\"@id\":\"https:\/\/www.sunroom.it\/it\/produkte\/s80-hw\/#breadcrumb\"},\"inLanguage\":\"de\",\"potentialAction\":[{\"@type\":\"ReadAction\",\"target\":[\"https:\/\/www.sunroom.it\/it\/produkte\/s80-hw\/\"]}]},{\"@type\":\"ImageObject\",\"inLanguage\":\"de\",\"@id\":\"https:\/\/www.sunroom.it\/it\/produkte\/s80-hw\/#primaryimage\",\"url\":\"https:\/\/www.sunroom.it\/wp-content\/uploads\/2021\/12\/S80.HW_elenco-prodotti.jpg\",\"contentUrl\":\"https:\/\/www.sunroom.it\/wp-content\/uploads\/2021\/12\/S80.HW_elenco-prodotti.jpg\",\"width\":960,\"height\":760},{\"@type\":\"BreadcrumbList\",\"@id\":\"https:\/\/www.sunroom.it\/it\/produkte\/s80-hw\/#breadcrumb\",\"itemListElement\":[{\"@type\":\"ListItem\",\"position\":1,\"name\":\"Home\",\"item\":\"https:\/\/www.sunroom.it\/de\/\"},{\"@type\":\"ListItem\",\"position\":2,\"name\":\"Shop\",\"item\":\"https:\/\/www.sunroom.it\/de\/shop\/\"},{\"@type\":\"ListItem\",\"position\":3,\"name\":\"S.80 HW\"}]},{\"@type\":\"WebSite\",\"@id\":\"https:\/\/www.sunroom.it\/it\/#website\",\"url\":\"https:\/\/www.sunroom.it\/it\/\",\"name\":\"Sunroom\",\"description\":\"Sunroom\",\"publisher\":{\"@id\":\"https:\/\/www.sunroom.it\/it\/#organization\"},\"potentialAction\":[{\"@type\":\"SearchAction\",\"target\":{\"@type\":\"EntryPoint\",\"urlTemplate\":\"https:\/\/www.sunroom.it\/it\/?s={search_term_string}\"},\"query-input\":{\"@type\":\"PropertyValueSpecification\",\"valueRequired\":true,\"valueName\":\"search_term_string\"}}],\"inLanguage\":\"de\"},{\"@type\":\"Organization\",\"@id\":\"https:\/\/www.sunroom.it\/it\/#organization\",\"name\":\"Sunroom\",\"url\":\"https:\/\/www.sunroom.it\/it\/\",\"logo\":{\"@type\":\"ImageObject\",\"inLanguage\":\"de\",\"@id\":\"https:\/\/www.sunroom.it\/it\/#\/schema\/logo\/image\/\",\"url\":\"https:\/\/www.sunroom.it\/wp-content\/uploads\/2021\/07\/sunroom_260x70px.png\",\"contentUrl\":\"https:\/\/www.sunroom.it\/wp-content\/uploads\/2021\/07\/sunroom_260x70px.png\",\"width\":260,\"height\":70,\"caption\":\"Sunroom\"},\"image\":{\"@id\":\"https:\/\/www.sunroom.it\/it\/#\/schema\/logo\/image\/\"}}]}<\/script>\n<!-- \/ Yoast SEO plugin. -->","yoast_head_json":{"title":"S.80 HW - Sunroom","robots":{"index":"index","follow":"follow","max-snippet":"max-snippet:-1","max-image-preview":"max-image-preview:large","max-video-preview":"max-video-preview:-1"},"canonical":"https:\/\/www.sunroom.it\/it\/produkte\/s80-hw\/","og_locale":"de_DE","og_type":"article","og_title":"S.80 HW - Sunroom","og_description":"Serie Fenster Rahmen 79 mm &#8211; Fl\u00fcgel 89 mm Scheibe bis 52 mm. W\u00c4RMED\u00c4MMUNG* UF &#8211; 1,49 W\/m2K UG &#8211; 0,5 &#8211; Psi 0,031 UW &#8211; 0,85 W\/m2K *Optionale W\u00e4rmed\u00e4mmung Die Fenster der Serie S.80 HW (High-Performances Windows) weisen die gleichen H\u00fcllen der Profile und der Zubeh\u00f6rteile auf wie die h\u00f6here Serie, mit eingesetztem PolyamidprofilLeggi di pi\u00f9","og_url":"https:\/\/www.sunroom.it\/it\/produkte\/s80-hw\/","og_site_name":"Sunroom","article_modified_time":"2023-08-07T09:08:15+00:00","og_image":[{"width":960,"height":760,"url":"https:\/\/www.sunroom.it\/wp-content\/uploads\/2021\/12\/S80.HW_elenco-prodotti.jpg","type":"image\/jpeg"}],"twitter_card":"summary_large_image","twitter_misc":{"Gesch\u00e4tzte Lesezeit":"1\u00a0Minute"},"schema":{"@context":"https:\/\/schema.org","@graph":[{"@type":"WebPage","@id":"https:\/\/www.sunroom.it\/it\/produkte\/s80-hw\/","url":"https:\/\/www.sunroom.it\/it\/produkte\/s80-hw\/","name":"S.80 HW - Sunroom","isPartOf":{"@id":"https:\/\/www.sunroom.it\/it\/#website"},"primaryImageOfPage":{"@id":"https:\/\/www.sunroom.it\/it\/produkte\/s80-hw\/#primaryimage"},"image":{"@id":"https:\/\/www.sunroom.it\/it\/produkte\/s80-hw\/#primaryimage"},"thumbnailUrl":"https:\/\/www.sunroom.it\/wp-content\/uploads\/2021\/12\/S80.HW_elenco-prodotti.jpg","datePublished":"2021-12-27T09:44:25+00:00","dateModified":"2023-08-07T09:08:15+00:00","breadcrumb":{"@id":"https:\/\/www.sunroom.it\/it\/produkte\/s80-hw\/#breadcrumb"},"inLanguage":"de","potentialAction":[{"@type":"ReadAction","target":["https:\/\/www.sunroom.it\/it\/produkte\/s80-hw\/"]}]},{"@type":"ImageObject","inLanguage":"de","@id":"https:\/\/www.sunroom.it\/it\/produkte\/s80-hw\/#primaryimage","url":"https:\/\/www.sunroom.it\/wp-content\/uploads\/2021\/12\/S80.HW_elenco-prodotti.jpg","contentUrl":"https:\/\/www.sunroom.it\/wp-content\/uploads\/2021\/12\/S80.HW_elenco-prodotti.jpg","width":960,"height":760},{"@type":"BreadcrumbList","@id":"https:\/\/www.sunroom.it\/it\/produkte\/s80-hw\/#breadcrumb","itemListElement":[{"@type":"ListItem","position":1,"name":"Home","item":"https:\/\/www.sunroom.it\/de\/"},{"@type":"ListItem","position":2,"name":"Shop","item":"https:\/\/www.sunroom.it\/de\/shop\/"},{"@type":"ListItem","position":3,"name":"S.80 HW"}]},{"@type":"WebSite","@id":"https:\/\/www.sunroom.it\/it\/#website","url":"https:\/\/www.sunroom.it\/it\/","name":"Sunroom","description":"Sunroom","publisher":{"@id":"https:\/\/www.sunroom.it\/it\/#organization"},"potentialAction":[{"@type":"SearchAction","target":{"@type":"EntryPoint","urlTemplate":"https:\/\/www.sunroom.it\/it\/?s={search_term_string}"},"query-input":{"@type":"PropertyValueSpecification","valueRequired":true,"valueName":"search_term_string"}}],"inLanguage":"de"},{"@type":"Organization","@id":"https:\/\/www.sunroom.it\/it\/#organization","name":"Sunroom","url":"https:\/\/www.sunroom.it\/it\/","logo":{"@type":"ImageObject","inLanguage":"de","@id":"https:\/\/www.sunroom.it\/it\/#\/schema\/logo\/image\/","url":"https:\/\/www.sunroom.it\/wp-content\/uploads\/2021\/07\/sunroom_260x70px.png","contentUrl":"https:\/\/www.sunroom.it\/wp-content\/uploads\/2021\/07\/sunroom_260x70px.png","width":260,"height":70,"caption":"Sunroom"},"image":{"@id":"https:\/\/www.sunroom.it\/it\/#\/schema\/logo\/image\/"}}]}},"_links":{"self":[{"href":"https:\/\/www.sunroom.it\/de\/wp-json\/wp\/v2\/product\/10496","targetHints":{"allow":["GET"]}}],"collection":[{"href":"https:\/\/www.sunroom.it\/de\/wp-json\/wp\/v2\/product"}],"about":[{"href":"https:\/\/www.sunroom.it\/de\/wp-json\/wp\/v2\/types\/product"}],"replies":[{"embeddable":true,"href":"https:\/\/www.sunroom.it\/de\/wp-json\/wp\/v2\/comments?post=10496"}],"wp:featuredmedia":[{"embeddable":true,"href":"https:\/\/www.sunroom.it\/de\/wp-json\/wp\/v2\/media\/10062"}],"wp:attachment":[{"href":"https:\/\/www.sunroom.it\/de\/wp-json\/wp\/v2\/media?parent=10496"}],"wp:term":[{"taxonomy":"product_brand","embeddable":true,"href":"https:\/\/www.sunroom.it\/de\/wp-json\/wp\/v2\/product_brand?post=10496"},{"taxonomy":"product_cat","embeddable":true,"href":"https:\/\/www.sunroom.it\/de\/wp-json\/wp\/v2\/product_cat?post=10496"},{"taxonomy":"product_tag","embeddable":true,"href":"https:\/\/www.sunroom.it\/de\/wp-json\/wp\/v2\/product_tag?post=10496"}],"curies":[{"name":"wp","href":"https:\/\/api.w.org\/{rel}","templated":true}]}}