{"id":10494,"date":"2021-12-16T17:24:12","date_gmt":"2021-12-16T16:24:12","guid":{"rendered":"https:\/\/www.sunroom.it\/prodotto\/s85-wh\/"},"modified":"2023-08-07T11:07:16","modified_gmt":"2023-08-07T09:07:16","slug":"s85-hw","status":"publish","type":"product","link":"https:\/\/www.sunroom.it\/de\/produkte\/s85-hw\/","title":{"rendered":"S.85 HW"},"content":{"rendered":"<p><strong>Serie Fenster <\/strong><\/p>\n<p>Rahmen 85 mm &#8211; Fl\u00fcgel 95 mm<\/p>\n<p>Scheibe bis 58 mm<\/p>\n<p>W\u00c4RMED\u00c4MMUNG* UF &#8211; 0,99 W\/m<sup>2<\/sup>K<\/p>\n<p>UG &#8211; 0,5 &#8211; Psi 0,031 UW &#8211; 0,72 W\/m<sup>2<\/sup>K<\/p>\n<p>*Optionale W\u00e4rmed\u00e4mmung<\/p>\n<p><strong>S.85 HW<\/strong>\u00a0ist das leistungsst\u00e4rkste und innovativste System. Durch die gro\u00dfe Tiefe der Profile ist auch die Statik dieses System signifikant h\u00f6her, sodass auch die Ausf\u00fchrung von Fenstern mit sehr gro\u00dfen Abmessungen m\u00f6glich ist. Die Unterbrechung der W\u00e4rmebr\u00fccke erfolgt durch den Einsatz eines revolution\u00e4ren Profils aus ABS, einem Material, das nicht hygroskopisch ist und das Erreichen eines W\u00e4rmedurchgangskoeffizienten erm\u00f6glicht, der deutlich unter dem Wert liegt, der sich bei der gleichen Einbausituation mit einem vergleichbaren Profil aus Polyamid erzielen l\u00e4sst.<\/p>\n<p>Mit <a href=\"https:\/\/www.sunroom.it\/de\/produkte\/ghost-180\/\" target=\"_blank\" rel=\"noopener\"><strong>Ghost 180\u00b0<\/strong><\/a> bieten wir einen Dreh-Kipp-Beschlag mit verborgener Scharnierseite und \u00d6ffnung um 180\u00b0.<\/p>\n","protected":false},"excerpt":{"rendered":"<p>Serie Fenster Rahmen 85 mm &#8211; Fl\u00fcgel 95 mm Scheibe bis 58 mm W\u00c4RMED\u00c4MMUNG* UF &#8211; 0,99 W\/m2K UG &#8211; 0,5 &#8211; Psi 0,031 UW &#8211; 0,72 W\/m2K *Optionale W\u00e4rmed\u00e4mmung S.85 HW\u00a0ist das leistungsst\u00e4rkste und innovativste System. Durch die gro\u00dfe Tiefe der Profile ist auch die Statik dieses System signifikant h\u00f6her, sodass auch die Ausf\u00fchrungLeggi di pi\u00f9<\/p>\n","protected":false},"featured_media":9994,"comment_status":"closed","ping_status":"closed","template":"","meta":{"_acf_changed":false},"product_brand":[],"product_cat":[141,341],"product_tag":[],"class_list":{"0":"post-10494","1":"product","2":"type-product","3":"status-publish","4":"has-post-thumbnail","6":"product_cat-produkte","7":"product_cat-serramenti-de","9":"first","10":"instock","11":"shipping-taxable","12":"product-type-simple"},"acf":[],"yoast_head":"<!-- This site is optimized with the Yoast SEO plugin v27.1 - https:\/\/yoast.com\/product\/yoast-seo-wordpress\/ -->\n<title>S.85 HW - Sunroom<\/title>\n<meta name=\"robots\" content=\"index, follow, max-snippet:-1, max-image-preview:large, max-video-preview:-1\" \/>\n<link rel=\"canonical\" href=\"https:\/\/www.sunroom.it\/it\/produkte\/s85-hw\/\" \/>\n<meta property=\"og:locale\" content=\"de_DE\" \/>\n<meta property=\"og:type\" content=\"article\" \/>\n<meta property=\"og:title\" content=\"S.85 HW - Sunroom\" \/>\n<meta property=\"og:description\" content=\"Serie Fenster Rahmen 85 mm &#8211; Fl\u00fcgel 95 mm Scheibe bis 58 mm W\u00c4RMED\u00c4MMUNG* UF &#8211; 0,99 W\/m2K UG &#8211; 0,5 &#8211; Psi 0,031 UW &#8211; 0,72 W\/m2K *Optionale W\u00e4rmed\u00e4mmung S.85 HW\u00a0ist das leistungsst\u00e4rkste und innovativste System. Durch die gro\u00dfe Tiefe der Profile ist auch die Statik dieses System signifikant h\u00f6her, sodass auch die Ausf\u00fchrungLeggi di pi\u00f9\" \/>\n<meta property=\"og:url\" content=\"https:\/\/www.sunroom.it\/it\/produkte\/s85-hw\/\" \/>\n<meta property=\"og:site_name\" content=\"Sunroom\" \/>\n<meta property=\"article:modified_time\" content=\"2023-08-07T09:07:16+00:00\" \/>\n<meta property=\"og:image\" content=\"https:\/\/www.sunroom.it\/wp-content\/uploads\/2021\/12\/S85.WH_elenco-prodotti-1.jpg\" \/>\n\t<meta property=\"og:image:width\" content=\"960\" \/>\n\t<meta property=\"og:image:height\" content=\"760\" \/>\n\t<meta property=\"og:image:type\" content=\"image\/jpeg\" \/>\n<meta name=\"twitter:card\" content=\"summary_large_image\" \/>\n<meta name=\"twitter:label1\" content=\"Gesch\u00e4tzte Lesezeit\" \/>\n\t<meta name=\"twitter:data1\" content=\"1\u00a0Minute\" \/>\n<script type=\"application\/ld+json\" class=\"yoast-schema-graph\">{\"@context\":\"https:\/\/schema.org\",\"@graph\":[{\"@type\":\"WebPage\",\"@id\":\"https:\/\/www.sunroom.it\/it\/produkte\/s85-hw\/\",\"url\":\"https:\/\/www.sunroom.it\/it\/produkte\/s85-hw\/\",\"name\":\"S.85 HW - Sunroom\",\"isPartOf\":{\"@id\":\"https:\/\/www.sunroom.it\/it\/#website\"},\"primaryImageOfPage\":{\"@id\":\"https:\/\/www.sunroom.it\/it\/produkte\/s85-hw\/#primaryimage\"},\"image\":{\"@id\":\"https:\/\/www.sunroom.it\/it\/produkte\/s85-hw\/#primaryimage\"},\"thumbnailUrl\":\"https:\/\/www.sunroom.it\/wp-content\/uploads\/2021\/12\/S85.WH_elenco-prodotti-1.jpg\",\"datePublished\":\"2021-12-16T16:24:12+00:00\",\"dateModified\":\"2023-08-07T09:07:16+00:00\",\"breadcrumb\":{\"@id\":\"https:\/\/www.sunroom.it\/it\/produkte\/s85-hw\/#breadcrumb\"},\"inLanguage\":\"de\",\"potentialAction\":[{\"@type\":\"ReadAction\",\"target\":[\"https:\/\/www.sunroom.it\/it\/produkte\/s85-hw\/\"]}]},{\"@type\":\"ImageObject\",\"inLanguage\":\"de\",\"@id\":\"https:\/\/www.sunroom.it\/it\/produkte\/s85-hw\/#primaryimage\",\"url\":\"https:\/\/www.sunroom.it\/wp-content\/uploads\/2021\/12\/S85.WH_elenco-prodotti-1.jpg\",\"contentUrl\":\"https:\/\/www.sunroom.it\/wp-content\/uploads\/2021\/12\/S85.WH_elenco-prodotti-1.jpg\",\"width\":960,\"height\":760},{\"@type\":\"BreadcrumbList\",\"@id\":\"https:\/\/www.sunroom.it\/it\/produkte\/s85-hw\/#breadcrumb\",\"itemListElement\":[{\"@type\":\"ListItem\",\"position\":1,\"name\":\"Home\",\"item\":\"https:\/\/www.sunroom.it\/de\/\"},{\"@type\":\"ListItem\",\"position\":2,\"name\":\"Shop\",\"item\":\"https:\/\/www.sunroom.it\/de\/shop\/\"},{\"@type\":\"ListItem\",\"position\":3,\"name\":\"S.85 HW\"}]},{\"@type\":\"WebSite\",\"@id\":\"https:\/\/www.sunroom.it\/it\/#website\",\"url\":\"https:\/\/www.sunroom.it\/it\/\",\"name\":\"Sunroom\",\"description\":\"Sunroom\",\"publisher\":{\"@id\":\"https:\/\/www.sunroom.it\/it\/#organization\"},\"potentialAction\":[{\"@type\":\"SearchAction\",\"target\":{\"@type\":\"EntryPoint\",\"urlTemplate\":\"https:\/\/www.sunroom.it\/it\/?s={search_term_string}\"},\"query-input\":{\"@type\":\"PropertyValueSpecification\",\"valueRequired\":true,\"valueName\":\"search_term_string\"}}],\"inLanguage\":\"de\"},{\"@type\":\"Organization\",\"@id\":\"https:\/\/www.sunroom.it\/it\/#organization\",\"name\":\"Sunroom\",\"url\":\"https:\/\/www.sunroom.it\/it\/\",\"logo\":{\"@type\":\"ImageObject\",\"inLanguage\":\"de\",\"@id\":\"https:\/\/www.sunroom.it\/it\/#\/schema\/logo\/image\/\",\"url\":\"https:\/\/www.sunroom.it\/wp-content\/uploads\/2021\/07\/sunroom_260x70px.png\",\"contentUrl\":\"https:\/\/www.sunroom.it\/wp-content\/uploads\/2021\/07\/sunroom_260x70px.png\",\"width\":260,\"height\":70,\"caption\":\"Sunroom\"},\"image\":{\"@id\":\"https:\/\/www.sunroom.it\/it\/#\/schema\/logo\/image\/\"}}]}<\/script>\n<!-- \/ Yoast SEO plugin. -->","yoast_head_json":{"title":"S.85 HW - Sunroom","robots":{"index":"index","follow":"follow","max-snippet":"max-snippet:-1","max-image-preview":"max-image-preview:large","max-video-preview":"max-video-preview:-1"},"canonical":"https:\/\/www.sunroom.it\/it\/produkte\/s85-hw\/","og_locale":"de_DE","og_type":"article","og_title":"S.85 HW - Sunroom","og_description":"Serie Fenster Rahmen 85 mm &#8211; Fl\u00fcgel 95 mm Scheibe bis 58 mm W\u00c4RMED\u00c4MMUNG* UF &#8211; 0,99 W\/m2K UG &#8211; 0,5 &#8211; Psi 0,031 UW &#8211; 0,72 W\/m2K *Optionale W\u00e4rmed\u00e4mmung S.85 HW\u00a0ist das leistungsst\u00e4rkste und innovativste System. Durch die gro\u00dfe Tiefe der Profile ist auch die Statik dieses System signifikant h\u00f6her, sodass auch die Ausf\u00fchrungLeggi di pi\u00f9","og_url":"https:\/\/www.sunroom.it\/it\/produkte\/s85-hw\/","og_site_name":"Sunroom","article_modified_time":"2023-08-07T09:07:16+00:00","og_image":[{"width":960,"height":760,"url":"https:\/\/www.sunroom.it\/wp-content\/uploads\/2021\/12\/S85.WH_elenco-prodotti-1.jpg","type":"image\/jpeg"}],"twitter_card":"summary_large_image","twitter_misc":{"Gesch\u00e4tzte Lesezeit":"1\u00a0Minute"},"schema":{"@context":"https:\/\/schema.org","@graph":[{"@type":"WebPage","@id":"https:\/\/www.sunroom.it\/it\/produkte\/s85-hw\/","url":"https:\/\/www.sunroom.it\/it\/produkte\/s85-hw\/","name":"S.85 HW - Sunroom","isPartOf":{"@id":"https:\/\/www.sunroom.it\/it\/#website"},"primaryImageOfPage":{"@id":"https:\/\/www.sunroom.it\/it\/produkte\/s85-hw\/#primaryimage"},"image":{"@id":"https:\/\/www.sunroom.it\/it\/produkte\/s85-hw\/#primaryimage"},"thumbnailUrl":"https:\/\/www.sunroom.it\/wp-content\/uploads\/2021\/12\/S85.WH_elenco-prodotti-1.jpg","datePublished":"2021-12-16T16:24:12+00:00","dateModified":"2023-08-07T09:07:16+00:00","breadcrumb":{"@id":"https:\/\/www.sunroom.it\/it\/produkte\/s85-hw\/#breadcrumb"},"inLanguage":"de","potentialAction":[{"@type":"ReadAction","target":["https:\/\/www.sunroom.it\/it\/produkte\/s85-hw\/"]}]},{"@type":"ImageObject","inLanguage":"de","@id":"https:\/\/www.sunroom.it\/it\/produkte\/s85-hw\/#primaryimage","url":"https:\/\/www.sunroom.it\/wp-content\/uploads\/2021\/12\/S85.WH_elenco-prodotti-1.jpg","contentUrl":"https:\/\/www.sunroom.it\/wp-content\/uploads\/2021\/12\/S85.WH_elenco-prodotti-1.jpg","width":960,"height":760},{"@type":"BreadcrumbList","@id":"https:\/\/www.sunroom.it\/it\/produkte\/s85-hw\/#breadcrumb","itemListElement":[{"@type":"ListItem","position":1,"name":"Home","item":"https:\/\/www.sunroom.it\/de\/"},{"@type":"ListItem","position":2,"name":"Shop","item":"https:\/\/www.sunroom.it\/de\/shop\/"},{"@type":"ListItem","position":3,"name":"S.85 HW"}]},{"@type":"WebSite","@id":"https:\/\/www.sunroom.it\/it\/#website","url":"https:\/\/www.sunroom.it\/it\/","name":"Sunroom","description":"Sunroom","publisher":{"@id":"https:\/\/www.sunroom.it\/it\/#organization"},"potentialAction":[{"@type":"SearchAction","target":{"@type":"EntryPoint","urlTemplate":"https:\/\/www.sunroom.it\/it\/?s={search_term_string}"},"query-input":{"@type":"PropertyValueSpecification","valueRequired":true,"valueName":"search_term_string"}}],"inLanguage":"de"},{"@type":"Organization","@id":"https:\/\/www.sunroom.it\/it\/#organization","name":"Sunroom","url":"https:\/\/www.sunroom.it\/it\/","logo":{"@type":"ImageObject","inLanguage":"de","@id":"https:\/\/www.sunroom.it\/it\/#\/schema\/logo\/image\/","url":"https:\/\/www.sunroom.it\/wp-content\/uploads\/2021\/07\/sunroom_260x70px.png","contentUrl":"https:\/\/www.sunroom.it\/wp-content\/uploads\/2021\/07\/sunroom_260x70px.png","width":260,"height":70,"caption":"Sunroom"},"image":{"@id":"https:\/\/www.sunroom.it\/it\/#\/schema\/logo\/image\/"}}]}},"_links":{"self":[{"href":"https:\/\/www.sunroom.it\/de\/wp-json\/wp\/v2\/product\/10494","targetHints":{"allow":["GET"]}}],"collection":[{"href":"https:\/\/www.sunroom.it\/de\/wp-json\/wp\/v2\/product"}],"about":[{"href":"https:\/\/www.sunroom.it\/de\/wp-json\/wp\/v2\/types\/product"}],"replies":[{"embeddable":true,"href":"https:\/\/www.sunroom.it\/de\/wp-json\/wp\/v2\/comments?post=10494"}],"wp:featuredmedia":[{"embeddable":true,"href":"https:\/\/www.sunroom.it\/de\/wp-json\/wp\/v2\/media\/9994"}],"wp:attachment":[{"href":"https:\/\/www.sunroom.it\/de\/wp-json\/wp\/v2\/media?parent=10494"}],"wp:term":[{"taxonomy":"product_brand","embeddable":true,"href":"https:\/\/www.sunroom.it\/de\/wp-json\/wp\/v2\/product_brand?post=10494"},{"taxonomy":"product_cat","embeddable":true,"href":"https:\/\/www.sunroom.it\/de\/wp-json\/wp\/v2\/product_cat?post=10494"},{"taxonomy":"product_tag","embeddable":true,"href":"https:\/\/www.sunroom.it\/de\/wp-json\/wp\/v2\/product_tag?post=10494"}],"curies":[{"name":"wp","href":"https:\/\/api.w.org\/{rel}","templated":true}]}}