{"id":4589,"date":"2020-06-12T15:00:22","date_gmt":"2020-06-12T13:00:22","guid":{"rendered":"https:\/\/www.sunroom.it\/progetta-con-sunroom\/"},"modified":"2020-11-09T09:37:18","modified_gmt":"2020-11-09T08:37:18","slug":"mit-sunroom-planen","status":"publish","type":"page","link":"https:\/\/www.sunroom.it\/de\/mit-sunroom-planen\/","title":{"rendered":"Mit sunroom planen"},"content":{"rendered":"\n<div class=\"wp-block-atomic-blocks-ab-container page-header-block ab-block-container\"><div class=\"ab-container-inside\"><div class=\"ab-container-content\">\n<div class=\"wp-block-columns is-layout-flex wp-container-core-columns-is-layout-9d6595d7 wp-block-columns-is-layout-flex\">\n<div class=\"wp-block-column is-layout-flow wp-block-column-is-layout-flow\">\n<p>Alle Produkte Sunroom werden <strong>von unserem Team geplant<\/strong>, damit Sie Ihrer Kreativit\u00e4t freien Lauf lassen k\u00f6nnen. Das breit gef\u00e4cherte Angebot wird von unseren Experten gestaltet, die den Fachmann vom Entwurf bis zum endg\u00fcltigen Produkt unterst\u00fctzen. Seit \u00fcber 50 Jahren entwickeln wir die beste L\u00f6sung f\u00fcr jede neue Idee und sind immer bereit, unsere <strong>Konstruktionsverfahren kundenspezifisch anzupassen<\/strong>, um alle Anforderungen der Kunden zufrieden zu stellen.<\/p>\n\n\n\n<p><\/p>\n<\/div>\n\n\n\n<div class=\"wp-block-column is-layout-flow wp-block-column-is-layout-flow\">\n  <div class=\"login-form\"><div class=\"login-form-intro\"><h3>Anmelden <\/h3><\/div><div class=\"login-form-content\"><form name=\"loginform\" id=\"loginform\" action=\"https:\/\/www.sunroom.it\/wp-login.php\" method=\"post\"><p class=\"login-username\">\n\t\t\t\t<label for=\"user_login\">Benutzername oder E-Mail-Adresse<\/label>\n\t\t\t\t<input type=\"text\" name=\"log\" id=\"user_login\" autocomplete=\"username\" class=\"input\" value=\"\" size=\"20\" \/>\n\t\t\t<\/p><p class=\"login-password\">\n\t\t\t\t<label for=\"user_pass\">Passwort<\/label>\n\t\t\t\t<input type=\"password\" name=\"pwd\" id=\"user_pass\" autocomplete=\"current-password\" spellcheck=\"false\" class=\"input\" value=\"\" size=\"20\" \/>\n\t\t\t<\/p><p class=\"login-remember\"><label><input name=\"rememberme\" type=\"checkbox\" id=\"rememberme\" value=\"forever\" \/> Angemeldet bleiben<\/label><\/p><p class=\"login-submit\">\n\t\t\t\t<input type=\"submit\" name=\"wp-submit\" id=\"wp-submit\" class=\"button button-primary\" value=\"Anmelden\" \/>\n\t\t\t\t<input type=\"hidden\" name=\"redirect_to\" value=\"https:\/\/www.sunroom.it\/de\/wp-json\/wp\/v2\/pages\/4589\" \/>\n\t\t\t<\/p><\/form>  <\/div>\n            <\/div>\n          \n<\/div>\n<\/div>\n<\/div><\/div><\/div>\n\n\n\n<div class=\"wp-block-atomic-blocks-ab-container full background ab-block-container\"><div class=\"ab-container-inside\"><div class=\"ab-container-content\">\n<div class=\"wp-block-atomic-blocks-ab-columns ab-layout-columns-2 ab-2-col-equal\"><div class=\"ab-layout-column-wrap ab-block-layout-column-gap-2 ab-is-responsive-column\">\n<div class=\"wp-block-atomic-blocks-ab-column ab-block-layout-column\"><div class=\"ab-block-layout-column-inner\">\n<h3 class=\"titolo-left wp-block-heading\">LASSEN SIE IHRER KREATIVIT\u00c4T FREIEN LAUF MIT DEN KOLLEKTIONEN SUNROOM:<\/h3>\n\n\n\n<div class=\"wp-block-atomic-blocks-ab-columns icon ab-layout-columns-2 ab-2-col-wideright\"><div class=\"ab-layout-column-wrap ab-block-layout-column-gap-2 ab-is-responsive-column\">\n<div class=\"wp-block-atomic-blocks-ab-column ab-block-layout-column\"><div class=\"ab-block-layout-column-inner\">\n<figure class=\"wp-block-image size-large\"><img loading=\"lazy\" decoding=\"async\" width=\"168\" height=\"168\" src=\"https:\/\/www.sunroom.it\/wp-content\/uploads\/2020\/09\/icone-progettisti1b.png\" alt=\"\" class=\"wp-image-3312\" srcset=\"https:\/\/www.sunroom.it\/wp-content\/uploads\/2020\/09\/icone-progettisti1b.png 168w, https:\/\/www.sunroom.it\/wp-content\/uploads\/2020\/09\/icone-progettisti1b-150x150.png 150w, https:\/\/www.sunroom.it\/wp-content\/uploads\/2020\/09\/icone-progettisti1b-24x24.png 24w, https:\/\/www.sunroom.it\/wp-content\/uploads\/2020\/09\/icone-progettisti1b-36x36.png 36w, https:\/\/www.sunroom.it\/wp-content\/uploads\/2020\/09\/icone-progettisti1b-48x48.png 48w, https:\/\/www.sunroom.it\/wp-content\/uploads\/2020\/09\/icone-progettisti1b-100x100.png 100w\" sizes=\"auto, (max-width: 168px) 100vw, 168px\" \/><\/figure>\n<\/div><\/div>\n\n\n\n<div class=\"wp-block-atomic-blocks-ab-column ab-block-layout-column\"><div class=\"ab-block-layout-column-inner\">\n<p><strong>TECHNISCHER SUPPORT<\/strong> &gt; Kostenlose Beratung durch unser Team aus qualifizierten Technikern, das nicht nur alle unsere Produkte entwickelt, sondern den Fachmann bei der Planung und Umsetzung der einzelnen Projekte konkret unterst\u00fctzt.<\/p>\n<\/div><\/div>\n<\/div><\/div>\n\n\n\n<div class=\"wp-block-atomic-blocks-ab-columns icon ab-layout-columns-2 ab-2-col-wideright\"><div class=\"ab-layout-column-wrap ab-block-layout-column-gap-2 ab-is-responsive-column\">\n<div class=\"wp-block-atomic-blocks-ab-column ab-block-layout-column\"><div class=\"ab-block-layout-column-inner\">\n<figure class=\"wp-block-image size-large\"><img loading=\"lazy\" decoding=\"async\" width=\"168\" height=\"168\" src=\"https:\/\/www.sunroom.it\/wp-content\/uploads\/2020\/09\/icone-progettisti2b.png\" alt=\"\" class=\"wp-image-3307\" srcset=\"https:\/\/www.sunroom.it\/wp-content\/uploads\/2020\/09\/icone-progettisti2b.png 168w, https:\/\/www.sunroom.it\/wp-content\/uploads\/2020\/09\/icone-progettisti2b-150x150.png 150w, https:\/\/www.sunroom.it\/wp-content\/uploads\/2020\/09\/icone-progettisti2b-24x24.png 24w, https:\/\/www.sunroom.it\/wp-content\/uploads\/2020\/09\/icone-progettisti2b-36x36.png 36w, https:\/\/www.sunroom.it\/wp-content\/uploads\/2020\/09\/icone-progettisti2b-48x48.png 48w, https:\/\/www.sunroom.it\/wp-content\/uploads\/2020\/09\/icone-progettisti2b-100x100.png 100w\" sizes=\"auto, (max-width: 168px) 100vw, 168px\" \/><\/figure>\n<\/div><\/div>\n\n\n\n<div class=\"wp-block-atomic-blocks-ab-column ab-block-layout-column\"><div class=\"ab-block-layout-column-inner\">\n<p><strong>L\u00d6SUNGEN NACH MA\u00df <\/strong>&gt; Wir haben es uns zur Aufgabe gemacht, dem Projektplaner bei der Wahl der L\u00f6sung beratend zur Seite zu stehen, die f\u00fcr sein Projekt am besten geeignet ist! Wir verwenden die beste Planungssoftware, pr\u00fcfen gemeinsam mit dem Projektplaner die Details und eventuelle kritische Punkte des Projekts und ber\u00fccksichtigen dabei alle Themen, die im Hinblick auf den Umweltschutz und die Energieersparnis relevant sind.<\/p>\n<\/div><\/div>\n<\/div><\/div>\n\n\n\n<div class=\"wp-block-atomic-blocks-ab-columns icon ab-layout-columns-2 ab-2-col-wideright\"><div class=\"ab-layout-column-wrap ab-block-layout-column-gap-2 ab-is-responsive-column\">\n<div class=\"wp-block-atomic-blocks-ab-column ab-block-layout-column\"><div class=\"ab-block-layout-column-inner\">\n<figure class=\"wp-block-image size-large\"><img loading=\"lazy\" decoding=\"async\" width=\"168\" height=\"168\" src=\"https:\/\/www.sunroom.it\/wp-content\/uploads\/2020\/09\/icone-progettisti3b.png\" alt=\"\" class=\"wp-image-3339\" srcset=\"https:\/\/www.sunroom.it\/wp-content\/uploads\/2020\/09\/icone-progettisti3b.png 168w, https:\/\/www.sunroom.it\/wp-content\/uploads\/2020\/09\/icone-progettisti3b-150x150.png 150w, https:\/\/www.sunroom.it\/wp-content\/uploads\/2020\/09\/icone-progettisti3b-24x24.png 24w, https:\/\/www.sunroom.it\/wp-content\/uploads\/2020\/09\/icone-progettisti3b-36x36.png 36w, https:\/\/www.sunroom.it\/wp-content\/uploads\/2020\/09\/icone-progettisti3b-48x48.png 48w, https:\/\/www.sunroom.it\/wp-content\/uploads\/2020\/09\/icone-progettisti3b-100x100.png 100w\" sizes=\"auto, (max-width: 168px) 100vw, 168px\" \/><\/figure>\n<\/div><\/div>\n\n\n\n<div class=\"wp-block-atomic-blocks-ab-column ab-block-layout-column\"><div class=\"ab-block-layout-column-inner\">\n<p><strong>2D- und 3D-MODELLIERUNGEN<\/strong> &gt; In Ihrem PASSWORTGESCH\u00dcTZTEN BEREICH haben Sie Zugriff auf die 2D- und 3D-Dateien unserer Produkte, die Ihnen die Planung erleichtern.<\/p>\n<\/div><\/div>\n<\/div><\/div>\n\n\n\n<div class=\"wp-block-atomic-blocks-ab-columns icon ab-layout-columns-2 ab-2-col-wideright\"><div class=\"ab-layout-column-wrap ab-block-layout-column-gap-2 ab-is-responsive-column\">\n<div class=\"wp-block-atomic-blocks-ab-column ab-block-layout-column\"><div class=\"ab-block-layout-column-inner\">\n<figure class=\"wp-block-image size-large\"><img loading=\"lazy\" decoding=\"async\" width=\"168\" height=\"168\" src=\"https:\/\/www.sunroom.it\/wp-content\/uploads\/2020\/09\/icone-progettisti4b.png\" alt=\"\" class=\"wp-image-3344\" srcset=\"https:\/\/www.sunroom.it\/wp-content\/uploads\/2020\/09\/icone-progettisti4b.png 168w, https:\/\/www.sunroom.it\/wp-content\/uploads\/2020\/09\/icone-progettisti4b-150x150.png 150w, https:\/\/www.sunroom.it\/wp-content\/uploads\/2020\/09\/icone-progettisti4b-24x24.png 24w, https:\/\/www.sunroom.it\/wp-content\/uploads\/2020\/09\/icone-progettisti4b-36x36.png 36w, https:\/\/www.sunroom.it\/wp-content\/uploads\/2020\/09\/icone-progettisti4b-48x48.png 48w, https:\/\/www.sunroom.it\/wp-content\/uploads\/2020\/09\/icone-progettisti4b-100x100.png 100w\" sizes=\"auto, (max-width: 168px) 100vw, 168px\" \/><\/figure>\n<\/div><\/div>\n\n\n\n<div class=\"wp-block-atomic-blocks-ab-column ab-block-layout-column\"><div class=\"ab-block-layout-column-inner\">\n<p><strong>NATIONALE UND INTERNATIONALE PARTNER<\/strong> &gt; Unser engmaschiges Netz aus H\u00e4ndlern und Installateuren in Italien und im Ausland, die sich hervorragend mit dem Gebiet, den vor Ort geltenden Gesetzen und Bestimmungen und allen Besonderheiten auskennen, die beachtet werden m\u00fcssen, unterst\u00fctzt die Projektplaner gerne auf Anfrage bei ihren Projekten.<\/p>\n<\/div><\/div>\n<\/div><\/div>\n<\/div><\/div>\n\n\n\n<div class=\"wp-block-atomic-blocks-ab-column ab-block-layout-column\"><div class=\"ab-block-layout-column-inner ab-has-custom-background-color\" style=\"background-color:#ffffff\">\n<h3 class=\"wp-block-heading\">Registrieren<\/h3>\n\n\n\n\n<div class=\"wpcf7 no-js\" id=\"wpcf7-f7241-o1\" lang=\"de-DE\" dir=\"ltr\" data-wpcf7-id=\"7241\">\n<div class=\"screen-reader-response\"><p role=\"status\" aria-live=\"polite\" aria-atomic=\"true\"><\/p> <ul><\/ul><\/div>\n<form action=\"\/de\/wp-json\/wp\/v2\/pages\/4589#wpcf7-f7241-o1\" method=\"post\" class=\"wpcf7-form init\" aria-label=\"Kontaktformular\" novalidate=\"novalidate\" data-status=\"init\">\n<fieldset class=\"hidden-fields-container\"><input type=\"hidden\" name=\"_wpcf7\" value=\"7241\" \/><input type=\"hidden\" name=\"_wpcf7_version\" value=\"6.1.4\" \/><input type=\"hidden\" name=\"_wpcf7_locale\" value=\"de_DE\" \/><input type=\"hidden\" name=\"_wpcf7_unit_tag\" value=\"wpcf7-f7241-o1\" \/><input type=\"hidden\" name=\"_wpcf7_container_post\" value=\"0\" \/><input type=\"hidden\" name=\"_wpcf7_posted_data_hash\" value=\"\" \/><input type=\"hidden\" name=\"_wpcf7dtx_version\" value=\"5.0.5\" \/><input type=\"hidden\" name=\"_wpcf7_recaptcha_response\" value=\"\" \/>\n<\/fieldset>\n<div class=\"fields\">\n\t<p><span class=\"wpcf7-form-control-wrap\" data-name=\"your-name\"><input size=\"40\" maxlength=\"400\" class=\"wpcf7-form-control wpcf7-text wpcf7-validates-as-required\" aria-required=\"true\" aria-invalid=\"false\" placeholder=\"Vorname und nachname*\" value=\"\" type=\"text\" name=\"your-name\" \/><\/span><br \/>\n<span class=\"wpcf7-form-control-wrap\" data-name=\"azienda\"><input size=\"40\" maxlength=\"400\" class=\"wpcf7-form-control wpcf7-text wpcf7-validates-as-required\" aria-required=\"true\" aria-invalid=\"false\" placeholder=\"Unternehmen*\" value=\"\" type=\"text\" name=\"azienda\" \/><\/span><br \/>\n<span class=\"wpcf7-form-control-wrap\" data-name=\"piva\"><input size=\"40\" maxlength=\"400\" class=\"wpcf7-form-control wpcf7-text wpcf7-validates-as-required\" aria-required=\"true\" aria-invalid=\"false\" placeholder=\"USt-IdNr*\" value=\"\" type=\"text\" name=\"piva\" \/><\/span><br \/>\n<span class=\"wpcf7-form-control-wrap\" data-name=\"indirizzo\"><input size=\"40\" maxlength=\"400\" class=\"wpcf7-form-control wpcf7-text wpcf7-validates-as-required\" aria-required=\"true\" aria-invalid=\"false\" placeholder=\"Strasse*\" value=\"\" type=\"text\" name=\"indirizzo\" \/><\/span><br \/>\n<span class=\"wpcf7-form-control-wrap\" data-name=\"citta\"><input size=\"40\" maxlength=\"400\" class=\"wpcf7-form-control wpcf7-text wpcf7-validates-as-required\" aria-required=\"true\" aria-invalid=\"false\" placeholder=\"Ort*\" value=\"\" type=\"text\" name=\"citta\" \/><\/span><br \/>\n<span class=\"wpcf7-form-control-wrap\" data-name=\"Provincia\"><input size=\"40\" maxlength=\"400\" class=\"wpcf7-form-control wpcf7-text wpcf7-validates-as-required\" aria-required=\"true\" aria-invalid=\"false\" placeholder=\"Provinz*\" value=\"\" type=\"text\" name=\"Provincia\" \/><\/span><br \/>\n<span class=\"wpcf7-form-control-wrap\" data-name=\"cap\"><input size=\"40\" maxlength=\"400\" class=\"wpcf7-form-control wpcf7-text wpcf7-validates-as-required\" aria-required=\"true\" aria-invalid=\"false\" placeholder=\"PLZ*\" value=\"\" type=\"text\" name=\"cap\" \/><\/span><br \/>\n<span class=\"wpcf7-form-control-wrap\" data-name=\"nazione\"><input size=\"40\" maxlength=\"400\" class=\"wpcf7-form-control wpcf7-text wpcf7-validates-as-required\" aria-required=\"true\" aria-invalid=\"false\" placeholder=\"Land*\" value=\"\" type=\"text\" name=\"nazione\" \/><\/span><br \/>\n<span class=\"wpcf7-form-control-wrap\" data-name=\"telefono\"><input size=\"40\" maxlength=\"400\" class=\"wpcf7-form-control wpcf7-text wpcf7-validates-as-required\" aria-required=\"true\" aria-invalid=\"false\" placeholder=\"Telefon*\" value=\"\" type=\"text\" name=\"telefono\" \/><\/span><br \/>\n<span class=\"wpcf7-form-control-wrap\" data-name=\"your-email\"><input size=\"40\" maxlength=\"400\" class=\"wpcf7-form-control wpcf7-email wpcf7-validates-as-required wpcf7-text wpcf7-validates-as-email\" aria-required=\"true\" aria-invalid=\"false\" placeholder=\"Ihre e-mail*\" value=\"\" type=\"email\" name=\"your-email\" \/><\/span><br \/>\n<span class=\"wpcf7-form-control-wrap\" data-name=\"tipologia\"><select class=\"wpcf7-form-control wpcf7-select wpcf7-validates-as-required\" aria-required=\"true\" aria-invalid=\"false\" name=\"tipologia\"><option value=\"\">Typologie*<\/option><option value=\"H\u00e4ndler\">H\u00e4ndler<\/option><option value=\"Designer\">Designer<\/option><\/select><\/span>\n\t<\/p>\n<\/div>\n<p><span class=\"wpcf7-form-control-wrap\" data-name=\"your-message\"><textarea cols=\"40\" rows=\"10\" maxlength=\"2000\" class=\"wpcf7-form-control wpcf7-textarea\" aria-invalid=\"false\" placeholder=\"Ihre nachricht\" name=\"your-message\"><\/textarea><\/span><br \/>\n<span class=\"wpcf7-form-control-wrap\" data-name=\"acceptance-51\"><span class=\"wpcf7-form-control wpcf7-acceptance\"><span class=\"wpcf7-list-item\"><label><input type=\"checkbox\" name=\"acceptance-51\" value=\"1\" aria-invalid=\"false\" \/><span class=\"wpcf7-list-item-label\">Ich genehmige die Verarbeitung meiner personenbezogenen Daten gem\u00e4\u00df dem Gesetzesdekret 196 vom 30. Juni 2003 und Art. 13 Reg (UE) 2016\/679- <a href=\"privacy-policy\/\">Privacy policy<\/a><\/span><\/label><\/span><\/span><\/span><br \/>\n<input class=\"wpcf7-form-control wpcf7-submit has-spinner\" type=\"submit\" value=\"Senden\" \/>\n<\/p><div class=\"wpcf7-response-output\" aria-hidden=\"true\"><\/div>\n<\/form>\n<\/div>\n\n<\/div><\/div>\n<\/div><\/div>\n\n\n\n<p><\/p>\n<\/div><\/div><\/div>\n\n\n\n<div class=\"wp-block-atomic-blocks-ab-container full background bg-image-progetta ab-block-container\"><div class=\"ab-container-inside\"><div class=\"ab-container-content\">\n<div class=\"wp-block-columns is-layout-flex wp-container-core-columns-is-layout-9d6595d7 wp-block-columns-is-layout-flex\">\n<div class=\"wp-block-column is-layout-flow wp-block-column-is-layout-flow\" style=\"flex-basis:33.33%\">  <div class=\"login-form\"><div class=\"login-form-intro\"><h3>Mit sunroom planen<\/h3><\/div><div class=\"login-form-content\"><form name=\"loginform\" id=\"loginform\" action=\"https:\/\/www.sunroom.it\/wp-login.php\" method=\"post\"><p class=\"login-username\">\n\t\t\t\t<label for=\"user_login\">Benutzername oder E-Mail-Adresse<\/label>\n\t\t\t\t<input type=\"text\" name=\"log\" id=\"user_login\" autocomplete=\"username\" class=\"input\" value=\"\" size=\"20\" \/>\n\t\t\t<\/p><p class=\"login-password\">\n\t\t\t\t<label for=\"user_pass\">Passwort<\/label>\n\t\t\t\t<input type=\"password\" name=\"pwd\" id=\"user_pass\" autocomplete=\"current-password\" spellcheck=\"false\" class=\"input\" value=\"\" size=\"20\" \/>\n\t\t\t<\/p><p class=\"login-remember\"><label><input name=\"rememberme\" type=\"checkbox\" id=\"rememberme\" value=\"forever\" \/> Angemeldet bleiben<\/label><\/p><p class=\"login-submit\">\n\t\t\t\t<input type=\"submit\" name=\"wp-submit\" id=\"wp-submit\" class=\"button button-primary\" value=\"Anmelden\" \/>\n\t\t\t\t<input type=\"hidden\" name=\"redirect_to\" value=\"https:\/\/www.sunroom.it\/de\/wp-json\/wp\/v2\/pages\/4589\" \/>\n\t\t\t<\/p><\/form>  <\/div>\n            <\/div>\n          \n<\/div>\n\n\n\n<div class=\"wp-block-column is-layout-flow wp-block-column-is-layout-flow\" style=\"flex-basis:66.66%\"><\/div>\n<\/div>\n<\/div><\/div><\/div>\n","protected":false},"excerpt":{"rendered":"","protected":false},"author":1,"featured_media":0,"parent":0,"menu_order":0,"comment_status":"closed","ping_status":"closed","template":"","meta":{"_acf_changed":false,"footnotes":""},"class_list":["post-4589","page","type-page","status-publish","hentry"],"acf":[],"yoast_head":"<!-- This site is optimized with the Yoast SEO plugin v27.1 - https:\/\/yoast.com\/product\/yoast-seo-wordpress\/ -->\n<title>Mit sunroom planen - Sunroom<\/title>\n<meta name=\"robots\" content=\"index, follow, max-snippet:-1, max-image-preview:large, max-video-preview:-1\" \/>\n<link rel=\"canonical\" href=\"https:\/\/www.sunroom.it\/de\/mit-sunroom-planen\/\" \/>\n<meta property=\"og:locale\" content=\"de_DE\" \/>\n<meta property=\"og:type\" content=\"article\" \/>\n<meta property=\"og:title\" content=\"Mit sunroom planen - Sunroom\" \/>\n<meta property=\"og:url\" content=\"https:\/\/www.sunroom.it\/de\/mit-sunroom-planen\/\" \/>\n<meta property=\"og:site_name\" content=\"Sunroom\" \/>\n<meta property=\"article:modified_time\" content=\"2020-11-09T08:37:18+00:00\" \/>\n<meta property=\"og:image\" content=\"https:\/\/www.sunroom.it\/wp-content\/uploads\/2020\/09\/icone-progettisti1b.png\" \/>\n<meta name=\"twitter:card\" content=\"summary_large_image\" \/>\n<meta name=\"twitter:label1\" content=\"Gesch\u00e4tzte Lesezeit\" \/>\n\t<meta name=\"twitter:data1\" content=\"1\u00a0Minute\" \/>\n<script type=\"application\/ld+json\" class=\"yoast-schema-graph\">{\"@context\":\"https:\/\/schema.org\",\"@graph\":[{\"@type\":\"WebPage\",\"@id\":\"https:\/\/www.sunroom.it\/de\/mit-sunroom-planen\/\",\"url\":\"https:\/\/www.sunroom.it\/de\/mit-sunroom-planen\/\",\"name\":\"Mit sunroom planen - Sunroom\",\"isPartOf\":{\"@id\":\"https:\/\/www.sunroom.it\/it\/#website\"},\"primaryImageOfPage\":{\"@id\":\"https:\/\/www.sunroom.it\/de\/mit-sunroom-planen\/#primaryimage\"},\"image\":{\"@id\":\"https:\/\/www.sunroom.it\/de\/mit-sunroom-planen\/#primaryimage\"},\"thumbnailUrl\":\"https:\/\/www.sunroom.it\/wp-content\/uploads\/2020\/09\/icone-progettisti1b.png\",\"datePublished\":\"2020-06-12T13:00:22+00:00\",\"dateModified\":\"2020-11-09T08:37:18+00:00\",\"breadcrumb\":{\"@id\":\"https:\/\/www.sunroom.it\/de\/mit-sunroom-planen\/#breadcrumb\"},\"inLanguage\":\"de\",\"potentialAction\":[{\"@type\":\"ReadAction\",\"target\":[\"https:\/\/www.sunroom.it\/de\/mit-sunroom-planen\/\"]}]},{\"@type\":\"ImageObject\",\"inLanguage\":\"de\",\"@id\":\"https:\/\/www.sunroom.it\/de\/mit-sunroom-planen\/#primaryimage\",\"url\":\"https:\/\/www.sunroom.it\/wp-content\/uploads\/2020\/09\/icone-progettisti1b.png\",\"contentUrl\":\"https:\/\/www.sunroom.it\/wp-content\/uploads\/2020\/09\/icone-progettisti1b.png\"},{\"@type\":\"BreadcrumbList\",\"@id\":\"https:\/\/www.sunroom.it\/de\/mit-sunroom-planen\/#breadcrumb\",\"itemListElement\":[{\"@type\":\"ListItem\",\"position\":1,\"name\":\"Home\",\"item\":\"https:\/\/www.sunroom.it\/de\/\"},{\"@type\":\"ListItem\",\"position\":2,\"name\":\"Mit sunroom planen\"}]},{\"@type\":\"WebSite\",\"@id\":\"https:\/\/www.sunroom.it\/it\/#website\",\"url\":\"https:\/\/www.sunroom.it\/it\/\",\"name\":\"Sunroom\",\"description\":\"Sunroom\",\"publisher\":{\"@id\":\"https:\/\/www.sunroom.it\/it\/#organization\"},\"potentialAction\":[{\"@type\":\"SearchAction\",\"target\":{\"@type\":\"EntryPoint\",\"urlTemplate\":\"https:\/\/www.sunroom.it\/it\/?s={search_term_string}\"},\"query-input\":{\"@type\":\"PropertyValueSpecification\",\"valueRequired\":true,\"valueName\":\"search_term_string\"}}],\"inLanguage\":\"de\"},{\"@type\":\"Organization\",\"@id\":\"https:\/\/www.sunroom.it\/it\/#organization\",\"name\":\"Sunroom\",\"url\":\"https:\/\/www.sunroom.it\/it\/\",\"logo\":{\"@type\":\"ImageObject\",\"inLanguage\":\"de\",\"@id\":\"https:\/\/www.sunroom.it\/it\/#\/schema\/logo\/image\/\",\"url\":\"https:\/\/www.sunroom.it\/wp-content\/uploads\/2021\/07\/sunroom_260x70px.png\",\"contentUrl\":\"https:\/\/www.sunroom.it\/wp-content\/uploads\/2021\/07\/sunroom_260x70px.png\",\"width\":260,\"height\":70,\"caption\":\"Sunroom\"},\"image\":{\"@id\":\"https:\/\/www.sunroom.it\/it\/#\/schema\/logo\/image\/\"}}]}<\/script>\n<!-- \/ Yoast SEO plugin. -->","yoast_head_json":{"title":"Mit sunroom planen - Sunroom","robots":{"index":"index","follow":"follow","max-snippet":"max-snippet:-1","max-image-preview":"max-image-preview:large","max-video-preview":"max-video-preview:-1"},"canonical":"https:\/\/www.sunroom.it\/de\/mit-sunroom-planen\/","og_locale":"de_DE","og_type":"article","og_title":"Mit sunroom planen - Sunroom","og_url":"https:\/\/www.sunroom.it\/de\/mit-sunroom-planen\/","og_site_name":"Sunroom","article_modified_time":"2020-11-09T08:37:18+00:00","og_image":[{"url":"https:\/\/www.sunroom.it\/wp-content\/uploads\/2020\/09\/icone-progettisti1b.png","type":"","width":"","height":""}],"twitter_card":"summary_large_image","twitter_misc":{"Gesch\u00e4tzte Lesezeit":"1\u00a0Minute"},"schema":{"@context":"https:\/\/schema.org","@graph":[{"@type":"WebPage","@id":"https:\/\/www.sunroom.it\/de\/mit-sunroom-planen\/","url":"https:\/\/www.sunroom.it\/de\/mit-sunroom-planen\/","name":"Mit sunroom planen - Sunroom","isPartOf":{"@id":"https:\/\/www.sunroom.it\/it\/#website"},"primaryImageOfPage":{"@id":"https:\/\/www.sunroom.it\/de\/mit-sunroom-planen\/#primaryimage"},"image":{"@id":"https:\/\/www.sunroom.it\/de\/mit-sunroom-planen\/#primaryimage"},"thumbnailUrl":"https:\/\/www.sunroom.it\/wp-content\/uploads\/2020\/09\/icone-progettisti1b.png","datePublished":"2020-06-12T13:00:22+00:00","dateModified":"2020-11-09T08:37:18+00:00","breadcrumb":{"@id":"https:\/\/www.sunroom.it\/de\/mit-sunroom-planen\/#breadcrumb"},"inLanguage":"de","potentialAction":[{"@type":"ReadAction","target":["https:\/\/www.sunroom.it\/de\/mit-sunroom-planen\/"]}]},{"@type":"ImageObject","inLanguage":"de","@id":"https:\/\/www.sunroom.it\/de\/mit-sunroom-planen\/#primaryimage","url":"https:\/\/www.sunroom.it\/wp-content\/uploads\/2020\/09\/icone-progettisti1b.png","contentUrl":"https:\/\/www.sunroom.it\/wp-content\/uploads\/2020\/09\/icone-progettisti1b.png"},{"@type":"BreadcrumbList","@id":"https:\/\/www.sunroom.it\/de\/mit-sunroom-planen\/#breadcrumb","itemListElement":[{"@type":"ListItem","position":1,"name":"Home","item":"https:\/\/www.sunroom.it\/de\/"},{"@type":"ListItem","position":2,"name":"Mit sunroom planen"}]},{"@type":"WebSite","@id":"https:\/\/www.sunroom.it\/it\/#website","url":"https:\/\/www.sunroom.it\/it\/","name":"Sunroom","description":"Sunroom","publisher":{"@id":"https:\/\/www.sunroom.it\/it\/#organization"},"potentialAction":[{"@type":"SearchAction","target":{"@type":"EntryPoint","urlTemplate":"https:\/\/www.sunroom.it\/it\/?s={search_term_string}"},"query-input":{"@type":"PropertyValueSpecification","valueRequired":true,"valueName":"search_term_string"}}],"inLanguage":"de"},{"@type":"Organization","@id":"https:\/\/www.sunroom.it\/it\/#organization","name":"Sunroom","url":"https:\/\/www.sunroom.it\/it\/","logo":{"@type":"ImageObject","inLanguage":"de","@id":"https:\/\/www.sunroom.it\/it\/#\/schema\/logo\/image\/","url":"https:\/\/www.sunroom.it\/wp-content\/uploads\/2021\/07\/sunroom_260x70px.png","contentUrl":"https:\/\/www.sunroom.it\/wp-content\/uploads\/2021\/07\/sunroom_260x70px.png","width":260,"height":70,"caption":"Sunroom"},"image":{"@id":"https:\/\/www.sunroom.it\/it\/#\/schema\/logo\/image\/"}}]}},"featured_image_src":null,"featured_image_src_square":null,"_links":{"self":[{"href":"https:\/\/www.sunroom.it\/de\/wp-json\/wp\/v2\/pages\/4589","targetHints":{"allow":["GET"]}}],"collection":[{"href":"https:\/\/www.sunroom.it\/de\/wp-json\/wp\/v2\/pages"}],"about":[{"href":"https:\/\/www.sunroom.it\/de\/wp-json\/wp\/v2\/types\/page"}],"author":[{"embeddable":true,"href":"https:\/\/www.sunroom.it\/de\/wp-json\/wp\/v2\/users\/1"}],"replies":[{"embeddable":true,"href":"https:\/\/www.sunroom.it\/de\/wp-json\/wp\/v2\/comments?post=4589"}],"version-history":[{"count":4,"href":"https:\/\/www.sunroom.it\/de\/wp-json\/wp\/v2\/pages\/4589\/revisions"}],"predecessor-version":[{"id":10519,"href":"https:\/\/www.sunroom.it\/de\/wp-json\/wp\/v2\/pages\/4589\/revisions\/10519"}],"wp:attachment":[{"href":"https:\/\/www.sunroom.it\/de\/wp-json\/wp\/v2\/media?parent=4589"}],"curies":[{"name":"wp","href":"https:\/\/api.w.org\/{rel}","templated":true}]}}